{"id":13193,"date":"2025-03-29T15:31:24","date_gmt":"2025-03-29T22:31:24","guid":{"rendered":"https:\/\/beacheden.com\/new-summer-fashion-massage-mesh-bubble-bathroom-slides-home-indoor-anti-skid-shoes\/"},"modified":"2025-08-03T19:33:45","modified_gmt":"2025-08-04T02:33:45","slug":"nouveau-ete-fashion-massage-mesh-bubble-bathroom-slides-home-indoor-anti-skid-shoes","status":"publish","type":"product","link":"https:\/\/beacheden.com\/fr\/nouveau-ete-fashion-massage-mesh-bubble-bathroom-slides-home-indoor-anti-skid-shoes\/","title":{"rendered":"Nouvelle mode estivale Massage Mesh Bubble Bathroom Slides Home Indoor Anti-Skid Shoes"},"content":{"rendered":"<p> <b>Vue d'ensemble :<\/b> <\/p>\n<p> Bulle de personnalit\u00e9 : design, mode et attractivit\u00e9 des sandales. <br \/> Ce produit est non seulement respirant mais aussi antid\u00e9rapant. <br \/> Convient pour le printemps et l'\u00e9t\u00e9, tr\u00e8s confortable et doux. <br \/> Ce produit peut \u00eatre offert en cadeau \u00e0 votre famille. Ils seront tr\u00e8s heureux. <br \/> Fabriqu\u00e9 dans un mat\u00e9riau de haute qualit\u00e9, il est durable et a une longue dur\u00e9e de vie. Vous pouvez l'utiliser en toute s\u00e9curit\u00e9. <\/p>\n<p> <b>Sp\u00e9cification :<\/b> <\/p>\n<p> Mat\u00e9riau de la semelle : EVA <br \/> Sexe applicable : neutre\/masculin et f\u00e9minin <br \/> Fonction : massage, renforcement, r\u00e9sistance \u00e0 l'usure <br \/> Mati\u00e8re sup\u00e9rieure : EVA <br \/> Type de public concern\u00e9 : couples <\/p>\n<p> <\/p>\n<p> <b>Informations sur la taille :<\/b> <\/p>\n<table border=\"0\" width=\"100%\" cellpadding=\"0\" cellspacing=\"0\">\n<tbody>\n<tr>\n<th>Taille EUR<\/th>\n<th>\n<p> 35-36  <\/p>\n<\/th>\n<th>\n<p> 37-38  <\/p>\n<\/th>\n<th>\n<p> 39-40  <\/p>\n<\/th>\n<th>\n<p> 41-42  <\/p>\n<\/th>\n<th>43-44<\/th>\n<th>45-46<\/th>\n<th>47-48<\/th>\n<\/tr>\n<tr>\n<td>Taille US<\/td>\n<td>5.5-6<\/td>\n<td>6.5-7<\/td>\n<td>7.5-8<\/td>\n<td>8.5-9<\/td>\n<td>9.5-10<\/td>\n<td>10.5-11<\/td>\n<td>11.5-12<\/td>\n<\/tr>\n<tr>\n<td>Longueur du pied\/mm<\/td>\n<td>environ220<\/td>\n<td>\n<p>environ230<\/p>\n<\/td>\n<td>\n<p>environ240<\/p>\n<\/td>\n<td>\n<p>environ250<\/p>\n<\/td>\n<td>\n<p>environ260<\/p>\n<\/td>\n<td>\n<p>environ270<\/p>\n<\/td>\n<td>\n<p>environ280<\/p>\n<\/td>\n<\/tr>\n<tr>\n<td>\n<p>Longueur ext\u00e9rieure\/mm<\/p>\n<\/td>\n<td>250<\/td>\n<td>260<\/td>\n<td>270<\/td>\n<td>280<\/td>\n<td>290<\/td>\n<td>300<\/td>\n<td>310<\/td>\n<\/tr>\n<tr>\n<td>\n<p>Longueur int\u00e9rieure\/mm<\/p>\n<\/td>\n<td>225<\/td>\n<td>235<\/td>\n<td>245<\/td>\n<td>255<\/td>\n<td>265<\/td>\n<td>275<\/td>\n<td>285<\/td>\n<\/tr>\n<tr>\n<td>\n<p>Note : Le code US dans les d\u00e9tails correspond au code de la femme.<\/p>\n<\/td>\n<td> <\/td>\n<td> <\/td>\n<td><\/td>\n<td><\/td>\n<td><\/td>\n<td><\/td>\n<\/tr>\n<\/tbody>\n<\/table>\n<p> <\/p>\n<p> <b>Contenu de l'emballage :<\/b> <\/p>\n<p>1 paire de chaussures<\/p>\n<p> <\/p>\n<p> <img decoding=\"async\" src=\"https:\/\/cf.cjdropshipping.com\/4ad8a05b-d22c-45d9-971a-af4a3bd7e6df.jpg\" alt=\"\"> <img decoding=\"async\" src=\"https:\/\/cf.cjdropshipping.com\/40a06df9-aee5-444c-a9de-2a0fa44b4e04.jpg\" alt=\"\"> <img decoding=\"async\" src=\"https:\/\/cf.cjdropshipping.com\/c6f72286-5d8f-46c3-a8ec-4184dbf6ca0a.jpg\" alt=\"\"> <img decoding=\"async\" src=\"https:\/\/cf.cjdropshipping.com\/f10f3a43-bea9-42d6-aacc-86efbd1862af.jpg\" alt=\"\"> <img decoding=\"async\" src=\"https:\/\/cf.cjdropshipping.com\/8714cd32-93a5-4bbc-b2e7-3b18718a851d.jpg\" alt=\"\"> <img decoding=\"async\" src=\"https:\/\/cf.cjdropshipping.com\/44eecb8c-e6f9-49f6-bcdf-dec60368a1a3.jpg\" alt=\"\"> <img decoding=\"async\" src=\"https:\/\/cf.cjdropshipping.com\/c74673e1-8f2c-4d5e-b538-036d441ff9c1.jpg\" alt=\"\"> <img decoding=\"async\" src=\"https:\/\/cf.cjdropshipping.com\/487cb65a-1c9e-47f5-881e-61da1021bfc0.jpg\" alt=\"\"> <img decoding=\"async\" src=\"https:\/\/cf.cjdropshipping.com\/b09fc974-4cf9-4ce0-9d3a-92d921af8b08.jpg\" alt=\"\">  <\/p>","protected":false},"excerpt":{"rendered":"<p>Overview: Personality bubble sandals design, fashion, and attractiveness. This product is not only breathable but also skid resistant. Suitable for spring and summer wear, very comfortable and soft. This product can be given as a great gift to your family. They will be very happy. Made of high-quality material, it is durable and has long-lasting [&#8230;]\n","protected":false},"featured_media":13183,"comment_status":"open","ping_status":"closed","template":"","meta":[],"product_brand":[],"product_cat":[43],"product_tag":[],"class_list":{"0":"post-13193","1":"product","2":"type-product","3":"status-publish","4":"has-post-thumbnail","6":"product_cat-sandals","8":"first","9":"instock","10":"taxable","11":"shipping-taxable","12":"purchasable","13":"product-type-variable"},"_links":{"self":[{"href":"https:\/\/beacheden.com\/fr\/wp-json\/wp\/v2\/product\/13193","targetHints":{"allow":["GET"]}}],"collection":[{"href":"https:\/\/beacheden.com\/fr\/wp-json\/wp\/v2\/product"}],"about":[{"href":"https:\/\/beacheden.com\/fr\/wp-json\/wp\/v2\/types\/product"}],"replies":[{"embeddable":true,"href":"https:\/\/beacheden.com\/fr\/wp-json\/wp\/v2\/comments?post=13193"}],"wp:featuredmedia":[{"embeddable":true,"href":"https:\/\/beacheden.com\/fr\/wp-json\/wp\/v2\/media\/13183"}],"wp:attachment":[{"href":"https:\/\/beacheden.com\/fr\/wp-json\/wp\/v2\/media?parent=13193"}],"wp:term":[{"taxonomy":"product_brand","embeddable":true,"href":"https:\/\/beacheden.com\/fr\/wp-json\/wp\/v2\/product_brand?post=13193"},{"taxonomy":"product_cat","embeddable":true,"href":"https:\/\/beacheden.com\/fr\/wp-json\/wp\/v2\/product_cat?post=13193"},{"taxonomy":"product_tag","embeddable":true,"href":"https:\/\/beacheden.com\/fr\/wp-json\/wp\/v2\/product_tag?post=13193"}],"curies":[{"name":"wp","href":"https:\/\/api.w.org\/{rel}","templated":true}]}}