{"id":13073,"date":"2025-03-29T15:20:42","date_gmt":"2025-03-29T22:20:42","guid":{"rendered":"https:\/\/beacheden.com\/soft-bottom-comfortable-flat-bottom-fashion-rivet-beach-slippers\/"},"modified":"2025-06-27T22:40:38","modified_gmt":"2025-06-28T05:40:38","slug":"fond-souple-fond-plat-confortable-mode-rivet-pantoufles-de-plage","status":"publish","type":"product","link":"https:\/\/beacheden.com\/fr\/fond-souple-fond-plat-confortable-mode-rivet-pantoufles-de-plage\/","title":{"rendered":"Soft Bottom Comfortable Flat Bottom Fashion Rivet Beach Slippers"},"content":{"rendered":"<p> <b>Informations sur le produit :<\/b>  <\/p>\n<p> Mati\u00e8re sup\u00e9rieure : PU artificiel <br \/> Mat\u00e9riau de la semelle : Caoutchouc <br \/> Mat\u00e9riau int\u00e9rieur : simili-cuir <br \/> Couleur : 109-1,109-2,109-3 <br \/> Size: 35,36,37,38,39,40,41,42,43 <\/p>\n<table border=\"0\" width=\"100%\" cellpadding=\"0\" cellspacing=\"0\">\n<tbody>\n<tr>\n<th>taille<\/th>\n<th>\n<p>Longueur du pied (MM)<\/p>\n<\/th>\n<\/tr>\n<tr>\n<td>35<\/td>\n<td>225<\/td>\n<\/tr>\n<tr>\n<td>36<\/td>\n<td>230<\/td>\n<\/tr>\n<tr>\n<td>37<\/td>\n<td>235<\/td>\n<\/tr>\n<tr>\n<td>38<\/td>\n<td>240<\/td>\n<\/tr>\n<tr>\n<td>39<\/td>\n<td>245<\/td>\n<\/tr>\n<tr>\n<td>40<\/td>\n<td>250<\/td>\n<\/tr>\n<tr>\n<td>41<\/td>\n<td>255<\/td>\n<\/tr>\n<tr>\n<td>42<\/td>\n<td>260<\/td>\n<\/tr>\n<tr>\n<td>43<\/td>\n<td>265<\/td>\n<\/tr>\n<\/tbody>\n<\/table>\n<p> <b>Paquet :<\/b> <br \/> Pantoufles*1 <\/p>\n<p> <img decoding=\"async\" src=\"https:\/\/cf.cjdropshipping.com\/1623387953394.jpg\" alt=\"\"> <img decoding=\"async\" src=\"https:\/\/cf.cjdropshipping.com\/1623387953407.jpg\" alt=\"\"> <img decoding=\"async\" src=\"https:\/\/cf.cjdropshipping.com\/1623387953410.jpg\" alt=\"\"> <img decoding=\"async\" src=\"https:\/\/cf.cjdropshipping.com\/1623387953403.jpg\" alt=\"\"> <img decoding=\"async\" src=\"https:\/\/cf.cjdropshipping.com\/1623387953938.jpg\" alt=\"\"> <img decoding=\"async\" src=\"https:\/\/cf.cjdropshipping.com\/1623387953414.jpg\" alt=\"\"> <img decoding=\"async\" src=\"https:\/\/cf.cjdropshipping.com\/1623387953390.jpg\" alt=\"\">  <\/p>","protected":false},"excerpt":{"rendered":"<p>Informations sur le produit : Mati\u00e8re sup\u00e9rieure : PU artificiel Mat\u00e9riau de la semelle : Caoutchouc Mati\u00e8re int\u00e9rieure : simili cuir Couleur : 109-1,109-2,109-3 Taille : 35,36,37,38,39,40,41,42,43 Taille Longueur du pied (MM) 35 225 36 230 37 235 38 240 39 245 40 250 41 255 42 260 43 265 Emballage : Chaussons*1<\/p>","protected":false},"featured_media":13066,"comment_status":"open","ping_status":"closed","template":"","meta":[],"product_brand":[],"product_cat":[43],"product_tag":[],"class_list":{"0":"post-13073","1":"product","2":"type-product","3":"status-publish","4":"has-post-thumbnail","6":"product_cat-sandals","8":"first","9":"instock","10":"taxable","11":"shipping-taxable","12":"purchasable","13":"product-type-variable"},"_links":{"self":[{"href":"https:\/\/beacheden.com\/fr\/wp-json\/wp\/v2\/product\/13073","targetHints":{"allow":["GET"]}}],"collection":[{"href":"https:\/\/beacheden.com\/fr\/wp-json\/wp\/v2\/product"}],"about":[{"href":"https:\/\/beacheden.com\/fr\/wp-json\/wp\/v2\/types\/product"}],"replies":[{"embeddable":true,"href":"https:\/\/beacheden.com\/fr\/wp-json\/wp\/v2\/comments?post=13073"}],"wp:featuredmedia":[{"embeddable":true,"href":"https:\/\/beacheden.com\/fr\/wp-json\/wp\/v2\/media\/13066"}],"wp:attachment":[{"href":"https:\/\/beacheden.com\/fr\/wp-json\/wp\/v2\/media?parent=13073"}],"wp:term":[{"taxonomy":"product_brand","embeddable":true,"href":"https:\/\/beacheden.com\/fr\/wp-json\/wp\/v2\/product_brand?post=13073"},{"taxonomy":"product_cat","embeddable":true,"href":"https:\/\/beacheden.com\/fr\/wp-json\/wp\/v2\/product_cat?post=13073"},{"taxonomy":"product_tag","embeddable":true,"href":"https:\/\/beacheden.com\/fr\/wp-json\/wp\/v2\/product_tag?post=13073"}],"curies":[{"name":"wp","href":"https:\/\/api.w.org\/{rel}","templated":true}]}}