{"id":12903,"date":"2025-03-29T15:10:42","date_gmt":"2025-03-29T22:10:42","guid":{"rendered":"https:\/\/beacheden.com\/square-colored-sponge-bottom-net-red-slippers\/"},"modified":"2025-03-29T15:16:55","modified_gmt":"2025-03-29T22:16:55","slug":"pantoufles-rouges-carrees-a-fond-eponge-colore","status":"publish","type":"product","link":"https:\/\/beacheden.com\/fr\/pantoufles-rouges-carrees-a-fond-eponge-colore\/","title":{"rendered":"Chaussons carr\u00e9s \u00e0 fond \u00e9ponge de couleur rouge"},"content":{"rendered":"<p> <b> Informations sur le produit : <br \/> <\/b> Couleur : rouge rose, rouge orange, bleu, rose, abricot, vert fluorescent, vert, jaune, noir, <br \/> Mati\u00e8re sup\u00e9rieure : satin <br \/> Forme carr\u00e9e des orteils <br \/> Mat\u00e9riau de la semelle : caoutchouc <\/p>\n<p> <b> Informations sur la taille : <br \/> <\/b> Size: 35,36,37,38,39,40,41,42,43 <br \/> <img decoding=\"async\" src=\"https:\/\/cf.cjdropshipping.com\/3875b33d-7fcc-432c-8159-99189e525b70.png\" alt=\"\">  <\/p>\n<p> <\/p>\n<p> <b> Liste d'emballage : <br \/> <\/b> Une paire de pantoufles <\/p>\n<p> <img decoding=\"async\" src=\"https:\/\/cf.cjdropshipping.com\/c2d48ff2-f071-41da-af4e-aaf75469a5c6.jpg\" alt=\"\"> <img decoding=\"async\" src=\"https:\/\/cf.cjdropshipping.com\/93c376cf-db6c-4490-8c0a-5ff5ae558dea.jpg\" alt=\"\"> <img decoding=\"async\" src=\"https:\/\/cf.cjdropshipping.com\/dc4c22b4-16cb-4372-8690-bf331d4d19bc.jpg\" alt=\"\"> <img decoding=\"async\" src=\"https:\/\/cf.cjdropshipping.com\/f346e956-1727-4117-99ea-7655748e2a6b.jpg\" alt=\"\"> <img decoding=\"async\" src=\"https:\/\/cf.cjdropshipping.com\/76ad8a53-3807-4b71-a7b8-de10db63348d.jpg\" alt=\"\"> <img decoding=\"async\" src=\"https:\/\/cf.cjdropshipping.com\/5c7a688e-d4d2-4434-870e-9be9736d4788.jpg\" alt=\"\"> <img decoding=\"async\" src=\"https:\/\/cf.cjdropshipping.com\/ee238f50-4cc5-41bd-ab7f-fb9eb04d630c.jpg\" alt=\"\"> <img decoding=\"async\" src=\"https:\/\/cf.cjdropshipping.com\/a638d575-7cb0-4738-b3ec-344197a36657.jpg\" alt=\"\"> <img decoding=\"async\" src=\"https:\/\/cf.cjdropshipping.com\/07602e53-5cdb-4b4a-9cb9-d31fb7beb9be.jpg\" alt=\"\">  <\/p>","protected":false},"excerpt":{"rendered":"<p>Informations sur le produit : Couleur : rouge rose, rouge orange, bleu, rose, abricot, vert fluorescent, vert, jaune, noir, Mati\u00e8re sup\u00e9rieure : satin Forme de l'orteil carr\u00e9 Mati\u00e8re de la semelle : caoutchouc Informations sur la taille : Taille : 35,36,37,38,39,40,41,42,43 Liste d'emballage : Une paire de pantoufles<\/p>","protected":false},"featured_media":12893,"comment_status":"open","ping_status":"closed","template":"","meta":[],"product_brand":[],"product_cat":[43],"product_tag":[],"class_list":{"0":"post-12903","1":"product","2":"type-product","3":"status-publish","4":"has-post-thumbnail","6":"product_cat-sandals","8":"first","9":"instock","10":"taxable","11":"shipping-taxable","12":"purchasable","13":"product-type-variable"},"_links":{"self":[{"href":"https:\/\/beacheden.com\/fr\/wp-json\/wp\/v2\/product\/12903","targetHints":{"allow":["GET"]}}],"collection":[{"href":"https:\/\/beacheden.com\/fr\/wp-json\/wp\/v2\/product"}],"about":[{"href":"https:\/\/beacheden.com\/fr\/wp-json\/wp\/v2\/types\/product"}],"replies":[{"embeddable":true,"href":"https:\/\/beacheden.com\/fr\/wp-json\/wp\/v2\/comments?post=12903"}],"wp:featuredmedia":[{"embeddable":true,"href":"https:\/\/beacheden.com\/fr\/wp-json\/wp\/v2\/media\/12893"}],"wp:attachment":[{"href":"https:\/\/beacheden.com\/fr\/wp-json\/wp\/v2\/media?parent=12903"}],"wp:term":[{"taxonomy":"product_brand","embeddable":true,"href":"https:\/\/beacheden.com\/fr\/wp-json\/wp\/v2\/product_brand?post=12903"},{"taxonomy":"product_cat","embeddable":true,"href":"https:\/\/beacheden.com\/fr\/wp-json\/wp\/v2\/product_cat?post=12903"},{"taxonomy":"product_tag","embeddable":true,"href":"https:\/\/beacheden.com\/fr\/wp-json\/wp\/v2\/product_tag?post=12903"}],"curies":[{"name":"wp","href":"https:\/\/api.w.org\/{rel}","templated":true}]}}