{"id":12862,"date":"2025-03-29T14:35:21","date_gmt":"2025-03-29T21:35:21","guid":{"rendered":"https:\/\/beacheden.com\/new-thick-bottom-indoor-home-non-slip-outdoor-wear-slippers\/"},"modified":"2025-08-05T01:26:19","modified_gmt":"2025-08-05T08:26:19","slug":"nouveaux-pantoufles-dinterieur-antiderapantes-a-fond-epais-pour-lexterieur","status":"publish","type":"product","link":"https:\/\/beacheden.com\/fr\/nouveaux-pantoufles-dinterieur-antiderapantes-a-fond-epais-pour-lexterieur\/","title":{"rendered":"Nouvelle chaussure \u00e0 fond \u00e9pais pour l'int\u00e9rieur, antid\u00e9rapante pour l'ext\u00e9rieur"},"content":{"rendered":"<p> <b>Vue d'ensemble :<\/b> <br \/> Design unique, \u00e9l\u00e9gant et beau. <br \/> Bonne mati\u00e8re, pieds confortables. <br \/> A <a href=\"https:\/\/beacheden.com\/fr\/semelles-epaisses-pour-salle-de-bain-feminine\/?wmc-currency=EUR\" title=\"Semelles \u00e9paisses pour la salle de bains des femmes\" target=\"_blank\" rel=\"noopener\"  data-wpil-monitor-id=\"232\">vari\u00e9t\u00e9 de couleurs<\/a>, au choix. <\/p>\n<p> <b>Sp\u00e9cification :<\/b>  <\/p>\n<p> Mat\u00e9riau de la semelle : EVA <br \/> Fonction : respirant, antid\u00e9rapant, r\u00e9sistant \u00e0 l'usure <br \/> Mati\u00e8re sup\u00e9rieure : EVA <br \/> \u00c9l\u00e9ments populaires : \u00e9vider <br \/> Style : Baotou <br \/> Technologie de semelle : <a href=\"https:\/\/beacheden.com\/fr\/chaussures-femmes-mode-outer-wear-package-head-hole-shoes\/?wmc-currency=EUR\" title=\"Chaussures \u00e0 t\u00eate trou\u00e9e pour femmes \u00e0 la mode de l&#039;ext\u00e9rieur\" target=\"_blank\" rel=\"noopener\"  data-wpil-monitor-id=\"98\">chaussures de moulage par injection<\/a> <br \/> Type de chaussons : ensemble de chaussons d'orteil <br \/> Couleur : vert fonc\u00e9, rose cerise, blanc, noir, gris fonc\u00e9 <br \/> Taille : 36\/37 pour 35-36, 38\/39 pour 37-38, 40\/41 pour 39-40, 42\/43 pour 41-42, 44\/45 pour 43-44 <\/p>\n<p> <b>Contenu de l'emballage :<\/b> <br \/> 1 paire de chaussures <\/p>\n<p> <img decoding=\"async\" src=\"https:\/\/cf.cjdropshipping.com\/quick\/product\/6cc6dc34-b224-4f91-af87-00226f84c1af.jpg\" alt=\"110cc87aa5924b263224bd7b8de1ae4735937dd0.jpg (800\u00d7800)\">  <\/p>\n<p> <img decoding=\"async\" src=\"https:\/\/cf.cjdropshipping.com\/9a8fd04e-8667-423d-82e9-04ed69c03834.png\" alt=\"\"> <img decoding=\"async\" src=\"https:\/\/cf.cjdropshipping.com\/d1f91c6c-339e-4ad7-b30a-af431845c60f.png\" alt=\"\"> <img decoding=\"async\" src=\"https:\/\/cf.cjdropshipping.com\/6ddcc422-fa1f-4f77-940f-8f55438257aa.png\" alt=\"\"> <img decoding=\"async\" src=\"https:\/\/cf.cjdropshipping.com\/d590fb3d-5db2-448e-8f59-2a0ae530825b.png\" alt=\"\"> <img decoding=\"async\" src=\"https:\/\/cf.cjdropshipping.com\/dea85138-b6ec-49cd-815e-5236c0826970.png\" alt=\"\"> <img decoding=\"async\" src=\"https:\/\/cf.cjdropshipping.com\/142e4cc4-e8d5-439d-9e51-0b8e501bf430.png\" alt=\"\"> <img decoding=\"async\" src=\"https:\/\/cf.cjdropshipping.com\/f00a8446-465b-412b-99b7-cf1f592b15af.png\" alt=\"\"> <img decoding=\"async\" src=\"https:\/\/cf.cjdropshipping.com\/63c7d773-e027-439b-a7fb-8552e4a72d8f.png\" alt=\"\"> <img decoding=\"async\" src=\"https:\/\/cf.cjdropshipping.com\/d11ce886-dfaa-433a-b52a-41566b37bfc5.png\" alt=\"\"> <img decoding=\"async\" src=\"https:\/\/cf.cjdropshipping.com\/f481c177-463b-4d71-8eee-4c4241869a36.png\" alt=\"\"> <img decoding=\"async\" src=\"https:\/\/cf.cjdropshipping.com\/3c172224-fcf0-4546-8a4f-fa9794d41319.png\" alt=\"\">  <\/p>","protected":false},"excerpt":{"rendered":"<p>Overview: Unique design, stylish and beautiful. Good material, comfortable feet. A variety of colors, any choice. Specification: Sole material: EVA Function: breathable, non-slip, wear-resistant Upper material: EVA Popular elements: hollow out Style: Baotou Sole technology: injection molding shoes Type of slippers: set of toe slippers Color: dark green, cherry pink, white, black, dark gray Size: [&#8230;]\n","protected":false},"featured_media":12855,"comment_status":"open","ping_status":"closed","template":"","meta":[],"product_brand":[],"product_cat":[43],"product_tag":[],"class_list":{"0":"post-12862","1":"product","2":"type-product","3":"status-publish","4":"has-post-thumbnail","6":"product_cat-sandals","8":"first","9":"instock","10":"taxable","11":"shipping-taxable","12":"purchasable","13":"product-type-variable"},"_links":{"self":[{"href":"https:\/\/beacheden.com\/fr\/wp-json\/wp\/v2\/product\/12862","targetHints":{"allow":["GET"]}}],"collection":[{"href":"https:\/\/beacheden.com\/fr\/wp-json\/wp\/v2\/product"}],"about":[{"href":"https:\/\/beacheden.com\/fr\/wp-json\/wp\/v2\/types\/product"}],"replies":[{"embeddable":true,"href":"https:\/\/beacheden.com\/fr\/wp-json\/wp\/v2\/comments?post=12862"}],"wp:featuredmedia":[{"embeddable":true,"href":"https:\/\/beacheden.com\/fr\/wp-json\/wp\/v2\/media\/12855"}],"wp:attachment":[{"href":"https:\/\/beacheden.com\/fr\/wp-json\/wp\/v2\/media?parent=12862"}],"wp:term":[{"taxonomy":"product_brand","embeddable":true,"href":"https:\/\/beacheden.com\/fr\/wp-json\/wp\/v2\/product_brand?post=12862"},{"taxonomy":"product_cat","embeddable":true,"href":"https:\/\/beacheden.com\/fr\/wp-json\/wp\/v2\/product_cat?post=12862"},{"taxonomy":"product_tag","embeddable":true,"href":"https:\/\/beacheden.com\/fr\/wp-json\/wp\/v2\/product_tag?post=12862"}],"curies":[{"name":"wp","href":"https:\/\/api.w.org\/{rel}","templated":true}]}}