{"id":12830,"date":"2025-03-29T14:30:29","date_gmt":"2025-03-29T21:30:29","guid":{"rendered":"https:\/\/beacheden.com\/womens-fashion-bathroom-anti-slip-deodorant-thick-sole-slippers\/"},"modified":"2025-11-02T12:03:05","modified_gmt":"2025-11-02T20:03:05","slug":"pantoufles-a-semelle-epaisse-a-la-mode-feminine-pour-la-salle-de-bains-antiderapantes-et-desodorisantes","status":"publish","type":"product","link":"https:\/\/beacheden.com\/fr\/pantoufles-a-semelle-epaisse-a-la-mode-feminine-pour-la-salle-de-bains-antiderapantes-et-desodorisantes\/","title":{"rendered":"Pantoufles \u00e0 semelles \u00e9paisses antid\u00e9rapantes pour femmes dans la salle de bain"},"content":{"rendered":"<p> <b>Vue d'ensemble :<\/b> <br \/> Design unique, \u00e9l\u00e9gant et beau. <br \/> Bonne mati\u00e8re, pieds confortables. <br \/> Une vari\u00e9t\u00e9 de couleurs, au choix. <\/p>\n<p> <b>Sp\u00e9cification :<\/b>  <\/p>\n<p> Type de chaussons : ensemble de chaussons d'orteil <br \/> Mat\u00e9riau de la semelle : EVA <br \/> Fonction : rehauss\u00e9, respirant, antid\u00e9rapant <br \/> Mati\u00e8re sup\u00e9rieure : EVA <br \/> Technologie de semelle : <a href=\"https:\/\/beacheden.com\/fr\/semelles-epaisses-pour-salle-de-bain-feminine\/?wmc-currency=EUR\" title=\"Semelles \u00e9paisses pour la salle de bains des femmes\" target=\"_blank\" rel=\"noopener\"  data-wpil-monitor-id=\"233\">chaussures de moulage par injection<\/a> <br \/> Couleur : blanc, jaune, rose, noir, gris, M6-rose, M6-orange, M6-bleu fonc\u00e9, M6-gris <br \/> Tailles : 36-37, 38-39, 40-41, 42-43, 44-45 <\/p>\n<p> <b>Contenu de l'emballage :<\/b> <br \/> 1 paire de chaussures <\/p>\n<p> <img decoding=\"async\" src=\"https:\/\/cf.cjdropshipping.com\/17210016\/2407150311370322700.jpg\" alt=\"\"> <img decoding=\"async\" src=\"https:\/\/cf.cjdropshipping.com\/17210016\/2407150311370324500.jpg\" alt=\"\"> <img decoding=\"async\" src=\"https:\/\/cf.cjdropshipping.com\/17210016\/2407150311370327300.jpg\" alt=\"\">  <\/p>","protected":false},"excerpt":{"rendered":"<p>Overview: Unique design, stylish and beautiful. Good material, comfortable feet. A variety of colors, any choice. Specification: Type of slippers: set of toe slippers Sole material: EVA Function: heightened, breathable, non-slip Upper material: EVA Sole technology: injection molding shoes Color: white, yellow, pink, black, gray, M6-pink, M6-orange, M6-dark blue, M6-gray Sizes: 36-37, 38-39, 40-41, 42-43, [&#8230;]\n","protected":false},"featured_media":12820,"comment_status":"open","ping_status":"closed","template":"","meta":[],"product_brand":[],"product_cat":[43],"product_tag":[],"class_list":{"0":"post-12830","1":"product","2":"type-product","3":"status-publish","4":"has-post-thumbnail","6":"product_cat-sandals","8":"first","9":"instock","10":"taxable","11":"shipping-taxable","12":"purchasable","13":"product-type-variable"},"_links":{"self":[{"href":"https:\/\/beacheden.com\/fr\/wp-json\/wp\/v2\/product\/12830","targetHints":{"allow":["GET"]}}],"collection":[{"href":"https:\/\/beacheden.com\/fr\/wp-json\/wp\/v2\/product"}],"about":[{"href":"https:\/\/beacheden.com\/fr\/wp-json\/wp\/v2\/types\/product"}],"replies":[{"embeddable":true,"href":"https:\/\/beacheden.com\/fr\/wp-json\/wp\/v2\/comments?post=12830"}],"wp:featuredmedia":[{"embeddable":true,"href":"https:\/\/beacheden.com\/fr\/wp-json\/wp\/v2\/media\/12820"}],"wp:attachment":[{"href":"https:\/\/beacheden.com\/fr\/wp-json\/wp\/v2\/media?parent=12830"}],"wp:term":[{"taxonomy":"product_brand","embeddable":true,"href":"https:\/\/beacheden.com\/fr\/wp-json\/wp\/v2\/product_brand?post=12830"},{"taxonomy":"product_cat","embeddable":true,"href":"https:\/\/beacheden.com\/fr\/wp-json\/wp\/v2\/product_cat?post=12830"},{"taxonomy":"product_tag","embeddable":true,"href":"https:\/\/beacheden.com\/fr\/wp-json\/wp\/v2\/product_tag?post=12830"}],"curies":[{"name":"wp","href":"https:\/\/api.w.org\/{rel}","templated":true}]}}