{"id":12689,"date":"2025-03-29T13:32:54","date_gmt":"2025-03-29T20:32:54","guid":{"rendered":"https:\/\/beacheden.com\/fabric-wrinkle-champray-wavy-stripes-candy-color-one-piece-swimsuit-womens-fluorescent-pleated-champray-swimsuit\/"},"modified":"2025-11-02T11:55:53","modified_gmt":"2025-11-02T19:55:53","slug":"maillot-de-bain-en-tissu-froisse","status":"publish","type":"product","link":"https:\/\/beacheden.com\/fr\/maillot-de-bain-en-tissu-froisse\/","title":{"rendered":"Tissu Wrinkle Champray Rayures ondul\u00e9es Candy Color Maillot de bain une pi\u00e8ce Maillot de bain Champray pliss\u00e9 fluorescent pour femmes"},"content":{"rendered":"<p data-spm-anchor-id=\"a2ty_o01.29997173.0.i28.565e9921Tlaoko\">Faites des vagues cette saison avec le <strong>Maillot de bain en tissu froiss\u00e9 <\/strong>Ce maillot de bain est un m\u00e9lange \u00e9tonnant de texture et de design intemporel. Fabriqu\u00e9 \u00e0 la perfection, ce maillot de bain pr\u00e9sente un tissu pliss\u00e9 unique qui ajoute de la profondeur et de la dimension, vous permettant ainsi de vous d\u00e9marquer sur la plage ou au bord de la piscine. Sa silhouette flatteuse lisse et soutient tout en offrant un confort in\u00e9gal\u00e9 pour un port tout au long de la journ\u00e9e.<\/p>\n<p>Con\u00e7u pour les adeptes des tendances modernes, le maillot de bain en tissu froiss\u00e9 est aussi pratique qu'\u00e9l\u00e9gant. La mati\u00e8re extensible \u00e0 s\u00e9chage rapide garantit une grande aisance de mouvement, tandis que la construction durable r\u00e9siste \u00e0 la d\u00e9coloration et \u00e0 l'affaissement, ce qui est parfait pour les aventures ensoleill\u00e9es. Que vous vous pr\u00e9lassiez au bord de la mer ou que vous plongiez dans les vagues, ce maillot de bain allie confiance, \u00e9l\u00e9gance et fonctionnalit\u00e9 dans un ensemble irr\u00e9sistible. Am\u00e9liorez votre collection de maillots de bain d\u00e8s aujourd'hui !<\/p>\n<p><b>Informations sur le produit :<\/b><br \/>\nCouleur : blanc, rose, rouge, violet, noir, vert fluorescent, jaune fluorescent, bleu ciel, vert lac, vert arm\u00e9e, bleu gris, orange fluorescent, bleu saphir, poids S 205g ~ XXL265g<br \/>\nTaille : S, M, L, XL, 2XL<br \/>\nComposition de la doublure : Fibre de polyester (polyester)<br \/>\nTeneur en ingr\u00e9dients de la doublure : 30<br \/>\nStyle : slip, bikini, boxer, bikini triangle, bikini jupe, maillot de bain fendu, maillot de bain surf d\u00e9contract\u00e9<br \/>\nStyle de motif : couleur unie, serr\u00e9<br \/>\nDoublure : Polyester<br \/>\nNom du tissu : polyester<br \/>\nSc\u00e9nario applicable : <a href=\"https:\/\/beacheden.com\/fr\/maillot-de-bain-trois-pieces-fendu-maillot-de-bain-imprime-dos-nu-maillot-de-bain-a-lacets\/?wmc-currency=EUR\" title=\"Maillot de bain trois pi\u00e8ces fendu Maillot de bain imprim\u00e9 dos nu lac\u00e9\" target=\"_blank\" rel=\"noopener\"  data-wpil-monitor-id=\"231\">la natation et le pataugeage<\/a> Sports<br \/>\nSexe applicable : F\u00e9minin<br \/>\n\u00c2ge applicable : Adulte<br \/>\nComposition du tissu : Fibre de polyester (polyester)<br \/>\nLongueur des manches : sans manches<\/p>\n<p><b>Taille :<\/b><\/p>\n<p><img decoding=\"async\" src=\"https:\/\/cf.cjdropshipping.com\/02da8188-cb3c-4940-bef3-03b02073be75.jpg?x-oss-process=image\/quality,q_100\" alt=\"\"><\/p>\n<p><b>Remarque :<\/b><\/p>\n<p>1. Les tailles asiatiques sont 1 \u00e0 2 tailles plus petites que les tailles europ\u00e9ennes et am\u00e9ricaines. Choisissez la taille la plus grande si votre taille se situe entre deux tailles. Veuillez tenir compte d'une diff\u00e9rence de 2 \u00e0 3 cm due aux mesures manuelles. 2. Si vous ne savez pas comment choisir votre taille, veuillez contacter notre service client\u00e8le. 3) Comme vous le savez, les ordinateurs affichent les couleurs diff\u00e9remment, la couleur de l'article r\u00e9el peut varier l\u00e9g\u00e8rement par rapport aux images suivantes.<\/p>\n<p><b>Liste d'emballage : <\/b><\/p>\n<p>Maillot de bain une pi\u00e8ce Candy Color*1<\/p>\n<p><b>Image du produit :<\/b><\/p>\n<p><img loading=\"lazy\" decoding=\"async\" class=\"alignnone\" src=\"https:\/\/cf.cjdropshipping.com\/fc8d7ded-e15f-453f-a53a-7b7f3868f933.jpg\" alt=\"Maillot de bain en tissu froiss\u00e9\" width=\"750\" height=\"750\" \/><br \/>\n<img decoding=\"async\" src=\"https:\/\/cf.cjdropshipping.com\/fb21afc8-0154-49de-ad4a-d4718c73e03d.jpg\" alt=\"\"><br \/>\n<img decoding=\"async\" src=\"https:\/\/cf.cjdropshipping.com\/9f11abe6-b97e-428e-9ac9-fc3840d25a9d.jpg\" alt=\"\"><br \/>\n<img decoding=\"async\" src=\"https:\/\/cf.cjdropshipping.com\/e94ff07a-b731-473d-ad8b-11e424af4c3a.jpg\" alt=\"\"><br \/>\n<img decoding=\"async\" src=\"https:\/\/cf.cjdropshipping.com\/2addb49f-3bcc-490b-b1c7-dda259911764.jpg\" alt=\"\"><br \/>\n<img decoding=\"async\" src=\"https:\/\/cf.cjdropshipping.com\/edac77b6-e49f-4314-8924-7bc07cc85672.jpg\" alt=\"\"><\/p>","protected":false},"excerpt":{"rendered":"<p>Le maillot de bain en tissu froiss\u00e9 allie une texture unique \u00e0 une coupe flatteuse, offrant confort et style. Parfait pour <a href=\"https:\/\/beacheden.com\/fr\/maillot-de-bain-2\/?wmc-currency=EUR\" title=\"New Beach Cover-up Hollow-out Vacation Bikini Sweater\" target=\"_blank\" rel=\"noopener\"  data-wpil-monitor-id=\"35\">les journ\u00e9es \u00e0 la plage ou le farniente au bord de la piscine<\/a>C'est le choix id\u00e9al pour une \u00e9l\u00e9gance sans effort. Se d\u00e9marquer dans toutes les vagues !<\/p>","protected":false},"featured_media":12679,"comment_status":"open","ping_status":"closed","template":"","meta":[],"product_brand":[],"product_cat":[39],"product_tag":[],"class_list":{"0":"post-12689","1":"product","2":"type-product","3":"status-publish","4":"has-post-thumbnail","6":"product_cat-swimsuit","8":"first","9":"instock","10":"taxable","11":"shipping-taxable","12":"purchasable","13":"product-type-variable"},"_links":{"self":[{"href":"https:\/\/beacheden.com\/fr\/wp-json\/wp\/v2\/product\/12689","targetHints":{"allow":["GET"]}}],"collection":[{"href":"https:\/\/beacheden.com\/fr\/wp-json\/wp\/v2\/product"}],"about":[{"href":"https:\/\/beacheden.com\/fr\/wp-json\/wp\/v2\/types\/product"}],"replies":[{"embeddable":true,"href":"https:\/\/beacheden.com\/fr\/wp-json\/wp\/v2\/comments?post=12689"}],"wp:featuredmedia":[{"embeddable":true,"href":"https:\/\/beacheden.com\/fr\/wp-json\/wp\/v2\/media\/12679"}],"wp:attachment":[{"href":"https:\/\/beacheden.com\/fr\/wp-json\/wp\/v2\/media?parent=12689"}],"wp:term":[{"taxonomy":"product_brand","embeddable":true,"href":"https:\/\/beacheden.com\/fr\/wp-json\/wp\/v2\/product_brand?post=12689"},{"taxonomy":"product_cat","embeddable":true,"href":"https:\/\/beacheden.com\/fr\/wp-json\/wp\/v2\/product_cat?post=12689"},{"taxonomy":"product_tag","embeddable":true,"href":"https:\/\/beacheden.com\/fr\/wp-json\/wp\/v2\/product_tag?post=12689"}],"curies":[{"name":"wp","href":"https:\/\/api.w.org\/{rel}","templated":true}]}}