{"id":12654,"date":"2025-03-29T13:28:29","date_gmt":"2025-03-29T20:28:29","guid":{"rendered":"https:\/\/beacheden.com\/hollow-beach-bikini-split-swimsuit-girl\/"},"modified":"2025-04-19T10:54:54","modified_gmt":"2025-04-19T17:54:54","slug":"bikini-creux","status":"publish","type":"product","link":"https:\/\/beacheden.com\/fr\/bikini-creux\/","title":{"rendered":"Bikini de plage creux Bikini fendu Maillot de bain fille"},"content":{"rendered":"<p>Les <strong>Bikini creux <\/strong> red\u00e9finit le beachwear gr\u00e2ce \u00e0 son design audacieux et accrocheur et \u00e0 sa fabrication impeccable. Con\u00e7u pour celles qui recherchent \u00e0 la fois le style et le confort, ce bikini pr\u00e9sente des d\u00e9coupes complexes qui respirent la confiance et la sophistication.<\/p>\n<p>Fabriqu\u00e9 dans un tissu de qualit\u00e9 sup\u00e9rieure \u00e0 s\u00e9chage rapide, il assure un ajustement parfait tout en vous gardant \u00e0 l'aise tout au long de la journ\u00e9e. Que vous vous pr\u00e9lassiez au bord de la piscine ou que vous preniez le soleil \u00e0 la plage, le maillot de bain Hollow <a href=\"https:\/\/beacheden.com\/fr\/maillot-de-bain-en-crochet-fait-a-la-main-avec-des-pompons\/?wmc-currency=EUR\" title=\"Maillot de bain en crochet fait \u00e0 la main Tassel\" target=\"_blank\" rel=\"noopener\"  data-wpil-monitor-id=\"88\">Le bikini est l'accessoire indispensable de l'\u00e9t\u00e9<\/a>. Embrassez votre allure unique et faites des vagues cette saison, car vous m\u00e9ritez de vous sentir inarr\u00eatable.<\/p>\n<p><b> Informations sur le produit :<br \/>\n<\/b> Si la bande d'acier est remorqu\u00e9e : avec un coussin thoracique et sans support d'acier.<br \/>\nMati\u00e8re : nylon<br \/>\nContenu du tissu : 80(%)<br \/>\nCouleur : noir, bleu royal, rouge rose<\/p>\n<p><b> Informations sur la taille :<br \/>\n<\/b> Tailles : S, M, L, XL<br \/>\n<img decoding=\"async\" src=\"https:\/\/cf.cjdropshipping.com\/494919a1-457a-41c1-b434-846a2d80104f.png\" alt=\"\"><\/p>\n<p><b> Remarque :<br \/>\n<\/b> 1. Les tailles asiatiques sont 1 \u00e0 2 tailles plus petites que les tailles europ\u00e9ennes et am\u00e9ricaines. Choisissez la taille la plus grande si votre taille se situe entre deux tailles. Veuillez tenir compte d'une diff\u00e9rence de 2 \u00e0 3 cm due aux mesures manuelles.<br \/>\n2. Si vous ne savez pas comment choisir votre taille, veuillez contacter notre service client\u00e8le.<br \/>\n3. comme vous le savez, les ordinateurs affichent les couleurs diff\u00e9remment, la couleur de l'article r\u00e9el peut varier l\u00e9g\u00e8rement par rapport aux images suivantes.<\/p>\n<p><b> Liste d'emballage :<br \/>\n<\/b><\/p>\n<p>Soutien-gorge*1 Culotte*1<\/p>\n<p>&nbsp;<\/p>\n<p><img decoding=\"async\" src=\"https:\/\/cf.cjdropshipping.com\/7bae7142-19ff-45b5-8c84-83b317f94f25.jpg\" alt=\"\"> <img loading=\"lazy\" decoding=\"async\" class=\"alignnone\" src=\"https:\/\/cf.cjdropshipping.com\/6df57930-b856-47df-ba55-ca83c0a3b3db.jpg\" alt=\"Bikini creux\" width=\"750\" height=\"750\" \/> <img decoding=\"async\" src=\"https:\/\/cf.cjdropshipping.com\/06d28f8b-0c13-442d-ba1e-6d7467c2f25a.jpg\" alt=\"\"> <img decoding=\"async\" src=\"https:\/\/cf.cjdropshipping.com\/c8fadc13-75c7-421b-9f85-0fcba278c4cb.jpg\" alt=\"\"> <img decoding=\"async\" src=\"https:\/\/cf.cjdropshipping.com\/78e1e600-3d88-40ff-85a4-1ca25643abd8.jpg\" alt=\"\"> <img decoding=\"async\" src=\"https:\/\/cf.cjdropshipping.com\/dc2c380a-8d7f-4723-bf36-54535a897b45.jpg\" alt=\"\"> <img decoding=\"async\" src=\"https:\/\/cf.cjdropshipping.com\/2c8614d0-56a6-4aba-8247-c7416cbb1ff7.jpg\" alt=\"\"> <img decoding=\"async\" src=\"https:\/\/cf.cjdropshipping.com\/7bf25a64-5de0-46b4-a81a-29fa19c4033e.jpg\" alt=\"\"> <img decoding=\"async\" src=\"https:\/\/cf.cjdropshipping.com\/9a39f286-26b8-417f-b3da-7444d4bb261e.jpg\" alt=\"\"><\/p>","protected":false},"excerpt":{"rendered":"<p>Le bikini creux offre un m\u00e9lange parfait d'\u00e9l\u00e9gance et d'allure, con\u00e7u pour enrichir votre collection de v\u00eatements de plage. Embrassez l'incomparable <a href=\"https:\/\/beacheden.com\/fr\/maillot-de-bain-de-plage-fait-a-la-main\/?wmc-currency=EUR\" title=\"Hot Sale of Pure Hand Hook Holiday Style Beach Swimsuit (Maillot de bain de plage)\" target=\"_blank\" rel=\"noopener\"  data-wpil-monitor-id=\"76\">avec son design unique<\/a> qui allie tendances modernes et confort luxueux. Id\u00e9al pour faire une d\u00e9claration audacieuse sous le soleil.<\/p>","protected":false},"featured_media":12645,"comment_status":"open","ping_status":"closed","template":"","meta":[],"product_brand":[],"product_cat":[40],"product_tag":[],"class_list":{"0":"post-12654","1":"product","2":"type-product","3":"status-publish","4":"has-post-thumbnail","6":"product_cat-bikini","8":"first","9":"instock","10":"taxable","11":"shipping-taxable","12":"purchasable","13":"product-type-variable"},"_links":{"self":[{"href":"https:\/\/beacheden.com\/fr\/wp-json\/wp\/v2\/product\/12654","targetHints":{"allow":["GET"]}}],"collection":[{"href":"https:\/\/beacheden.com\/fr\/wp-json\/wp\/v2\/product"}],"about":[{"href":"https:\/\/beacheden.com\/fr\/wp-json\/wp\/v2\/types\/product"}],"replies":[{"embeddable":true,"href":"https:\/\/beacheden.com\/fr\/wp-json\/wp\/v2\/comments?post=12654"}],"wp:featuredmedia":[{"embeddable":true,"href":"https:\/\/beacheden.com\/fr\/wp-json\/wp\/v2\/media\/12645"}],"wp:attachment":[{"href":"https:\/\/beacheden.com\/fr\/wp-json\/wp\/v2\/media?parent=12654"}],"wp:term":[{"taxonomy":"product_brand","embeddable":true,"href":"https:\/\/beacheden.com\/fr\/wp-json\/wp\/v2\/product_brand?post=12654"},{"taxonomy":"product_cat","embeddable":true,"href":"https:\/\/beacheden.com\/fr\/wp-json\/wp\/v2\/product_cat?post=12654"},{"taxonomy":"product_tag","embeddable":true,"href":"https:\/\/beacheden.com\/fr\/wp-json\/wp\/v2\/product_tag?post=12654"}],"curies":[{"name":"wp","href":"https:\/\/api.w.org\/{rel}","templated":true}]}}