{"id":12620,"date":"2025-03-29T13:22:59","date_gmt":"2025-03-29T20:22:59","guid":{"rendered":"https:\/\/beacheden.com\/sexy-crystal-diamond-bikini-detachable-chest-pad-splicing-chest-strap-split-swimsuit\/"},"modified":"2025-05-18T23:52:53","modified_gmt":"2025-05-19T06:52:53","slug":"bikini-cristal-diamant","status":"publish","type":"product","link":"https:\/\/beacheden.com\/fr\/bikini-cristal-diamant\/","title":{"rendered":"Sexy Crystal Diamond Bikini Detachable Chest Pad Splicing Chest Strap Split Swimsuit"},"content":{"rendered":"<p><b>Informations sur le produit :<\/b><\/p>\n<p>Style du motif : Couleur unie, sexy<br \/>\nTra\u00een\u00e9e ou non avec de l'acier : avec coussinet thoracique sans support en acier<br \/>\nNiveau de qualit\u00e9 : Premi\u00e8re ann\u00e9e<br \/>\nNom du tissu : Polyester<br \/>\nComposition du tissu : nylon\/nylon<br \/>\nComposition : Fibre polyester (polyester)<br \/>\nCouleur : orange, bleu, vert, noir<\/p>\n<p>&nbsp;<\/p>\n<p><b>Informations sur la taille :<\/b><br \/>\nTaille : S, M, L<\/p>\n<p><img decoding=\"async\" src=\"https:\/\/cf.cjdropshipping.com\/quick\/product\/671ac432-9df3-4156-bb8d-7e4ffb528cde.jpg\" alt=\"\"> <b style=\"font-size: 1em;\"><br \/>\n<\/b><\/p>\n<p><b style=\"font-size: 1em;\"><br \/>\n<\/b><\/p>\n<p><b style=\"font-size: 1em;\">Remarque :<\/b><\/p>\n<p>1. Les tailles asiatiques sont 1 \u00e0 2 tailles plus petites que les tailles europ\u00e9ennes et am\u00e9ricaines. Choisissez la taille la plus grande si votre taille se situe entre deux tailles. Veuillez tenir compte d'une diff\u00e9rence de 2 \u00e0 3 cm due aux mesures manuelles.<br \/>\n2. Si vous ne savez pas comment choisir votre taille, veuillez contacter notre service client\u00e8le.<br \/>\n3. comme vous le savez, les ordinateurs affichent les couleurs diff\u00e9remment, la couleur de l'article r\u00e9el peut varier l\u00e9g\u00e8rement par rapport aux images suivantes.<\/p>\n<p><b><br \/>\n<\/b><\/p>\n<p><b>Liste d'emballage :<\/b><\/p>\n<p><b>1*<\/b> <span style=\"font-size: 1em;\">Maillot de bain deux pi\u00e8ces<\/span><\/p>\n<p>&nbsp;<\/p>\n<p><b>Image du produit :<\/b><\/p>\n<p><b>\u00a0<\/b><\/p>\n<p><img loading=\"lazy\" decoding=\"async\" class=\"alignnone\" src=\"https:\/\/cf.cjdropshipping.com\/2d51d9c5-4cbf-476b-b293-3dafa0543e3f.jpg\" alt=\"Bikini cristal diamant\" width=\"1000\" height=\"1000\" \/> <img decoding=\"async\" src=\"https:\/\/cf.cjdropshipping.com\/b85496b1-da9f-4a48-9306-a40d0c56b1fb.jpg\" alt=\"\"> <img decoding=\"async\" src=\"https:\/\/cf.cjdropshipping.com\/1c73e6bf-ad36-44e2-8917-bb4f8f2f79a3.jpg\" alt=\"\"> <img decoding=\"async\" src=\"https:\/\/cf.cjdropshipping.com\/c3e0da58-8b4d-4e32-af95-ea51985945ff.jpg\" alt=\"\"> <img decoding=\"async\" src=\"https:\/\/cf.cjdropshipping.com\/d97c1e3f-db53-4cd5-8b6b-d62e223949b6.jpg\" alt=\"\"> <img decoding=\"async\" src=\"https:\/\/cf.cjdropshipping.com\/3b95a0cf-94c7-4816-98ce-f96d0271f211.jpg\" alt=\"\"> <img decoding=\"async\" src=\"https:\/\/cf.cjdropshipping.com\/b9d999ef-07e9-4a7e-9149-916801d270b1.jpg\" alt=\"\"><\/p>\n<p><img decoding=\"async\" src=\"https:\/\/cf.cjdropshipping.com\/579c79cc-f1f5-4ae5-894a-e1e446f3c0e9.png\" alt=\"\"> <img decoding=\"async\" src=\"https:\/\/cf.cjdropshipping.com\/a31fc336-4ff1-4430-8637-778a663cc5a2.png\" alt=\"\"> <img decoding=\"async\" src=\"https:\/\/cf.cjdropshipping.com\/7b12e181-ed91-4366-8731-68583c75eaa5.png\" alt=\"\"><\/p>\n<p><img decoding=\"async\" src=\"https:\/\/cf.cjdropshipping.com\/eec5d0cd-af62-4936-9599-a656c1fdf10c.png\" alt=\"\"> <img decoding=\"async\" src=\"https:\/\/cf.cjdropshipping.com\/87db81c9-2703-488d-8e20-6f3b724a3ed6.png\" alt=\"\"> <img decoding=\"async\" src=\"https:\/\/cf.cjdropshipping.com\/7abfebf2-5307-47f7-a328-7d6f37ea0bb1.png\" alt=\"\"><\/p>","protected":false},"excerpt":{"rendered":"<p>Le bikini Crystal Diamond est un chef-d'\u0153uvre \u00e9blouissant con\u00e7u pour vous mettre en valeur. Avec ses cristaux rayonnants et sa coupe impeccable, il allie \u00e9l\u00e9gance et s\u00e9duction sans effort, pour que tous les regards se tournent vers vous \u00e0 chaque instant.<\/p>","protected":false},"featured_media":12613,"comment_status":"open","ping_status":"closed","template":"","meta":[],"product_brand":[],"product_cat":[40],"product_tag":[],"class_list":{"0":"post-12620","1":"product","2":"type-product","3":"status-publish","4":"has-post-thumbnail","6":"product_cat-bikini","8":"first","9":"instock","10":"taxable","11":"shipping-taxable","12":"purchasable","13":"product-type-variable"},"_links":{"self":[{"href":"https:\/\/beacheden.com\/fr\/wp-json\/wp\/v2\/product\/12620","targetHints":{"allow":["GET"]}}],"collection":[{"href":"https:\/\/beacheden.com\/fr\/wp-json\/wp\/v2\/product"}],"about":[{"href":"https:\/\/beacheden.com\/fr\/wp-json\/wp\/v2\/types\/product"}],"replies":[{"embeddable":true,"href":"https:\/\/beacheden.com\/fr\/wp-json\/wp\/v2\/comments?post=12620"}],"wp:featuredmedia":[{"embeddable":true,"href":"https:\/\/beacheden.com\/fr\/wp-json\/wp\/v2\/media\/12613"}],"wp:attachment":[{"href":"https:\/\/beacheden.com\/fr\/wp-json\/wp\/v2\/media?parent=12620"}],"wp:term":[{"taxonomy":"product_brand","embeddable":true,"href":"https:\/\/beacheden.com\/fr\/wp-json\/wp\/v2\/product_brand?post=12620"},{"taxonomy":"product_cat","embeddable":true,"href":"https:\/\/beacheden.com\/fr\/wp-json\/wp\/v2\/product_cat?post=12620"},{"taxonomy":"product_tag","embeddable":true,"href":"https:\/\/beacheden.com\/fr\/wp-json\/wp\/v2\/product_tag?post=12620"}],"curies":[{"name":"wp","href":"https:\/\/api.w.org\/{rel}","templated":true}]}}