{"id":12592,"date":"2025-03-29T13:16:48","date_gmt":"2025-03-29T20:16:48","guid":{"rendered":"https:\/\/beacheden.com\/mesh-three-piece-bikini-women\/"},"modified":"2025-11-01T13:39:19","modified_gmt":"2025-11-01T20:39:19","slug":"bikini-trois-pieces","status":"publish","type":"product","link":"https:\/\/beacheden.com\/fr\/bikini-trois-pieces\/","title":{"rendered":"Bikini trois pi\u00e8ces en maille pour femmes"},"content":{"rendered":"<p>Faites des vagues cette saison avec nos superbes <strong>bikini trois pi\u00e8ces <\/strong> con\u00e7u pour flatter toutes les courbes. Cet ensemble de maillots de bain indispensable pr\u00e9sente une coupe personnalisable, vous permettant de m\u00e9langer et d'assortir pour une polyvalence ultime.<\/p>\n<p>Le haut offre des bretelles r\u00e9glables et une silhouette de soutien, tandis que le bas \u00e0 taille haute apporte confort et assurance. Compl\u00e9t\u00e9 par une jupe ou une surcouche assortie pour plus de style, ce pantalon \u00e0 trois pans est id\u00e9al pour les femmes. <a href=\"https:\/\/beacheden.com\/fr\/maillot-de-bain-en-nylon\/?wmc-currency=EUR\" title=\"Maillot de bain une pi\u00e8ce pour femmes, couleur unie Nylon\" target=\"_blank\" rel=\"noopener\"  data-wpil-monitor-id=\"5\">Le bikini pi\u00e8ce est parfait pour les jours de plage<\/a>Les v\u00eatements d'\u00e9t\u00e9 peuvent \u00eatre port\u00e9s \u00e0 l'occasion d'une f\u00eate au bord de la piscine ou d'une escapade tropicale. Plongez dans une \u00e9l\u00e9gance sans effort - votre garde-robe d'\u00e9t\u00e9 vient d'\u00eatre am\u00e9lior\u00e9e !<\/p>\n<p><b> Informations sur le produit :<br \/>\n<\/b> Composition du tissu : spandex<br \/>\nComposition du tissu : 85(%)<br \/>\nSc\u00e8ne applicable : <a href=\"https:\/\/beacheden.com\/fr\/bikini-triangle\/?wmc-currency=EUR\" title=\"Femmes en maillot de bain europ\u00e9en et am\u00e9ricain \u00e0 fente triangulaire\" target=\"_blank\" rel=\"noopener\"  data-wpil-monitor-id=\"171\">la natation et le pataugeage<\/a><br \/>\nCouleur : rouge, vert<\/p>\n<p><b> Informations sur la taille :<br \/>\n<\/b> Taille : S, M, L<br \/>\n<img decoding=\"async\" src=\"https:\/\/cf.cjdropshipping.com\/9f86604c-f556-4ca9-a005-707d9ded3c71.png\" alt=\"\"><\/p>\n<p><b> Remarque :<br \/>\n<\/b> 1. Les tailles asiatiques sont 1 \u00e0 2 tailles plus petites que les tailles europ\u00e9ennes et am\u00e9ricaines. Choisissez la taille la plus grande si votre taille se situe entre deux tailles. Veuillez tenir compte d'une diff\u00e9rence de 2 \u00e0 3 cm due aux mesures manuelles.<br \/>\n2. Si vous ne savez pas comment choisir votre taille, veuillez contacter notre service client\u00e8le.<br \/>\n3. comme vous le savez, les ordinateurs affichent les couleurs diff\u00e9remment, la couleur de l'article r\u00e9el peut varier l\u00e9g\u00e8rement par rapport aux images suivantes.<\/p>\n<p><b> Liste d'emballage :<br \/>\n<\/b> Bikini *1, jupe courte *1<\/p>\n<p>&nbsp;<\/p>\n<p><img decoding=\"async\" src=\"https:\/\/cf.cjdropshipping.com\/a9306030-481f-419e-b873-61a79e1b16ab.jpg\" alt=\"\"> <img decoding=\"async\" src=\"https:\/\/cf.cjdropshipping.com\/303c4d2f-8e64-4bd8-923a-97714c8e9d1a.jpg\" alt=\"\"> <img decoding=\"async\" src=\"https:\/\/cf.cjdropshipping.com\/0dae480f-f6d8-4f2b-a471-88305240af55.jpg\" alt=\"\"> <img loading=\"lazy\" decoding=\"async\" class=\"alignnone\" src=\"https:\/\/cf.cjdropshipping.com\/c11851a9-dfe9-47c3-9d09-cac7db00b775.jpg\" alt=\"Bikini trois pi\u00e8ces\" width=\"1000\" height=\"1000\" \/> <img decoding=\"async\" src=\"https:\/\/cf.cjdropshipping.com\/cb99e8e5-5b20-4136-8031-b2be8471a29e.jpg\" alt=\"\"><\/p>","protected":false},"excerpt":{"rendered":"<p>Le bikini trois pi\u00e8ces offre un m\u00e9lange parfait de style chic et de confort ajustable, id\u00e9al pour toute journ\u00e9e \u00e0 la plage ou \u00e0 la piscine. \u00c0 d\u00e9couvrir d\u00e8s maintenant !<\/p>","protected":false},"featured_media":12587,"comment_status":"open","ping_status":"closed","template":"","meta":[],"product_brand":[],"product_cat":[16],"product_tag":[],"class_list":{"0":"post-12592","1":"product","2":"type-product","3":"status-publish","4":"has-post-thumbnail","6":"product_cat-cover-ups","8":"first","9":"instock","10":"taxable","11":"shipping-taxable","12":"purchasable","13":"product-type-variable"},"_links":{"self":[{"href":"https:\/\/beacheden.com\/fr\/wp-json\/wp\/v2\/product\/12592","targetHints":{"allow":["GET"]}}],"collection":[{"href":"https:\/\/beacheden.com\/fr\/wp-json\/wp\/v2\/product"}],"about":[{"href":"https:\/\/beacheden.com\/fr\/wp-json\/wp\/v2\/types\/product"}],"replies":[{"embeddable":true,"href":"https:\/\/beacheden.com\/fr\/wp-json\/wp\/v2\/comments?post=12592"}],"wp:featuredmedia":[{"embeddable":true,"href":"https:\/\/beacheden.com\/fr\/wp-json\/wp\/v2\/media\/12587"}],"wp:attachment":[{"href":"https:\/\/beacheden.com\/fr\/wp-json\/wp\/v2\/media?parent=12592"}],"wp:term":[{"taxonomy":"product_brand","embeddable":true,"href":"https:\/\/beacheden.com\/fr\/wp-json\/wp\/v2\/product_brand?post=12592"},{"taxonomy":"product_cat","embeddable":true,"href":"https:\/\/beacheden.com\/fr\/wp-json\/wp\/v2\/product_cat?post=12592"},{"taxonomy":"product_tag","embeddable":true,"href":"https:\/\/beacheden.com\/fr\/wp-json\/wp\/v2\/product_tag?post=12592"}],"curies":[{"name":"wp","href":"https:\/\/api.w.org\/{rel}","templated":true}]}}