{"id":12580,"date":"2025-03-29T13:11:55","date_gmt":"2025-03-29T20:11:55","guid":{"rendered":"https:\/\/beacheden.com\/asymmetrical-ruffle-leopard-print-one-piece-swimsuit\/"},"modified":"2025-12-07T15:44:02","modified_gmt":"2025-12-07T23:44:02","slug":"maillot-de-bain-une-piece-a-volants-asymetriques-imprime-leopard","status":"publish","type":"product","link":"https:\/\/beacheden.com\/fr\/maillot-de-bain-une-piece-a-volants-asymetriques-imprime-leopard\/","title":{"rendered":"Maillot de bain une pi\u00e8ce \u00e0 volants asym\u00e9triques imprim\u00e9 l\u00e9opard"},"content":{"rendered":"<p><b>Informations sur le produit :<\/b><\/p>\n<p>Style : maillot de bain une pi\u00e8ce<br \/>\nSexe applicable : f\u00e9minin<br \/>\n\u00c2ge d'application : adulte<br \/>\nStyle du mod\u00e8le : taille haute, protection de l'environnement, sexy, moulant, dos nu, durable, <a href=\"https:\/\/beacheden.com\/fr\/maillot-de-bain-sexy-a-imprime-digital-croise\/?wmc-currency=EUR\" title=\"Maillot de bain Bikini europ\u00e9en et am\u00e9ricain Bikini imprim\u00e9 num\u00e9rique Croix Sexy Slim Swimsuit\" target=\"_blank\" rel=\"noopener\"  data-wpil-monitor-id=\"212\">Europ\u00e9en et am\u00e9ricain<\/a><br \/>\nAvec remorque en acier ou non : avec coussin thoracique sans support en acier<br \/>\nNom du tissu : polyester<\/p>\n<p><b>Informations sur la taille :<\/b><br \/>\nTaille : S\/M\/L<\/p>\n<p>Unit\u00e9 : cm<br \/>\n<img decoding=\"async\" src=\"https:\/\/cf.cjdropshipping.com\/571b2d9a-3a9a-4908-93f8-5b33d085d421.jpg\" alt=\"\"><\/p>\n<p>&nbsp;<\/p>\n<p><b>Remarque :<\/b><br \/>\n1. Les tailles asiatiques sont 1 \u00e0 2 tailles plus petites que les tailles europ\u00e9ennes et am\u00e9ricaines. Choisissez la taille la plus grande si votre taille se situe entre deux tailles. Veuillez tenir compte d'une diff\u00e9rence de 2 \u00e0 3 cm due aux mesures manuelles.<br \/>\n2. Si vous ne savez pas comment choisir votre taille, veuillez contacter notre service client\u00e8le.<br \/>\n3. comme vous le savez, les ordinateurs affichent les couleurs diff\u00e9remment, la couleur de l'article r\u00e9el peut varier l\u00e9g\u00e8rement par rapport aux images suivantes.<\/p>\n<p><b>Liste d'emballage :<\/b><\/p>\n<p>Maillot de bain*1<\/p>\n<p>&nbsp;<\/p>\n<p><b>Image du produit :<\/b><\/p>\n<p><b>\u00a0<\/b><\/p>\n<p><b>\u00a0<\/b><\/p>\n<p><img loading=\"lazy\" decoding=\"async\" class=\"alignnone\" src=\"https:\/\/cf.cjdropshipping.com\/254e3c08-9a0b-4cf1-b4fc-0464da20bd83.jpg\" alt=\"Maillot de bain une pi\u00e8ce \u00e0 volants asym\u00e9triques imprim\u00e9 l\u00e9opard\" width=\"1000\" height=\"1000\" \/> <img decoding=\"async\" src=\"https:\/\/cf.cjdropshipping.com\/6d27c13f-3e6b-4fa2-9aa4-8a21f4aa9107.jpg\" alt=\"\"> <img decoding=\"async\" src=\"https:\/\/cf.cjdropshipping.com\/f70d08bc-a208-4935-81d9-843dbff759cc.jpg\" alt=\"\"> <img decoding=\"async\" src=\"https:\/\/cf.cjdropshipping.com\/d4568c8f-5c9d-4912-8dd9-7e203f5b83ff.jpg\" alt=\"\"> <img decoding=\"async\" src=\"https:\/\/cf.cjdropshipping.com\/b825763e-d4fd-41e7-b7e6-491a8e067597.jpg\" alt=\"\"> <img decoding=\"async\" src=\"https:\/\/cf.cjdropshipping.com\/6a421164-15ad-47b9-970c-3be4e32d339d.jpg\" alt=\"\"><\/p>","protected":false},"excerpt":{"rendered":"<p>Maillot de bain une pi\u00e8ce \u00e0 volants asym\u00e9triques imprim\u00e9 l\u00e9opard - Faites-vous remarquer avec ce maillot de bain audacieux et accrocheur ! Con\u00e7u pour \u00eatre s\u00fbr de soi, il se distingue par ses volants ludiques et son imprim\u00e9 l\u00e9opard audacieux. Parfait pour les journ\u00e9es \u00e0 la plage ou au bord de la piscine. Achetez-le d\u00e8s aujourd'hui !<\/p>","protected":false},"featured_media":12574,"comment_status":"open","ping_status":"closed","template":"","meta":[],"product_brand":[],"product_cat":[39],"product_tag":[],"class_list":{"0":"post-12580","1":"product","2":"type-product","3":"status-publish","4":"has-post-thumbnail","6":"product_cat-swimsuit","8":"first","9":"instock","10":"taxable","11":"shipping-taxable","12":"purchasable","13":"product-type-variable"},"_links":{"self":[{"href":"https:\/\/beacheden.com\/fr\/wp-json\/wp\/v2\/product\/12580","targetHints":{"allow":["GET"]}}],"collection":[{"href":"https:\/\/beacheden.com\/fr\/wp-json\/wp\/v2\/product"}],"about":[{"href":"https:\/\/beacheden.com\/fr\/wp-json\/wp\/v2\/types\/product"}],"replies":[{"embeddable":true,"href":"https:\/\/beacheden.com\/fr\/wp-json\/wp\/v2\/comments?post=12580"}],"wp:featuredmedia":[{"embeddable":true,"href":"https:\/\/beacheden.com\/fr\/wp-json\/wp\/v2\/media\/12574"}],"wp:attachment":[{"href":"https:\/\/beacheden.com\/fr\/wp-json\/wp\/v2\/media?parent=12580"}],"wp:term":[{"taxonomy":"product_brand","embeddable":true,"href":"https:\/\/beacheden.com\/fr\/wp-json\/wp\/v2\/product_brand?post=12580"},{"taxonomy":"product_cat","embeddable":true,"href":"https:\/\/beacheden.com\/fr\/wp-json\/wp\/v2\/product_cat?post=12580"},{"taxonomy":"product_tag","embeddable":true,"href":"https:\/\/beacheden.com\/fr\/wp-json\/wp\/v2\/product_tag?post=12580"}],"curies":[{"name":"wp","href":"https:\/\/api.w.org\/{rel}","templated":true}]}}