{"id":12557,"date":"2025-03-29T13:08:32","date_gmt":"2025-03-29T20:08:32","guid":{"rendered":"https:\/\/beacheden.com\/plus-size-triangle-one-piece-swimsuit\/"},"modified":"2025-04-05T14:12:56","modified_gmt":"2025-04-05T21:12:56","slug":"maillot-de-bain-une-piece-taille-plus","status":"publish","type":"product","link":"https:\/\/beacheden.com\/fr\/maillot-de-bain-une-piece-taille-plus\/","title":{"rendered":"Maillot de bain une pi\u00e8ce triangle grande taille"},"content":{"rendered":"<p>Style de mod\u00e8le : protection de l'environnement, durable, conservateur, s\u00e9chage rapide, sexy, grande \u00e9lasticit\u00e9, dos nu, Europe et Am\u00e9rique, taille haute, serr\u00e9, couleur unie, petit et frais.<br \/>\nAvec tra\u00een\u00e9e en acier : pas de support en acier sans coussin thoracique<br \/>\nTissu : Fibre de polyester (polyester)<br \/>\nCouleur : noir, vert<\/p>\n<p><img decoding=\"async\" src=\"https:\/\/cf.cjdropshipping.com\/447901ef-3f82-41fe-ad24-bd58fb308d56.png\" alt=\"\"><\/p>\n<p>1. Les tailles asiatiques sont 1 \u00e0 2 tailles plus petites que les tailles europ\u00e9ennes et am\u00e9ricaines. Choisissez la taille la plus grande si votre taille se situe entre deux tailles. Veuillez tenir compte d'une diff\u00e9rence de 2 \u00e0 3 cm due aux mesures manuelles.<\/p>\n<p>2. Si vous ne savez pas comment choisir votre taille, veuillez contacter notre service client\u00e8le.<\/p>\n<p>3. comme vous le savez, les ordinateurs affichent les couleurs diff\u00e9remment, la couleur de l'article r\u00e9el peut varier l\u00e9g\u00e8rement par rapport aux images suivantes.<\/p>\n<p><img loading=\"lazy\" decoding=\"async\" class=\"alignnone\" src=\"https:\/\/cf.cjdropshipping.com\/eb17ab17-4a18-4b8a-a487-6b437549e0c8.jpg\" alt=\"Maillot de bain une pi\u00e8ce taille plus\" width=\"800\" height=\"800\" \/> <img decoding=\"async\" src=\"https:\/\/cf.cjdropshipping.com\/fbdd40cf-0982-4707-8607-5b647209cdb1.jpg\" alt=\"\"> <img decoding=\"async\" src=\"https:\/\/cf.cjdropshipping.com\/d89e26c5-7308-4500-9f35-e2c138b2b85d.jpg\" alt=\"\"> <img decoding=\"async\" src=\"https:\/\/cf.cjdropshipping.com\/e96cb737-5455-47fb-8bf3-cfd8a868f894.jpg\" alt=\"\"> <img decoding=\"async\" src=\"https:\/\/cf.cjdropshipping.com\/e814ef1d-b5ef-449c-8211-dabfc163f24b.jpg\" alt=\"\"><\/p>","protected":false},"excerpt":{"rendered":"<p>Maillot de bain une pi\u00e8ce grande taille pour un confort et un style ultimes. Sentez-vous confiante et belle \u00e0 la plage ou \u00e0 la piscine. Acheter maintenant !<\/p>","protected":false},"featured_media":12553,"comment_status":"open","ping_status":"closed","template":"","meta":[],"product_brand":[],"product_cat":[39],"product_tag":[],"class_list":{"0":"post-12557","1":"product","2":"type-product","3":"status-publish","4":"has-post-thumbnail","6":"product_cat-swimsuit","8":"first","9":"instock","10":"taxable","11":"shipping-taxable","12":"purchasable","13":"product-type-variable"},"_links":{"self":[{"href":"https:\/\/beacheden.com\/fr\/wp-json\/wp\/v2\/product\/12557","targetHints":{"allow":["GET"]}}],"collection":[{"href":"https:\/\/beacheden.com\/fr\/wp-json\/wp\/v2\/product"}],"about":[{"href":"https:\/\/beacheden.com\/fr\/wp-json\/wp\/v2\/types\/product"}],"replies":[{"embeddable":true,"href":"https:\/\/beacheden.com\/fr\/wp-json\/wp\/v2\/comments?post=12557"}],"wp:featuredmedia":[{"embeddable":true,"href":"https:\/\/beacheden.com\/fr\/wp-json\/wp\/v2\/media\/12553"}],"wp:attachment":[{"href":"https:\/\/beacheden.com\/fr\/wp-json\/wp\/v2\/media?parent=12557"}],"wp:term":[{"taxonomy":"product_brand","embeddable":true,"href":"https:\/\/beacheden.com\/fr\/wp-json\/wp\/v2\/product_brand?post=12557"},{"taxonomy":"product_cat","embeddable":true,"href":"https:\/\/beacheden.com\/fr\/wp-json\/wp\/v2\/product_cat?post=12557"},{"taxonomy":"product_tag","embeddable":true,"href":"https:\/\/beacheden.com\/fr\/wp-json\/wp\/v2\/product_tag?post=12557"}],"curies":[{"name":"wp","href":"https:\/\/api.w.org\/{rel}","templated":true}]}}