{"id":12532,"date":"2025-03-29T13:04:41","date_gmt":"2025-03-29T20:04:41","guid":{"rendered":"https:\/\/beacheden.com\/plus-size-solid-color-split-ladies-bikini-set\/"},"modified":"2025-07-21T14:06:13","modified_gmt":"2025-07-21T21:06:13","slug":"bikini-fendu","status":"publish","type":"product","link":"https:\/\/beacheden.com\/fr\/bikini-fendu\/","title":{"rendered":"Ensemble de bikinis pour dames de taille sup\u00e9rieure avec fente de couleur unie"},"content":{"rendered":"<p><b>D\u00e9tails du produit :<\/b><br \/>\nSexe applicable : f\u00e9minin<br \/>\nNom du tissu : Polyester<br \/>\nContenu des composants du tissu : 82 (%)<br \/>\nCouleur : noir, orange<br \/>\nManches : sans manches<\/p>\n<p><b>Informations sur la taille :<\/b><\/p>\n<p>Taille : L, XL, 2XL, 3XL, 4XL<\/p>\n<p><img decoding=\"async\" src=\"https:\/\/cf.cjdropshipping.com\/4f1f14d5-1785-4ca9-914f-0afba27059be.png\" alt=\"\"><\/p>\n<p><b>La pr\u00e9vention :<\/b><br \/>\n1. Les tailles asiatiques sont 1 \u00e0 2 tailles plus petites que les tailles europ\u00e9ennes et am\u00e9ricaines. Si votre taille se situe entre les deux, veuillez choisir la taille la plus grande. En raison des mesures manuelles, il y a une diff\u00e9rence de 2 \u00e0 3 cm.<br \/>\n2. Si vous ne savez pas comment choisir la taille, veuillez v\u00e9rifier soigneusement le tableau des tailles avant d'acheter l'article, ou contactez notre service client\u00e8le.<br \/>\n3. Comme vous le savez, les ordinateurs affichent les couleurs de diff\u00e9rentes mani\u00e8res, la couleur de l'article r\u00e9el peut \u00eatre l\u00e9g\u00e8rement diff\u00e9rente de l'image ci-dessous.<\/p>\n<p><b>Contenu du paquet :<\/b><br \/>\nSoutien-gorge X1+pantalon X1<\/p>\n<p><img loading=\"lazy\" decoding=\"async\" class=\"alignnone\" src=\"https:\/\/cf.cjdropshipping.com\/33b9e867-87c7-4ab6-898b-d195ee944c4e.jpg\" alt=\"Bikini fendu\" width=\"800\" height=\"800\" \/> <img decoding=\"async\" src=\"https:\/\/cf.cjdropshipping.com\/e636f575-3a49-4a0d-bdcd-a8e6c23d5b57.jpg\" alt=\"\"> <img decoding=\"async\" src=\"https:\/\/cf.cjdropshipping.com\/31da4b0b-35f5-405d-9bf4-008e14559d37.jpg\" alt=\"\"> <img decoding=\"async\" src=\"https:\/\/cf.cjdropshipping.com\/18bda139-f8db-4f90-a6ae-75fdd08079ca.jpg\" alt=\"\"> <img decoding=\"async\" src=\"https:\/\/cf.cjdropshipping.com\/d4ba9c34-2311-4963-87c7-a16459d11542.jpg\" alt=\"\"><\/p>","protected":false},"excerpt":{"rendered":"<p>Bikini fendu con\u00e7u pour mettre en valeur vos courbes avec confort et style. Parfait pour <a href=\"https:\/\/beacheden.com\/fr\/haut-de-bikini-en-crochet\/?wmc-currency=EUR\" title=\"Maillot de bain en crochet fait \u00e0 la main Bikini Swimsuit Top\" target=\"_blank\" rel=\"noopener\"  data-wpil-monitor-id=\"68\">les journ\u00e9es \u00e0 la plage ou le farniente au bord de la piscine<\/a>Cette pi\u00e8ce chic est un gage d'assurance et d'allure. Achetez d\u00e8s aujourd'hui !<\/p>","protected":false},"featured_media":12527,"comment_status":"open","ping_status":"closed","template":"","meta":[],"product_brand":[],"product_cat":[40],"product_tag":[],"class_list":{"0":"post-12532","1":"product","2":"type-product","3":"status-publish","4":"has-post-thumbnail","6":"product_cat-bikini","8":"first","9":"instock","10":"taxable","11":"shipping-taxable","12":"purchasable","13":"product-type-variable"},"_links":{"self":[{"href":"https:\/\/beacheden.com\/fr\/wp-json\/wp\/v2\/product\/12532","targetHints":{"allow":["GET"]}}],"collection":[{"href":"https:\/\/beacheden.com\/fr\/wp-json\/wp\/v2\/product"}],"about":[{"href":"https:\/\/beacheden.com\/fr\/wp-json\/wp\/v2\/types\/product"}],"replies":[{"embeddable":true,"href":"https:\/\/beacheden.com\/fr\/wp-json\/wp\/v2\/comments?post=12532"}],"wp:featuredmedia":[{"embeddable":true,"href":"https:\/\/beacheden.com\/fr\/wp-json\/wp\/v2\/media\/12527"}],"wp:attachment":[{"href":"https:\/\/beacheden.com\/fr\/wp-json\/wp\/v2\/media?parent=12532"}],"wp:term":[{"taxonomy":"product_brand","embeddable":true,"href":"https:\/\/beacheden.com\/fr\/wp-json\/wp\/v2\/product_brand?post=12532"},{"taxonomy":"product_cat","embeddable":true,"href":"https:\/\/beacheden.com\/fr\/wp-json\/wp\/v2\/product_cat?post=12532"},{"taxonomy":"product_tag","embeddable":true,"href":"https:\/\/beacheden.com\/fr\/wp-json\/wp\/v2\/product_tag?post=12532"}],"curies":[{"name":"wp","href":"https:\/\/api.w.org\/{rel}","templated":true}]}}