{"id":12514,"date":"2025-03-29T12:59:17","date_gmt":"2025-03-29T19:59:17","guid":{"rendered":"https:\/\/beacheden.com\/three-piece-long-skirt-solid-color-lace-up-swimsuit\/"},"modified":"2025-11-01T13:49:23","modified_gmt":"2025-11-01T20:49:23","slug":"maillot-de-bain-trois-pieces","status":"publish","type":"product","link":"https:\/\/beacheden.com\/fr\/maillot-de-bain-trois-pieces\/","title":{"rendered":"Maillot de bain trois pi\u00e8ces \u00e0 jupe longue et \u00e0 lacets de couleur unie"},"content":{"rendered":"<p><b>Informations sur le produit :<\/b><\/p>\n<p>Sexe applicable : Femme<br \/>\n\u00c2ge d'application : adulte<br \/>\nStyle du motif : Couleur unie, sexy, <a href=\"https:\/\/beacheden.com\/fr\/bikini-papillon\/?wmc-currency=EUR\" title=\"Maillot de bain Bikini Femme Style Europ\u00e9en et Am\u00e9ricain Sexy Maillot de bain Papillon\" target=\"_blank\" rel=\"noopener\"  data-wpil-monitor-id=\"137\">Europ\u00e9en et am\u00e9ricain<\/a><br \/>\nTra\u00een\u00e9e avec ou sans acier : support en acier avec coussinet thoracique<br \/>\nComposition du tissu : Fibre de polyester (polyester)<br \/>\nSc\u00e9nario d'application : <a href=\"https:\/\/beacheden.com\/fr\/maillot-de-bain-une-piece-creux-a-encolure-en-v-avec-coutures-en-maille\/?wmc-currency=EUR\" title=\"Maillot de bain une pi\u00e8ce \u00e0 col en V creux et coutures en maille\" target=\"_blank\" rel=\"noopener\"  data-wpil-monitor-id=\"189\">la natation et le pataugeage<\/a><br \/>\nCouleur : blanc, violet<\/p>\n<p>&nbsp;<\/p>\n<p><b>Informations sur la taille :<\/b><br \/>\nTaille : S\/M\/L<\/p>\n<p><img decoding=\"async\" src=\"https:\/\/cf.cjdropshipping.com\/bd788aaa-3fee-4cd2-9dfd-29a54b7e9cd0.jpg\" alt=\"\"><\/p>\n<p><b>Remarque :<\/b><br \/>\n1. Les tailles asiatiques sont 1 \u00e0 2 tailles plus petites que les tailles europ\u00e9ennes et am\u00e9ricaines. Choisissez la taille la plus grande si votre taille se situe entre deux tailles. Veuillez tenir compte d'une diff\u00e9rence de 2 \u00e0 3 cm due aux mesures manuelles.<br \/>\n2. Si vous ne savez pas comment choisir votre taille, veuillez contacter notre service client\u00e8le.<br \/>\n3. comme vous le savez, les ordinateurs affichent les couleurs diff\u00e9remment, la couleur de l'article r\u00e9el peut varier l\u00e9g\u00e8rement par rapport aux images suivantes.<\/p>\n<p><b>Liste d'emballage :<\/b><\/p>\n<p>Jupe *1Bra*1 Culotte*1<\/p>\n<p>&nbsp;<\/p>\n<p><b>Image du produit :<\/b><\/p>\n<p><img loading=\"lazy\" decoding=\"async\" class=\"alignnone\" src=\"https:\/\/cf.cjdropshipping.com\/40d96960-acee-4690-b914-8c0f2ab7e88f.jpg\" alt=\"Maillot de bain trois pi\u00e8ces\" width=\"800\" height=\"800\" \/> <img decoding=\"async\" src=\"https:\/\/cf.cjdropshipping.com\/7d61aa75-e392-49ea-83b7-b1192d869ac8.jpg\" alt=\"\"> <img decoding=\"async\" src=\"https:\/\/cf.cjdropshipping.com\/6d1ece84-2874-456b-94a9-c68b12293cf5.jpg\" alt=\"\"> <img decoding=\"async\" src=\"https:\/\/cf.cjdropshipping.com\/7d507132-b039-424e-b54e-d171037760df.jpg\" alt=\"\"> <img decoding=\"async\" src=\"https:\/\/cf.cjdropshipping.com\/6b376859-a54c-4d0e-8f1b-95b9eda6d9a1.jpg\" alt=\"\"> <img decoding=\"async\" src=\"https:\/\/cf.cjdropshipping.com\/3653d838-ad65-49ef-a9eb-f19f2aaca165.jpg\" alt=\"\"><\/p>","protected":false},"excerpt":{"rendered":"<p>Le maillot de bain trois pi\u00e8ces offre un style polyvalent et une coupe impeccable, parfait pour la plage ou la piscine. Profitez du confort, de l'assurance et des mod\u00e8les chics qui s'adaptent \u00e0 votre style unique. Plongez dans l'\u00e9l\u00e9gance sans effort d\u00e8s maintenant !<\/p>","protected":false},"featured_media":12508,"comment_status":"open","ping_status":"closed","template":"","meta":[],"product_brand":[],"product_cat":[40],"product_tag":[],"class_list":{"0":"post-12514","1":"product","2":"type-product","3":"status-publish","4":"has-post-thumbnail","6":"product_cat-bikini","8":"first","9":"instock","10":"taxable","11":"shipping-taxable","12":"purchasable","13":"product-type-variable"},"_links":{"self":[{"href":"https:\/\/beacheden.com\/fr\/wp-json\/wp\/v2\/product\/12514","targetHints":{"allow":["GET"]}}],"collection":[{"href":"https:\/\/beacheden.com\/fr\/wp-json\/wp\/v2\/product"}],"about":[{"href":"https:\/\/beacheden.com\/fr\/wp-json\/wp\/v2\/types\/product"}],"replies":[{"embeddable":true,"href":"https:\/\/beacheden.com\/fr\/wp-json\/wp\/v2\/comments?post=12514"}],"wp:featuredmedia":[{"embeddable":true,"href":"https:\/\/beacheden.com\/fr\/wp-json\/wp\/v2\/media\/12508"}],"wp:attachment":[{"href":"https:\/\/beacheden.com\/fr\/wp-json\/wp\/v2\/media?parent=12514"}],"wp:term":[{"taxonomy":"product_brand","embeddable":true,"href":"https:\/\/beacheden.com\/fr\/wp-json\/wp\/v2\/product_brand?post=12514"},{"taxonomy":"product_cat","embeddable":true,"href":"https:\/\/beacheden.com\/fr\/wp-json\/wp\/v2\/product_cat?post=12514"},{"taxonomy":"product_tag","embeddable":true,"href":"https:\/\/beacheden.com\/fr\/wp-json\/wp\/v2\/product_tag?post=12514"}],"curies":[{"name":"wp","href":"https:\/\/api.w.org\/{rel}","templated":true}]}}