{"id":12499,"date":"2025-03-29T12:55:39","date_gmt":"2025-03-29T19:55:39","guid":{"rendered":"https:\/\/beacheden.com\/womens-solid-color-sexy-split-swimsuit\/"},"modified":"2025-11-01T13:49:28","modified_gmt":"2025-11-01T20:49:28","slug":"maillot-de-bain-fendu-sexy","status":"publish","type":"product","link":"https:\/\/beacheden.com\/fr\/maillot-de-bain-fendu-sexy\/","title":{"rendered":"Maillot de bain fendu sexy de couleur unie pour femmes"},"content":{"rendered":"<p>Faites-vous remarquer cette saison avec le <strong>Maillot de bain sexy fendu <\/strong>Ce maillot de bain a \u00e9t\u00e9 con\u00e7u pour c\u00e9l\u00e9brer votre confiance en vous et votre individualit\u00e9. Ce superbe maillot de bain pr\u00e9sente une fente flatteuse qui met en valeur vos courbes tout en apportant une touche d'\u00e9l\u00e9gance audacieuse. Fabriqu\u00e9 dans un tissu de qualit\u00e9 sup\u00e9rieure \u00e0 s\u00e9chage rapide, il assure un confort tout au long de la journ\u00e9e sans compromettre le style.<\/p>\n<p>Sa silhouette \u00e9l\u00e9gante et sa coupe ajustable sont parfaites pour les journ\u00e9es \u00e0 la plage, les f\u00eates au bord de la piscine ou les vacances o\u00f9 vous voulez vous d\u00e9marquer. Faites preuve d'audace, faites-vous plaisir : ce mod\u00e8le est id\u00e9al pour la plage, les soir\u00e9es au bord de la piscine ou les vacances o\u00f9 vous souhaitez vous d\u00e9marquer. <a href=\"https:\/\/beacheden.com\/fr\/maillot-de-bain-en-nylon\/?wmc-currency=EUR\" title=\"Maillot de bain une pi\u00e8ce pour femmes, couleur unie Nylon\" target=\"_blank\" rel=\"noopener\"  data-wpil-monitor-id=\"3\">Le maillot de bain est l'accessoire indispensable de l'\u00e9t\u00e9<\/a>. Achetez maintenant et faites tourner les t\u00eates avec une sophistication sans effort !<\/p>\n<p><b>Informations sur le produit :<\/b><\/p>\n<p>Sexe applicable : f\u00e9minin<br \/>\nAvec remorque en acier ou non : avec coussin thoracique sans support en acier<br \/>\nComposition du tissu : polyester (polyester)<br \/>\nDoublure : polyester<br \/>\nComposition de la doublure : spandex<\/p>\n<p><b>Informations sur la taille :<\/b><br \/>\nTaille : S\/M\/L\/XL<\/p>\n<table style=\"text-align: center;\" border=\"0\" width=\"100%\" cellspacing=\"0\" cellpadding=\"0\">\n<tbody>\n<tr>\n<th>Taille\uff1acm<\/th>\n<th>Hanche<\/th>\n<th>Buste<\/th>\n<th>Taille<\/th>\n<\/tr>\n<tr>\n<td>S<\/td>\n<td>80-85<\/td>\n<td>75-80<\/td>\n<td>60-65<\/td>\n<\/tr>\n<tr>\n<td>M<\/td>\n<td>85-90<\/td>\n<td>80-85<\/td>\n<td>65-70<\/td>\n<\/tr>\n<tr>\n<td>L<\/td>\n<td>90-95<\/td>\n<td>85-90<\/td>\n<td>70-75<\/td>\n<\/tr>\n<tr>\n<td>XL<\/td>\n<td>95-100<\/td>\n<td>90-95<\/td>\n<td>75-80<\/td>\n<\/tr>\n<\/tbody>\n<\/table>\n<p>&nbsp;<\/p>\n<p><b>Remarque :<\/b><br \/>\n1. Les tailles asiatiques sont 1 \u00e0 2 tailles plus petites que les tailles <a href=\"https:\/\/beacheden.com\/fr\/maillot-de-bain-sexy-a-lacets\/?wmc-currency=EUR\" title=\"Color European and American Sexy Halterneck Lace-up Swimsuit (Maillot de bain lac\u00e9)\" target=\"_blank\" rel=\"noopener\"  data-wpil-monitor-id=\"13\">Europ\u00e9en et am\u00e9ricain<\/a> personnes. Choisissez la taille la plus grande si votre taille se situe entre deux tailles. Veuillez tenir compte d'une diff\u00e9rence de 2 \u00e0 3 cm due aux mesures manuelles.<br \/>\n2. Si vous ne savez pas comment choisir votre taille, veuillez contacter notre service client\u00e8le.<br \/>\n3. comme vous le savez, les ordinateurs affichent les couleurs diff\u00e9remment, la couleur de l'article r\u00e9el peut varier l\u00e9g\u00e8rement par rapport aux images suivantes.<\/p>\n<p><b>Liste d'emballage :<\/b><\/p>\n<p>Top*1+Pantalon*1<\/p>\n<p>&nbsp;<\/p>\n<p><b>Image du produit :<\/b><\/p>\n<p><img loading=\"lazy\" decoding=\"async\" class=\"alignnone\" src=\"https:\/\/cf.cjdropshipping.com\/f9a07a2e-f2ed-47b5-ba6f-f0d922c68a65.jpg\" alt=\"Maillot de bain sexy fendu\" width=\"800\" height=\"800\" \/><\/p>\n<p><img decoding=\"async\" src=\"https:\/\/cf.cjdropshipping.com\/aa3f6319-d6ba-4e05-9d7a-e53795536d74.jpg\" alt=\"\"><\/p>\n<p><img decoding=\"async\" src=\"https:\/\/cf.cjdropshipping.com\/145d3626-e6f4-4adc-9ff0-375c74d7993d.jpg\" alt=\"\"><\/p>","protected":false},"excerpt":{"rendered":"<p>Maillot de bain sexy fendu, con\u00e7u pour mettre en valeur vos courbes avec un design chic et audacieux. Parfait pour la plage ou la piscine, il allie \u00e9l\u00e9gance, confort et confiance en soi. <a href=\"https:\/\/beacheden.com\/fr\/robe-creuse\/?wmc-currency=EUR\" title=\"Perspective Color Mesh Beach Blouse Dress\" target=\"_blank\" rel=\"noopener\"  data-wpil-monitor-id=\"184\">Am\u00e9liorez votre garde-robe<\/a> maintenant !<\/p>","protected":false},"featured_media":12494,"comment_status":"open","ping_status":"closed","template":"","meta":[],"product_brand":[],"product_cat":[40],"product_tag":[],"class_list":{"0":"post-12499","1":"product","2":"type-product","3":"status-publish","4":"has-post-thumbnail","6":"product_cat-bikini","8":"first","9":"instock","10":"taxable","11":"shipping-taxable","12":"purchasable","13":"product-type-variable"},"_links":{"self":[{"href":"https:\/\/beacheden.com\/fr\/wp-json\/wp\/v2\/product\/12499","targetHints":{"allow":["GET"]}}],"collection":[{"href":"https:\/\/beacheden.com\/fr\/wp-json\/wp\/v2\/product"}],"about":[{"href":"https:\/\/beacheden.com\/fr\/wp-json\/wp\/v2\/types\/product"}],"replies":[{"embeddable":true,"href":"https:\/\/beacheden.com\/fr\/wp-json\/wp\/v2\/comments?post=12499"}],"wp:featuredmedia":[{"embeddable":true,"href":"https:\/\/beacheden.com\/fr\/wp-json\/wp\/v2\/media\/12494"}],"wp:attachment":[{"href":"https:\/\/beacheden.com\/fr\/wp-json\/wp\/v2\/media?parent=12499"}],"wp:term":[{"taxonomy":"product_brand","embeddable":true,"href":"https:\/\/beacheden.com\/fr\/wp-json\/wp\/v2\/product_brand?post=12499"},{"taxonomy":"product_cat","embeddable":true,"href":"https:\/\/beacheden.com\/fr\/wp-json\/wp\/v2\/product_cat?post=12499"},{"taxonomy":"product_tag","embeddable":true,"href":"https:\/\/beacheden.com\/fr\/wp-json\/wp\/v2\/product_tag?post=12499"}],"curies":[{"name":"wp","href":"https:\/\/api.w.org\/{rel}","templated":true}]}}