{"id":12463,"date":"2025-03-29T12:44:16","date_gmt":"2025-03-29T19:44:16","guid":{"rendered":"https:\/\/beacheden.com\/strap-retro-digital-print-beach-swimsuit\/"},"modified":"2025-07-20T15:58:10","modified_gmt":"2025-07-20T22:58:10","slug":"maillot-de-bain-a-bretelles-retro-digital-print-beach-swimsuit","status":"publish","type":"product","link":"https:\/\/beacheden.com\/fr\/maillot-de-bain-a-bretelles-retro-digital-print-beach-swimsuit\/","title":{"rendered":"Maillot de bain de plage \u00e0 bretelles, imprim\u00e9 num\u00e9rique r\u00e9tro"},"content":{"rendered":"<p><b>Informations sur le produit :<\/b><\/p>\n<p>Style de motif : floral, sexy, serr\u00e9, dos nu, europ\u00e9en et am\u00e9ricain<br \/>\nAvec remorque en acier ou non : avec coussin thoracique sans support en acier<br \/>\nMotif : Fleurs<br \/>\nNom du tissu : polyester<br \/>\nComposition du tissu : spandex<br \/>\nComposition du tissu : 8218 (%)<br \/>\nDoublure : polyester<\/p>\n<p><b>Informations sur la taille :<\/b><br \/>\nTaille : S\/M\/L\/XL\/XXL<\/p>\n<p><img decoding=\"async\" src=\"https:\/\/cf.cjdropshipping.com\/quick\/product\/bf6b016a-21dd-4fa4-b8d6-5e4a66d09983.jpg\" alt=\"chimabiao1\" \/><\/p>\n<p><b>Remarque :<\/b><br \/>\n1. Les tailles asiatiques sont 1 \u00e0 2 tailles plus petites que les tailles <a href=\"https:\/\/beacheden.com\/fr\/maillot-de-bain-sexy-a-imprime-digital-croise\/?wmc-currency=EUR\" title=\"Maillot de bain Bikini europ\u00e9en et am\u00e9ricain Bikini imprim\u00e9 num\u00e9rique Croix Sexy Slim Swimsuit\" target=\"_blank\" rel=\"noopener\"  data-wpil-monitor-id=\"211\">Europ\u00e9en et am\u00e9ricain<\/a> personnes. Choisissez la taille la plus grande si votre taille se situe entre deux tailles. Veuillez tenir compte d'une diff\u00e9rence de 2 \u00e0 3 cm due aux mesures manuelles.<br \/>\n2. Si vous ne savez pas comment choisir votre taille, veuillez contacter notre service client\u00e8le.<br \/>\n3. comme vous le savez, les ordinateurs affichent les couleurs diff\u00e9remment, la couleur de l'article r\u00e9el peut varier l\u00e9g\u00e8rement par rapport aux images suivantes.<\/p>\n<p><b>Liste d'emballage :<\/b><\/p>\n<p>Maillot de bain*1<\/p>\n<p><b>Image du produit :<\/b><\/p>\n<p><b>\u00a0<\/b><\/p>\n<p><img loading=\"lazy\" decoding=\"async\" class=\"alignnone\" src=\"https:\/\/cf.cjdropshipping.com\/quick\/product\/d445b2fc-b4af-4fe1-bf4c-4079f9cfe250.jpg\" alt=\"Maillot de bain de plage \u00e0 bretelles, imprim\u00e9 num\u00e9rique r\u00e9tro\" width=\"800\" height=\"800\" \/><\/p>\n<p><img decoding=\"async\" src=\"https:\/\/cf.cjdropshipping.com\/quick\/product\/071a4a74-541b-4c3c-a66e-affab65f00f6.jpg\" alt=\"4-8\" \/><\/p>\n<p><img decoding=\"async\" src=\"https:\/\/cf.cjdropshipping.com\/quick\/product\/3c2b3dee-4451-4f77-8a9c-4a8681cd8a66.jpg\" alt=\"ind\u00e9fini\" \/><\/p>\n<p><img decoding=\"async\" src=\"https:\/\/cf.cjdropshipping.com\/quick\/product\/35244b42-4adb-406d-8499-f48acc80007f.jpg\" alt=\"ind\u00e9fini\" \/><\/p>\n<p><img decoding=\"async\" src=\"https:\/\/cf.cjdropshipping.com\/quick\/product\/8fa59ad6-b0d0-4fd0-8f1d-8ab0ffdc8551.jpg\" alt=\"ind\u00e9fini\" \/><\/p>\n<p><img decoding=\"async\" src=\"https:\/\/cf.cjdropshipping.com\/quick\/product\/9eba1cf7-dc17-4c9b-9900-4a8c7b9a6754.jpg\" alt=\"ind\u00e9fini\" \/><\/p>\n<p><img decoding=\"async\" src=\"https:\/\/cf.cjdropshipping.com\/quick\/product\/e8865c5c-2886-45f3-a06d-60d1d71daa98.jpg\" alt=\"4-7\" \/><\/p>\n<p><img decoding=\"async\" src=\"https:\/\/cf.cjdropshipping.com\/quick\/product\/ebfe939f-27b9-40fd-9988-4784d663a26e.jpg\" alt=\"4-6\" \/><\/p>\n<p><img decoding=\"async\" src=\"https:\/\/cf.cjdropshipping.com\/quick\/product\/64e9a2ab-682c-49c9-87bf-2bf5a7915d06.jpg\" alt=\"4-5\" \/> <b><br \/>\n<\/b><\/p>","protected":false},"excerpt":{"rendered":"<p>Maillot de bain de plage \u00e0 bretelles, imprim\u00e9 num\u00e9rique r\u00e9tro - Faites sensation cette saison ! Avec son design r\u00e9tro audacieux, ses bretelles r\u00e9glables et sa coupe flatteuse, ce maillot de bain de plage \u00e0 l'imprim\u00e9 num\u00e9rique est un mod\u00e8le d'originalit\u00e9. <a href=\"https:\/\/beacheden.com\/fr\/maillot-de-bain-en-nylon\/?wmc-currency=EUR\" title=\"Maillot de bain une pi\u00e8ce pour femmes, couleur unie Nylon\" target=\"_blank\" rel=\"noopener\"  data-wpil-monitor-id=\"4\">Le maillot de bain est parfait pour la plage<\/a>Le soleil est au rendez-vous, les soir\u00e9es au bord de la piscine et les escapades ensoleill\u00e9es. Restez \u00e9l\u00e9gant et confiant !<\/p>","protected":false},"featured_media":12457,"comment_status":"open","ping_status":"closed","template":"","meta":[],"product_brand":[],"product_cat":[39],"product_tag":[],"class_list":{"0":"post-12463","1":"product","2":"type-product","3":"status-publish","4":"has-post-thumbnail","6":"product_cat-swimsuit","8":"first","9":"instock","10":"taxable","11":"shipping-taxable","12":"purchasable","13":"product-type-variable"},"_links":{"self":[{"href":"https:\/\/beacheden.com\/fr\/wp-json\/wp\/v2\/product\/12463","targetHints":{"allow":["GET"]}}],"collection":[{"href":"https:\/\/beacheden.com\/fr\/wp-json\/wp\/v2\/product"}],"about":[{"href":"https:\/\/beacheden.com\/fr\/wp-json\/wp\/v2\/types\/product"}],"replies":[{"embeddable":true,"href":"https:\/\/beacheden.com\/fr\/wp-json\/wp\/v2\/comments?post=12463"}],"wp:featuredmedia":[{"embeddable":true,"href":"https:\/\/beacheden.com\/fr\/wp-json\/wp\/v2\/media\/12457"}],"wp:attachment":[{"href":"https:\/\/beacheden.com\/fr\/wp-json\/wp\/v2\/media?parent=12463"}],"wp:term":[{"taxonomy":"product_brand","embeddable":true,"href":"https:\/\/beacheden.com\/fr\/wp-json\/wp\/v2\/product_brand?post=12463"},{"taxonomy":"product_cat","embeddable":true,"href":"https:\/\/beacheden.com\/fr\/wp-json\/wp\/v2\/product_cat?post=12463"},{"taxonomy":"product_tag","embeddable":true,"href":"https:\/\/beacheden.com\/fr\/wp-json\/wp\/v2\/product_tag?post=12463"}],"curies":[{"name":"wp","href":"https:\/\/api.w.org\/{rel}","templated":true}]}}