{"id":12324,"date":"2025-03-29T12:34:54","date_gmt":"2025-03-29T19:34:54","guid":{"rendered":"https:\/\/beacheden.com\/one-piece-swimsuit-amazon-positioning-print-sexy-bikini-swimsuit\/"},"modified":"2025-04-06T09:43:00","modified_gmt":"2025-04-06T16:43:00","slug":"bikini-a-motifs","status":"publish","type":"product","link":"https:\/\/beacheden.com\/fr\/bikini-a-motifs\/","title":{"rendered":"Maillot de bain une pi\u00e8ce Amazon Positioning Print Sexy Bikini Swimsuit"},"content":{"rendered":"<p>Mettez le feu aux poudres avec notre superbe bikini \u00e0 motifs, o\u00f9 les motifs audacieux c\u00f4toient le confort ultime. Ce maillot de bain accrocheur pr\u00e9sente des imprim\u00e9s vibrants qui flattent toutes les morphologies. Il est fabriqu\u00e9 dans des mati\u00e8res douces et durables pour garantir un ajustement parfait.<\/p>\n<p>Les bretelles r\u00e9glables et la doublure de haute qualit\u00e9 offrent un soutien in\u00e9gal\u00e9, tandis que les motifs uniques en font un incontournable de votre garde-robe estivale. Que vous soyez <a href=\"https:\/\/beacheden.com\/fr\/bikini-deux-pieces-imprime\/?wmc-currency=EUR\" title=\"Bikini deux pi\u00e8ces imprim\u00e9\" target=\"_blank\" rel=\"noopener\"  data-wpil-monitor-id=\"108\">se pr\u00e9lasser au bord de la piscine<\/a> ou prendre le soleil \u00e0 la plage, ce bikini est con\u00e7u pour que vous vous sentiez s\u00fbre de vous, \u00e9l\u00e9gante et chic sans effort.<\/p>\n<p>Plongez dans l'\u00e9t\u00e9 avec un look aussi unique que vous !<\/p>\n<p><b>Informations sur le produit :<\/b><br \/>\nMat\u00e9riau : <span style=\"font-size: 1em;\">nylon\uff0c<\/span> <span style=\"font-size: 1em;\">\u00e9lasthanne<\/span><\/p>\n<p>Style : <span style=\"font-size: 1em;\">frange<\/span><\/p>\n<p>Couleur : <span style=\"font-size: 1em;\">Vert, caf\u00e9, bleu clair, fleur rouge, impression rouge sur noir, laser bleu, laser multicolore, multicolore, barre bleue, noir, nouvelle couleur<\/span><\/p>\n<p><b>Informations sur la taille :<\/b><br \/>\nTaille : L\/XL\/XXL\/3XL\/4XL\/5XL<\/p>\n<p><img decoding=\"async\" src=\"https:\/\/cf.cjdropshipping.com\/4983dbef-a499-4e43-bf78-43dc84adf503.png\" alt=\"\"><\/p>\n<p><b>Remarque :<\/b><br \/>\n1. Les tailles asiatiques sont 1 \u00e0 2 tailles plus petites que les tailles <a href=\"https:\/\/beacheden.com\/fr\/bikini-fluo\/?wmc-currency=EUR\" title=\"Chan Double New Swimsuit Solid Color Bikini Ladies Swimsuit European and American Swimwear Foreign Trade Beanies\" target=\"_blank\" rel=\"noopener\"  data-wpil-monitor-id=\"128\">Europ\u00e9en et am\u00e9ricain<\/a> personnes. Choisissez la taille la plus grande si votre taille se situe entre deux tailles. Veuillez tenir compte d'une diff\u00e9rence de 2 \u00e0 3 cm due aux mesures manuelles.<br \/>\n2. Si vous ne savez pas comment choisir votre taille, veuillez contacter notre service client\u00e8le.<br \/>\n3. comme vous le savez, les ordinateurs affichent les couleurs diff\u00e9remment, la couleur de l'article r\u00e9el peut varier l\u00e9g\u00e8rement par rapport aux images suivantes.<\/p>\n<p><b>Liste d'emballage :<\/b><\/p>\n<p><span style=\"font-size: 1em;\">\u00a0Maillot de bain*1<\/span><\/p>\n<p>&nbsp;<\/p>\n<p><b>Image du produit :<\/b><\/p>\n<p>Image compl\u00e8te : <img loading=\"lazy\" decoding=\"async\" class=\"alignnone\" src=\"https:\/\/cf.cjdropshipping.com\/7dfe59d6-21d3-495a-a6d7-526736d34579.jpg\" alt=\"Bikini \u00e0 motifs\" width=\"1080\" height=\"1080\" \/> <img decoding=\"async\" src=\"https:\/\/cf.cjdropshipping.com\/418abe95-8097-46a8-8497-c35b780c55b3.jpg\" alt=\"\"> <img decoding=\"async\" src=\"https:\/\/cf.cjdropshipping.com\/26789587-9e2c-4d02-816b-f185a3136cbf.jpg\" alt=\"\"> <img decoding=\"async\" src=\"https:\/\/cf.cjdropshipping.com\/4310a729-a3e1-4971-8963-02eeef79d308.jpg\" alt=\"\"> <img decoding=\"async\" src=\"https:\/\/cf.cjdropshipping.com\/7b5f0901-a7e5-40d3-b069-892f2405bfd8.jpg\" alt=\"\"> <img decoding=\"async\" src=\"https:\/\/cf.cjdropshipping.com\/fe611362-f052-48a2-9bab-22340ea7bf8d.jpg\" alt=\"\"> <img decoding=\"async\" src=\"https:\/\/cf.cjdropshipping.com\/ef927eb4-1aa8-488b-ab6d-500bbd8f282b.jpg\" alt=\"\"> <img decoding=\"async\" src=\"https:\/\/cf.cjdropshipping.com\/7e6e5c27-6d32-491d-ae56-f4d70cb6b222.jpg\" alt=\"\"> <img decoding=\"async\" src=\"https:\/\/cf.cjdropshipping.com\/4a1d0bb8-3f2b-431d-a548-e0fa40474308.jpg\" alt=\"\"> <img decoding=\"async\" src=\"https:\/\/cf.cjdropshipping.com\/e2de894d-5d31-4cc7-8648-922995e911db.jpg\" alt=\"\"> <img decoding=\"async\" src=\"https:\/\/cf.cjdropshipping.com\/1e367860-e442-4499-a7ba-bff8ea66256c.jpg\" alt=\"\"><\/p>\n<p>Image de d\u00e9tail :<\/p>","protected":false},"excerpt":{"rendered":"<p>Bikini \u00e0 motifs con\u00e7u pour faire tourner les t\u00eates. Avec ses imprim\u00e9s vibrants et sa coupe impeccable, c'est l'indispensable de l'\u00e9t\u00e9. Prenez confiance en vous !<\/p>","protected":false},"featured_media":12314,"comment_status":"open","ping_status":"closed","template":"","meta":[],"product_brand":[],"product_cat":[39],"product_tag":[],"class_list":{"0":"post-12324","1":"product","2":"type-product","3":"status-publish","4":"has-post-thumbnail","6":"product_cat-swimsuit","8":"first","9":"instock","10":"taxable","11":"shipping-taxable","12":"purchasable","13":"product-type-variable"},"_links":{"self":[{"href":"https:\/\/beacheden.com\/fr\/wp-json\/wp\/v2\/product\/12324","targetHints":{"allow":["GET"]}}],"collection":[{"href":"https:\/\/beacheden.com\/fr\/wp-json\/wp\/v2\/product"}],"about":[{"href":"https:\/\/beacheden.com\/fr\/wp-json\/wp\/v2\/types\/product"}],"replies":[{"embeddable":true,"href":"https:\/\/beacheden.com\/fr\/wp-json\/wp\/v2\/comments?post=12324"}],"wp:featuredmedia":[{"embeddable":true,"href":"https:\/\/beacheden.com\/fr\/wp-json\/wp\/v2\/media\/12314"}],"wp:attachment":[{"href":"https:\/\/beacheden.com\/fr\/wp-json\/wp\/v2\/media?parent=12324"}],"wp:term":[{"taxonomy":"product_brand","embeddable":true,"href":"https:\/\/beacheden.com\/fr\/wp-json\/wp\/v2\/product_brand?post=12324"},{"taxonomy":"product_cat","embeddable":true,"href":"https:\/\/beacheden.com\/fr\/wp-json\/wp\/v2\/product_cat?post=12324"},{"taxonomy":"product_tag","embeddable":true,"href":"https:\/\/beacheden.com\/fr\/wp-json\/wp\/v2\/product_tag?post=12324"}],"curies":[{"name":"wp","href":"https:\/\/api.w.org\/{rel}","templated":true}]}}