{"id":12283,"date":"2025-03-29T12:30:03","date_gmt":"2025-03-29T19:30:03","guid":{"rendered":"https:\/\/beacheden.com\/new-one-piece-swimsuit-with-bikini-print\/"},"modified":"2025-05-21T16:15:30","modified_gmt":"2025-05-21T23:15:30","slug":"maillots-de-bain-ethniques","status":"publish","type":"product","link":"https:\/\/beacheden.com\/fr\/maillots-de-bain-ethniques\/","title":{"rendered":"New One Piece Swimsuit With Bikini Print"},"content":{"rendered":"<p>Nom du tissu : Polyester<br \/>\nComposition du tissu : polyester (polyester)<br \/>\nComposition du tissu : 98 (%)<br \/>\nPoids G : 200 (g)<br \/>\nNom de la doublure : Polyester<br \/>\nComposition de la doublure : polyester (polyester)<br \/>\nTeneur en ingr\u00e9dients de la doublure : 98 (%)<\/p>\n<p><img decoding=\"async\" src=\"https:\/\/cf.cjdropshipping.com\/8e819602-8969-422b-bc16-4888aac4730e.png\" alt=\"\"><\/p>\n<p><img loading=\"lazy\" decoding=\"async\" class=\"alignnone\" src=\"https:\/\/cf.cjdropshipping.com\/16778016\/1631735244648484864.jpg\" alt=\"Maillots de bain ethniques\" width=\"800\" height=\"800\" \/><\/p>\n<p><img decoding=\"async\" src=\"https:\/\/cf.cjdropshipping.com\/16778016\/1631735252613468160.jpg\" alt=\"\"><\/p>\n<p><img decoding=\"async\" src=\"https:\/\/cf.cjdropshipping.com\/16778016\/1631735259840253952.jpg\" alt=\"\"><br \/>\n<img decoding=\"async\" src=\"https:\/\/cf.cjdropshipping.com\/16778016\/1631735267952037888.jpg\" alt=\"\"> \u00a01. Les tailles asiatiques sont 1 \u00e0 2 tailles plus petites que les tailles europ\u00e9ennes et am\u00e9ricaines. Choisissez la taille la plus grande si votre taille se situe entre deux tailles. Veuillez tenir compte d'une diff\u00e9rence de 2 \u00e0 3 cm due aux mesures manuelles.<\/p>\n<p>2. Si vous ne savez pas comment choisir votre taille, veuillez contacter notre service client\u00e8le.<\/p>\n<p>3. comme vous le savez, les ordinateurs affichent les couleurs diff\u00e9remment, la couleur de l'article r\u00e9el peut varier l\u00e9g\u00e8rement par rapport aux images suivantes.<\/p>","protected":false},"excerpt":{"rendered":"<p>Les maillots de bain ethniques allient traditions vibrantes et tendances modernes, offrant des styles uniques qui c\u00e9l\u00e8brent la diversit\u00e9 et la confiance en soi. Parfaits pour se d\u00e9marquer sur la plage ou au bord de la piscine !<\/p>","protected":false},"featured_media":12277,"comment_status":"open","ping_status":"closed","template":"","meta":[],"product_brand":[],"product_cat":[39],"product_tag":[],"class_list":{"0":"post-12283","1":"product","2":"type-product","3":"status-publish","4":"has-post-thumbnail","6":"product_cat-swimsuit","8":"first","9":"instock","10":"taxable","11":"shipping-taxable","12":"purchasable","13":"product-type-variable"},"_links":{"self":[{"href":"https:\/\/beacheden.com\/fr\/wp-json\/wp\/v2\/product\/12283","targetHints":{"allow":["GET"]}}],"collection":[{"href":"https:\/\/beacheden.com\/fr\/wp-json\/wp\/v2\/product"}],"about":[{"href":"https:\/\/beacheden.com\/fr\/wp-json\/wp\/v2\/types\/product"}],"replies":[{"embeddable":true,"href":"https:\/\/beacheden.com\/fr\/wp-json\/wp\/v2\/comments?post=12283"}],"wp:featuredmedia":[{"embeddable":true,"href":"https:\/\/beacheden.com\/fr\/wp-json\/wp\/v2\/media\/12277"}],"wp:attachment":[{"href":"https:\/\/beacheden.com\/fr\/wp-json\/wp\/v2\/media?parent=12283"}],"wp:term":[{"taxonomy":"product_brand","embeddable":true,"href":"https:\/\/beacheden.com\/fr\/wp-json\/wp\/v2\/product_brand?post=12283"},{"taxonomy":"product_cat","embeddable":true,"href":"https:\/\/beacheden.com\/fr\/wp-json\/wp\/v2\/product_cat?post=12283"},{"taxonomy":"product_tag","embeddable":true,"href":"https:\/\/beacheden.com\/fr\/wp-json\/wp\/v2\/product_tag?post=12283"}],"curies":[{"name":"wp","href":"https:\/\/api.w.org\/{rel}","templated":true}]}}