{"id":12264,"date":"2025-03-29T12:26:17","date_gmt":"2025-03-29T19:26:17","guid":{"rendered":"https:\/\/beacheden.com\/one-piece-hot-spring-sexy-printed-high-waist-halter-swimsuit\/"},"modified":"2025-04-07T03:14:10","modified_gmt":"2025-04-07T10:14:10","slug":"maillot-de-bain-elegant-a-taille-haute-et-col-licou","status":"publish","type":"product","link":"https:\/\/beacheden.com\/fr\/maillot-de-bain-elegant-a-taille-haute-et-col-licou\/","title":{"rendered":"Maillot de bain une pi\u00e8ce Hot Spring Sexy Printed High Waist Halter Swimsuit"},"content":{"rendered":"<p><b>D\u00e9tails du produit<\/b><br \/>\nStyle : Maillot de bain une pi\u00e8ce<br \/>\nSexe applicable : f\u00e9minin<br \/>\n\u00c2ge d'application : adulte<br \/>\nMotif : taille haute, sexy, dos nu, <a href=\"https:\/\/beacheden.com\/fr\/maillots-de-bain-pour-femmes\/?wmc-currency=EUR\" title=\"Bikini V profond Maillot de bain en polyester Conjointes europ\u00e9ennes et am\u00e9ricaines\" target=\"_blank\" rel=\"noopener\"  data-wpil-monitor-id=\"155\">Europ\u00e9en et am\u00e9ricain<\/a>, conservateur<br \/>\nAvec tra\u00een\u00e9e en acier : avec coussinet thoracique sans support en acier<br \/>\nNom du tissu : polyester<br \/>\nComposition du tissu : fibre de polyester (polyester)<br \/>\nDoublure : polyester<\/p>\n<p><b>Liste d'emballage :<\/b><\/p>\n<p>Maillot de bain une pi\u00e8ce x1<\/p>\n<p>&nbsp;<\/p>\n<p><b>Information sur la taille\uff1a<\/b><\/p>\n<p><img decoding=\"async\" src=\"https:\/\/cf.cjdropshipping.com\/1623914955142.jpg\" alt=\"\"><\/p>\n<p>1. Les tailles asiatiques sont 1 \u00e0 2 tailles plus petites que les tailles europ\u00e9ennes et am\u00e9ricaines. Choisissez la taille la plus grande si votre taille se situe entre deux tailles. Veuillez tenir compte d'une diff\u00e9rence de 2 \u00e0 3 cm due aux mesures manuelles.<\/p>\n<p>2. Si vous ne savez pas comment choisir votre taille, veuillez contacter notre service client\u00e8le.<\/p>\n<p>3. comme vous le savez, les ordinateurs affichent les couleurs diff\u00e9remment, la couleur de l'article r\u00e9el peut varier l\u00e9g\u00e8rement par rapport aux images suivantes.<\/p>\n<p>&nbsp;<\/p>\n<p><img decoding=\"async\" src=\"https:\/\/cf.cjdropshipping.com\/1623914978464.jpg\" alt=\"\"> <img loading=\"lazy\" decoding=\"async\" class=\"alignnone\" src=\"https:\/\/cf.cjdropshipping.com\/1623914978495.jpg\" alt=\"Maillot de bain \u00e9l\u00e9gant \u00e0 taille haute et col licou\" width=\"800\" height=\"800\" \/> <img decoding=\"async\" src=\"https:\/\/cf.cjdropshipping.com\/1623914978490.jpg\" alt=\"\"> <img decoding=\"async\" src=\"https:\/\/cf.cjdropshipping.com\/1623914978492.jpg\" alt=\"\"> <img decoding=\"async\" src=\"https:\/\/cf.cjdropshipping.com\/1623914978484.jpg\" alt=\"\"><\/p>","protected":false},"excerpt":{"rendered":"<p>Ce maillot de bain \u00e9l\u00e9gant \u00e0 taille haute et col licou allie \u00e9l\u00e9gance et confort. Parfait pour les journ\u00e9es de plage en toute confiance !<\/p>","protected":false},"featured_media":12259,"comment_status":"open","ping_status":"closed","template":"","meta":[],"product_brand":[],"product_cat":[39],"product_tag":[],"class_list":{"0":"post-12264","1":"product","2":"type-product","3":"status-publish","4":"has-post-thumbnail","6":"product_cat-swimsuit","8":"first","9":"instock","10":"taxable","11":"shipping-taxable","12":"purchasable","13":"product-type-variable"},"_links":{"self":[{"href":"https:\/\/beacheden.com\/fr\/wp-json\/wp\/v2\/product\/12264","targetHints":{"allow":["GET"]}}],"collection":[{"href":"https:\/\/beacheden.com\/fr\/wp-json\/wp\/v2\/product"}],"about":[{"href":"https:\/\/beacheden.com\/fr\/wp-json\/wp\/v2\/types\/product"}],"replies":[{"embeddable":true,"href":"https:\/\/beacheden.com\/fr\/wp-json\/wp\/v2\/comments?post=12264"}],"wp:featuredmedia":[{"embeddable":true,"href":"https:\/\/beacheden.com\/fr\/wp-json\/wp\/v2\/media\/12259"}],"wp:attachment":[{"href":"https:\/\/beacheden.com\/fr\/wp-json\/wp\/v2\/media?parent=12264"}],"wp:term":[{"taxonomy":"product_brand","embeddable":true,"href":"https:\/\/beacheden.com\/fr\/wp-json\/wp\/v2\/product_brand?post=12264"},{"taxonomy":"product_cat","embeddable":true,"href":"https:\/\/beacheden.com\/fr\/wp-json\/wp\/v2\/product_cat?post=12264"},{"taxonomy":"product_tag","embeddable":true,"href":"https:\/\/beacheden.com\/fr\/wp-json\/wp\/v2\/product_tag?post=12264"}],"curies":[{"name":"wp","href":"https:\/\/api.w.org\/{rel}","templated":true}]}}