{"id":12210,"date":"2025-03-29T11:11:49","date_gmt":"2025-03-29T18:11:49","guid":{"rendered":"https:\/\/beacheden.com\/candy-color-woven-flat-sandals-and-slippers\/"},"modified":"2025-03-29T11:13:20","modified_gmt":"2025-03-29T18:13:20","slug":"sandales-et-pantoufles-plates-tissees-de-couleur-bonbon","status":"publish","type":"product","link":"https:\/\/beacheden.com\/fr\/sandales-et-pantoufles-plates-tissees-de-couleur-bonbon\/","title":{"rendered":"Sandales et pantoufles plates tiss\u00e9es Candy Color"},"content":{"rendered":"<p> <b>Informations sur le produit :<\/b>  <\/p>\n<p> Ann\u00e9e et saison de mise en vente (d\u00e9lai de commercialisation) : \u00c9t\u00e9 2021 <br \/> Dernier d\u00e9lai de livraison : 3 jours <br \/> Couleur : jaune, violet, vert, beige <br \/> Taille : 35,36,37,38,39,40 si l'exportation transfrontali\u00e8re est une source d'approvisionnement sp\u00e9ciale <br \/> non <br \/> M\u00e9thode de fermeture : mettre le pied \u00e0 terre <\/p>\n<p> <b> <br \/> <\/b> <\/p>\n<p> <b>Paquet :<\/b> <br \/> 1 paire de pantoufles <\/p>\n<p> <b> <br \/> <\/b> <\/p>\n<p> <b>Informations sur la taille :<\/b>  <\/p>\n<p> <span style=\"font-size: 1em\">35,36,37,38,39,40<\/span>  <\/p>\n<p> <b> <br \/> <\/b> <\/p>\n<p> <img decoding=\"async\" src=\"https:\/\/cf.cjdropshipping.com\/1621068951215.png\" alt=\"\"> <b>Liste d'emballage :<\/b> <\/p>\n<p> <img decoding=\"async\" src=\"https:\/\/cf.cjdropshipping.com\/1621068900503.jpg\" alt=\"\"> <img decoding=\"async\" src=\"https:\/\/cf.cjdropshipping.com\/1621068900504.jpg\" alt=\"\"> <img decoding=\"async\" src=\"https:\/\/cf.cjdropshipping.com\/1621068900506.jpg\" alt=\"\"> <img decoding=\"async\" src=\"https:\/\/cf.cjdropshipping.com\/1621068900505.jpg\" alt=\"\">  <\/p>","protected":false},"excerpt":{"rendered":"<p>Informations sur le produit : Ann\u00e9e et saison de l'inscription (d\u00e9lai de commercialisation) : \u00c9t\u00e9 2021 Dernier d\u00e9lai de livraison : 3 jours Couleur : jaune, violet, vert, beige Taille : 35,36,37,38,39,40 si l'exportation transfrontali\u00e8re source sp\u00e9ciale d'approvisionnement non M\u00e9thode de fermeture : pied fixe Emballage : 1 paire de pantoufles Informations sur la taille : 35,36,37,38,39,40 Liste d'emballage :<\/p>","protected":false},"featured_media":12205,"comment_status":"open","ping_status":"closed","template":"","meta":[],"product_brand":[],"product_cat":[43],"product_tag":[],"class_list":{"0":"post-12210","1":"product","2":"type-product","3":"status-publish","4":"has-post-thumbnail","6":"product_cat-sandals","8":"first","9":"instock","10":"taxable","11":"shipping-taxable","12":"purchasable","13":"product-type-variable"},"_links":{"self":[{"href":"https:\/\/beacheden.com\/fr\/wp-json\/wp\/v2\/product\/12210","targetHints":{"allow":["GET"]}}],"collection":[{"href":"https:\/\/beacheden.com\/fr\/wp-json\/wp\/v2\/product"}],"about":[{"href":"https:\/\/beacheden.com\/fr\/wp-json\/wp\/v2\/types\/product"}],"replies":[{"embeddable":true,"href":"https:\/\/beacheden.com\/fr\/wp-json\/wp\/v2\/comments?post=12210"}],"wp:featuredmedia":[{"embeddable":true,"href":"https:\/\/beacheden.com\/fr\/wp-json\/wp\/v2\/media\/12205"}],"wp:attachment":[{"href":"https:\/\/beacheden.com\/fr\/wp-json\/wp\/v2\/media?parent=12210"}],"wp:term":[{"taxonomy":"product_brand","embeddable":true,"href":"https:\/\/beacheden.com\/fr\/wp-json\/wp\/v2\/product_brand?post=12210"},{"taxonomy":"product_cat","embeddable":true,"href":"https:\/\/beacheden.com\/fr\/wp-json\/wp\/v2\/product_cat?post=12210"},{"taxonomy":"product_tag","embeddable":true,"href":"https:\/\/beacheden.com\/fr\/wp-json\/wp\/v2\/product_tag?post=12210"}],"curies":[{"name":"wp","href":"https:\/\/api.w.org\/{rel}","templated":true}]}}