{"id":12092,"date":"2025-03-29T10:38:19","date_gmt":"2025-03-29T17:38:19","guid":{"rendered":"https:\/\/beacheden.com\/plus-size-womens-platform-woven-buckle-sandals\/"},"modified":"2025-05-21T15:25:00","modified_gmt":"2025-05-21T22:25:00","slug":"plus-size-womens-platform-woven-buckle-sandals","status":"publish","type":"product","link":"https:\/\/beacheden.com\/fr\/plus-size-womens-platform-woven-buckle-sandals\/","title":{"rendered":"Sandales \u00e0 boucles tress\u00e9es pour femmes de taille sup\u00e9rieure"},"content":{"rendered":"<p> <b>Produit i<\/b> <b style=\"font-size: 1em\">nformation :<\/b> <\/p>\n<p> Couleur : blanc, jaune, rouge, noir, violet, bleu clair, marron <br \/> Mati\u00e8re sup\u00e9rieure : PU <br \/> Cat\u00e9gorie de produit : Sandales \u00e0 lani\u00e8res \u00e0 un mot <br \/> Forme des orteils : t\u00eate ronde <br \/> Style : Europe et Am\u00e9rique <br \/> Mat\u00e9riau de la semelle : composite <\/p>\n<p> <b>Informations sur la taille :<\/b> <br \/> Taille : 36, 37, 38, 39, 40, 41, 42, 43 <br \/> <img decoding=\"async\" src=\"https:\/\/cf.cjdropshipping.com\/3e3c4f06-0bee-4c2f-8e85-a98be42f4f6e.jpg\" alt=\"\"> <\/p>\n<p> <b>Liste d'emballage :<\/b> <br \/> Sandales*1 paire <\/p>\n<p> <img decoding=\"async\" src=\"https:\/\/cf.cjdropshipping.com\/9301b3f9-2b51-4a54-bfe8-b306b0052ab3.jpg\" alt=\"\"> <img decoding=\"async\" src=\"https:\/\/cf.cjdropshipping.com\/8e952f55-6b7d-41a1-9db5-c8a1bc0a585e.jpg\" alt=\"\"> <img decoding=\"async\" src=\"https:\/\/cf.cjdropshipping.com\/fd36ee2a-7533-46bc-8666-73492a4118a3.jpg\" alt=\"\"> <img decoding=\"async\" src=\"https:\/\/cf.cjdropshipping.com\/7637de49-51d0-4f05-b572-eb096e0b1aa9.jpg\" alt=\"\"> <img decoding=\"async\" src=\"https:\/\/cf.cjdropshipping.com\/1e548457-f138-43c8-811f-dc37745b6232.jpg\" alt=\"\"> <img decoding=\"async\" src=\"https:\/\/cf.cjdropshipping.com\/fbd8d38e-998e-46fe-af36-7f74573ee22f.jpg\" alt=\"\"> <img decoding=\"async\" src=\"https:\/\/cf.cjdropshipping.com\/26e2127b-15ea-46e5-b105-78f2b3b43ba7.jpg\" alt=\"\"> <img decoding=\"async\" src=\"https:\/\/cf.cjdropshipping.com\/9d968aa5-eee0-4e14-855e-cc3ae9c7596d.jpg\" alt=\"\">  <\/p>","protected":false},"excerpt":{"rendered":"<p>Informations sur le produit : Couleur : blanc, jaune, rouge, noir, violet, bleu clair, marron Mat\u00e9riau sup\u00e9rieur : PU Cat\u00e9gorie de produit : Sandales \u00e0 lani\u00e8res \u00e0 un mot Forme de l'orteil : t\u00eate ronde Style : Europe et Am\u00e9rique Mat\u00e9riau de la semelle : composite Informations sur la taille : Taille : 36,37,38,39,40,41,42,43 Liste d'emballage : Sandales*1paire<\/p>","protected":false},"featured_media":12082,"comment_status":"open","ping_status":"closed","template":"","meta":[],"product_brand":[],"product_cat":[43],"product_tag":[],"class_list":{"0":"post-12092","1":"product","2":"type-product","3":"status-publish","4":"has-post-thumbnail","6":"product_cat-sandals","8":"first","9":"instock","10":"taxable","11":"shipping-taxable","12":"purchasable","13":"product-type-variable"},"_links":{"self":[{"href":"https:\/\/beacheden.com\/fr\/wp-json\/wp\/v2\/product\/12092","targetHints":{"allow":["GET"]}}],"collection":[{"href":"https:\/\/beacheden.com\/fr\/wp-json\/wp\/v2\/product"}],"about":[{"href":"https:\/\/beacheden.com\/fr\/wp-json\/wp\/v2\/types\/product"}],"replies":[{"embeddable":true,"href":"https:\/\/beacheden.com\/fr\/wp-json\/wp\/v2\/comments?post=12092"}],"wp:featuredmedia":[{"embeddable":true,"href":"https:\/\/beacheden.com\/fr\/wp-json\/wp\/v2\/media\/12082"}],"wp:attachment":[{"href":"https:\/\/beacheden.com\/fr\/wp-json\/wp\/v2\/media?parent=12092"}],"wp:term":[{"taxonomy":"product_brand","embeddable":true,"href":"https:\/\/beacheden.com\/fr\/wp-json\/wp\/v2\/product_brand?post=12092"},{"taxonomy":"product_cat","embeddable":true,"href":"https:\/\/beacheden.com\/fr\/wp-json\/wp\/v2\/product_cat?post=12092"},{"taxonomy":"product_tag","embeddable":true,"href":"https:\/\/beacheden.com\/fr\/wp-json\/wp\/v2\/product_tag?post=12092"}],"curies":[{"name":"wp","href":"https:\/\/api.w.org\/{rel}","templated":true}]}}