{"id":12001,"date":"2025-03-29T10:22:13","date_gmt":"2025-03-29T17:22:13","guid":{"rendered":"https:\/\/beacheden.com\/thick-soled-slippers-women-wear-high-roman-shoes-in-summer\/"},"modified":"2025-03-29T10:25:12","modified_gmt":"2025-03-29T17:25:12","slug":"chaussons-a-semelles-epaisses-chaussures-dete-a-semelles-hautes-pour-femmes","status":"publish","type":"product","link":"https:\/\/beacheden.com\/fr\/chaussons-a-semelles-epaisses-chaussures-dete-a-semelles-hautes-pour-femmes\/","title":{"rendered":"Chaussons \u00e0 semelles \u00e9paisses Les femmes portent des chaussures romaines hautes en \u00e9t\u00e9"},"content":{"rendered":"<p> <b> Informations sur le produit : <br \/> <\/b> <\/p>\n<p> Mat\u00e9riau de l'empeigne : PU <br \/> Cat\u00e9gorie de produit : Chevrons <br \/> Forme du bout : bout rond <br \/> Style : D\u00e9contract\u00e9 <br \/> Mat\u00e9riau de la semelle : PVC <\/p>\n<p> <b> <br \/> Informations sur la taille : <br \/> <\/b> <img decoding=\"async\" src=\"https:\/\/cf.cjdropshipping.com\/c2bed754-862b-48c4-a05a-d5a264839655.png\" alt=\"\"> <\/p>\n<p> <b>Liste de colisage\uff1a<\/b> <\/p>\n<p> Chaussures*1 paire  <\/p>\n<p> <img decoding=\"async\" src=\"https:\/\/cf.cjdropshipping.com\/0e692194-eafc-41bb-baea-25bbedb9a317.jpg\" alt=\"\"> <img decoding=\"async\" src=\"https:\/\/cf.cjdropshipping.com\/e7467130-7583-4413-af01-4ea66244d398.jpg\" alt=\"\"> <img decoding=\"async\" src=\"https:\/\/cf.cjdropshipping.com\/9924ec35-747d-43df-bbae-6325af18538a.jpg\" alt=\"\"> <img decoding=\"async\" src=\"https:\/\/cf.cjdropshipping.com\/e9443a70-f785-40e4-a8c0-9d624645e8dd.jpg\" alt=\"\"> <img decoding=\"async\" src=\"https:\/\/cf.cjdropshipping.com\/10d839ce-cc58-4c68-a543-d27ed4772cf2.jpg\" alt=\"\"> <img decoding=\"async\" src=\"https:\/\/cf.cjdropshipping.com\/77b4715c-4f93-4513-8716-2db4202f5651.jpg\" alt=\"\"> <img decoding=\"async\" src=\"https:\/\/cf.cjdropshipping.com\/ed7e00bf-fc70-4eb7-b3b3-0f87ff987d79.jpg\" alt=\"\"> <img decoding=\"async\" src=\"https:\/\/cf.cjdropshipping.com\/0e43ee5d-20ad-4a90-963d-ddc113f8c493.jpg\" alt=\"\"> <img decoding=\"async\" src=\"https:\/\/cf.cjdropshipping.com\/ec1c6cdf-709d-48f5-8010-d68125acffc0.jpg\" alt=\"\">  <\/p>","protected":false},"excerpt":{"rendered":"<p>Informations sur le produit : Mat\u00e9riau de l'empeigne : PU Cat\u00e9gorie de produit : Chevrons Forme du bout du pied : bout rond Style : Casual Mat\u00e9riau de la semelle : PVC Information sur la taille : Liste d'emballage\uff1a Chaussures*1 paire<\/p>","protected":false},"featured_media":11992,"comment_status":"open","ping_status":"closed","template":"","meta":[],"product_brand":[],"product_cat":[43],"product_tag":[],"class_list":{"0":"post-12001","1":"product","2":"type-product","3":"status-publish","4":"has-post-thumbnail","6":"product_cat-sandals","8":"first","9":"instock","10":"taxable","11":"shipping-taxable","12":"purchasable","13":"product-type-variable"},"_links":{"self":[{"href":"https:\/\/beacheden.com\/fr\/wp-json\/wp\/v2\/product\/12001","targetHints":{"allow":["GET"]}}],"collection":[{"href":"https:\/\/beacheden.com\/fr\/wp-json\/wp\/v2\/product"}],"about":[{"href":"https:\/\/beacheden.com\/fr\/wp-json\/wp\/v2\/types\/product"}],"replies":[{"embeddable":true,"href":"https:\/\/beacheden.com\/fr\/wp-json\/wp\/v2\/comments?post=12001"}],"wp:featuredmedia":[{"embeddable":true,"href":"https:\/\/beacheden.com\/fr\/wp-json\/wp\/v2\/media\/11992"}],"wp:attachment":[{"href":"https:\/\/beacheden.com\/fr\/wp-json\/wp\/v2\/media?parent=12001"}],"wp:term":[{"taxonomy":"product_brand","embeddable":true,"href":"https:\/\/beacheden.com\/fr\/wp-json\/wp\/v2\/product_brand?post=12001"},{"taxonomy":"product_cat","embeddable":true,"href":"https:\/\/beacheden.com\/fr\/wp-json\/wp\/v2\/product_cat?post=12001"},{"taxonomy":"product_tag","embeddable":true,"href":"https:\/\/beacheden.com\/fr\/wp-json\/wp\/v2\/product_tag?post=12001"}],"curies":[{"name":"wp","href":"https:\/\/api.w.org\/{rel}","templated":true}]}}