{"id":11883,"date":"2025-03-29T10:14:25","date_gmt":"2025-03-29T17:14:25","guid":{"rendered":"https:\/\/beacheden.com\/flat-satin-cloth-slippers-female-cashew-flower-beach-sandals-and-slippers\/"},"modified":"2025-03-29T10:17:53","modified_gmt":"2025-03-29T17:17:53","slug":"sandales-et-chaussons-plats-en-tissu-satine-femme-fleur-de-cajou-sandales-et-chaussons-de-plage","status":"publish","type":"product","link":"https:\/\/beacheden.com\/fr\/sandales-et-chaussons-plats-en-tissu-satine-femme-fleur-de-cajou-sandales-et-chaussons-de-plage\/","title":{"rendered":"Sandales et pantoufles plates en tissu de satin Femme Fleur de cajou Sandales de plage et pantoufles"},"content":{"rendered":"<p> <b>Informations sur le produit :<\/b>  <\/p>\n<p> Cat\u00e9gorie de produit : Une police de caract\u00e8res <br \/> \u00c2ge d'application : adulte <br \/> style : D\u00e9contract\u00e9 <br \/> Mati\u00e8re sup\u00e9rieure : cuir synth\u00e9tique <br \/> Mat\u00e9riau de la semelle : composite <br \/> motif : uni <br \/> Sc\u00e8ne applicable : Loisirs <br \/> Semelle : chaussures en viscose <br \/> Fonction : Respirant <br \/> Couleur : jaune, kaki, peau de serpent,&nbsp; <span style=\"font-size: 1em\">color\u00e9<\/span> <span style=\"font-size: 1em\">r, imprim\u00e9 l\u00e9opard, couleur chaude<\/span> <\/p>\n<p>Forme du talon : talon plat<\/p>\n<p> <\/p>\n<p> <b>Information sur la taille\uff1a<\/b> <\/p>\n<p> Taille : 35, 36, 37, 38, 39, 40, 42, 43  <\/p>\n<p> <img decoding=\"async\" src=\"https:\/\/cf.cjdropshipping.com\/740daabc-0f98-426f-898d-f5cb458511b5.png\" alt=\"\">  <\/p>\n<p> <\/p>\n<p> <b>Liste d'emballage :<\/b> <\/p>\n<p>Sandales et pantoufles*1<\/p>\n<p> <\/p>\n<p> <img decoding=\"async\" src=\"https:\/\/cf.cjdropshipping.com\/1e5fc7c0-9e4e-402f-b9b5-0856cbff387f.jpg\" alt=\"\"> <img decoding=\"async\" src=\"https:\/\/cf.cjdropshipping.com\/5acd396f-69df-43a5-9238-5df9c76143d8.jpg\" alt=\"\"> <img decoding=\"async\" src=\"https:\/\/cf.cjdropshipping.com\/8e67f7ef-e0cd-4845-b1d7-eece179804a5.jpg\" alt=\"\"> <img decoding=\"async\" src=\"https:\/\/cf.cjdropshipping.com\/997eafe4-b10e-44e7-acee-f2f66ea236c2.jpg\" alt=\"\"> <img decoding=\"async\" src=\"https:\/\/cf.cjdropshipping.com\/f5650b4f-95be-4c3d-9203-1c43e884ead7.jpg\" alt=\"\"> <img decoding=\"async\" src=\"https:\/\/cf.cjdropshipping.com\/261ad522-5e36-4eb3-9d7c-de80cb7bdfc8.jpg\" alt=\"\"> <b> <br \/> <\/b> <\/p>","protected":false},"excerpt":{"rendered":"<p>Informations sur le produit : Cat\u00e9gorie de produit : Une police \u00c2ge applicable : adulte Style : Casual Mat\u00e9riau sup\u00e9rieur : cuir synth\u00e9tique Mat\u00e9riau de la semelle : composite Motif : uni Sc\u00e8ne applicable : Loisirs Semelle : chaussures en viscose Fonction : Respirant Couleur : jaune, kaki, peau de serpent, r color, impression l\u00e9opard, couleur point chaud Forme du talon : talon plat Information sur la taille\uff1a Taille : 35,36,37,38,39,40,42,43 Liste d'emballage : Sandales et pantoufles*1<\/p>","protected":false},"featured_media":11877,"comment_status":"open","ping_status":"closed","template":"","meta":[],"product_brand":[],"product_cat":[43],"product_tag":[],"class_list":{"0":"post-11883","1":"product","2":"type-product","3":"status-publish","4":"has-post-thumbnail","6":"product_cat-sandals","8":"first","9":"instock","10":"taxable","11":"shipping-taxable","12":"purchasable","13":"product-type-variable"},"_links":{"self":[{"href":"https:\/\/beacheden.com\/fr\/wp-json\/wp\/v2\/product\/11883","targetHints":{"allow":["GET"]}}],"collection":[{"href":"https:\/\/beacheden.com\/fr\/wp-json\/wp\/v2\/product"}],"about":[{"href":"https:\/\/beacheden.com\/fr\/wp-json\/wp\/v2\/types\/product"}],"replies":[{"embeddable":true,"href":"https:\/\/beacheden.com\/fr\/wp-json\/wp\/v2\/comments?post=11883"}],"wp:featuredmedia":[{"embeddable":true,"href":"https:\/\/beacheden.com\/fr\/wp-json\/wp\/v2\/media\/11877"}],"wp:attachment":[{"href":"https:\/\/beacheden.com\/fr\/wp-json\/wp\/v2\/media?parent=11883"}],"wp:term":[{"taxonomy":"product_brand","embeddable":true,"href":"https:\/\/beacheden.com\/fr\/wp-json\/wp\/v2\/product_brand?post=11883"},{"taxonomy":"product_cat","embeddable":true,"href":"https:\/\/beacheden.com\/fr\/wp-json\/wp\/v2\/product_cat?post=11883"},{"taxonomy":"product_tag","embeddable":true,"href":"https:\/\/beacheden.com\/fr\/wp-json\/wp\/v2\/product_tag?post=11883"}],"curies":[{"name":"wp","href":"https:\/\/api.w.org\/{rel}","templated":true}]}}