{"id":11756,"date":"2025-03-29T09:44:18","date_gmt":"2025-03-29T16:44:18","guid":{"rendered":"https:\/\/beacheden.com\/beach-slippers-flip-flops-sandals-to-figure-custom\/"},"modified":"2025-05-21T19:46:17","modified_gmt":"2025-05-22T02:46:17","slug":"pantoufles-de-plage-tongs-sandales-a-personnaliser","status":"publish","type":"product","link":"https:\/\/beacheden.com\/fr\/pantoufles-de-plage-tongs-sandales-a-personnaliser\/","title":{"rendered":"Beach Slippers Flip Flops Sandals To Figure Custom"},"content":{"rendered":"<p> <b>Informations sur le produit : <\/b>  <\/p>\n<p> Cat\u00e9gorie de produit : Chevrons <br \/> \u00c2ge : adulte <br \/> Style : D\u00e9contract\u00e9 <br \/> \u00c9l\u00e9ment populaire : totem <br \/> Mat\u00e9riau de l'empeigne : EVA <br \/> Mat\u00e9riau de la semelle : caoutchouc <\/p>\n<p> <\/p>\n<p> <b>Informations sur la taille :&nbsp;<\/b> <\/p>\n<p>Taille : M7, M8, M9, M10, M11, M12, N5, N6, N7, N8, N9, N10<\/p>\n<p> <img decoding=\"async\" src=\"https:\/\/cf.cjdropshipping.com\/b5c78d29-38d6-4817-97b9-9ea0900af9e1.png\" alt=\"\"> <\/p>\n<p> <b>Liste de colisage\uff1a<\/b> <br \/> Chaussures*1 paire <\/p>\n<p> <\/p>\n<p> <img decoding=\"async\" src=\"https:\/\/cf.cjdropshipping.com\/2a7eef8e-d2ef-41b6-930c-6a884857acb0.jpg\" alt=\"\"> <img decoding=\"async\" src=\"https:\/\/cf.cjdropshipping.com\/9ae8b5eb-37a5-4861-80ba-0617a17d14f6.png\" alt=\"\"> <img decoding=\"async\" src=\"https:\/\/cf.cjdropshipping.com\/90db3783-dc2b-48fd-a690-4ad55cf8a13a.jpg\" alt=\"\"> <img decoding=\"async\" src=\"https:\/\/cf.cjdropshipping.com\/db2436b2-fe4e-4cdd-9668-d5a49f5b3adb.jpg\" alt=\"\"> <img decoding=\"async\" src=\"https:\/\/cf.cjdropshipping.com\/86c69e0c-ae3f-46c2-8def-ffbec533387d.jpg\" alt=\"\"> <img decoding=\"async\" src=\"https:\/\/cf.cjdropshipping.com\/e12b29a7-6931-41c5-9215-1b922be227ba.jpg\" alt=\"\"> <img decoding=\"async\" src=\"https:\/\/cf.cjdropshipping.com\/f01063e8-b175-411a-89f9-541f8572b068.png\" alt=\"\">  <\/p>","protected":false},"excerpt":{"rendered":"<p>Informations sur le produit : Cat\u00e9gorie de produit : Chevrons Age : adulte Style : Casual \u00c9l\u00e9ment populaire : totem Mat\u00e9riau de l'empeigne : EVA Mat\u00e9riau de la semelle : caoutchouc Informations sur la taille : Taille : M7, M8, M9, M10, M11, M12, N5, N6, N7, N8, N9, N10 Liste d'emballage\uff1a Chaussures*1 paire<\/p>","protected":false},"featured_media":11748,"comment_status":"open","ping_status":"closed","template":"","meta":[],"product_brand":[],"product_cat":[43],"product_tag":[],"class_list":{"0":"post-11756","1":"product","2":"type-product","3":"status-publish","4":"has-post-thumbnail","6":"product_cat-sandals","8":"first","9":"instock","10":"taxable","11":"shipping-taxable","12":"purchasable","13":"product-type-variable"},"_links":{"self":[{"href":"https:\/\/beacheden.com\/fr\/wp-json\/wp\/v2\/product\/11756","targetHints":{"allow":["GET"]}}],"collection":[{"href":"https:\/\/beacheden.com\/fr\/wp-json\/wp\/v2\/product"}],"about":[{"href":"https:\/\/beacheden.com\/fr\/wp-json\/wp\/v2\/types\/product"}],"replies":[{"embeddable":true,"href":"https:\/\/beacheden.com\/fr\/wp-json\/wp\/v2\/comments?post=11756"}],"wp:featuredmedia":[{"embeddable":true,"href":"https:\/\/beacheden.com\/fr\/wp-json\/wp\/v2\/media\/11748"}],"wp:attachment":[{"href":"https:\/\/beacheden.com\/fr\/wp-json\/wp\/v2\/media?parent=11756"}],"wp:term":[{"taxonomy":"product_brand","embeddable":true,"href":"https:\/\/beacheden.com\/fr\/wp-json\/wp\/v2\/product_brand?post=11756"},{"taxonomy":"product_cat","embeddable":true,"href":"https:\/\/beacheden.com\/fr\/wp-json\/wp\/v2\/product_cat?post=11756"},{"taxonomy":"product_tag","embeddable":true,"href":"https:\/\/beacheden.com\/fr\/wp-json\/wp\/v2\/product_tag?post=11756"}],"curies":[{"name":"wp","href":"https:\/\/api.w.org\/{rel}","templated":true}]}}