{"id":11659,"date":"2025-03-28T04:49:08","date_gmt":"2025-03-28T11:49:08","guid":{"rendered":"https:\/\/beacheden.com\/leaf-print-lace-up-swimsuit\/"},"modified":"2025-04-01T07:59:33","modified_gmt":"2025-04-01T14:59:33","slug":"maillot-de-bain-une-piece-avec-un-profond-v","status":"publish","type":"product","link":"https:\/\/beacheden.com\/fr\/maillot-de-bain-une-piece-avec-un-profond-v\/","title":{"rendered":"Maillot de bain une pi\u00e8ce avec un profond v"},"content":{"rendered":"<p>Maillot de bain \u00e0 lacets imprim\u00e9 feuilles<br \/>\nStyle : Maillot de bain une pi\u00e8ce<br \/>\nSexe applicable : f\u00e9minin<br \/>\n\u00c2ge d'application : adulte<br \/>\nAvec tra\u00een\u00e9e en acier : avec coussinet thoracique sans support en acier<br \/>\nNom du tissu Polyester<br \/>\nComposition du tissu : fibre de polyester (polyester)<br \/>\nContenu du tissu : 80 (%)<br \/>\nCouleur : feuilles vertes, fleurs roses noires, fleurs rouges noires, <img decoding=\"async\" src=\"https:\/\/cf.cjdropshipping.com\/9af73f41-86e8-4c2e-8034-5828ca1ed611.png\" alt=\"\"> <span style=\"font-size: 14px;\">1. Les tailles asiatiques sont 1 \u00e0 2 tailles plus petites que les tailles europ\u00e9ennes et am\u00e9ricaines. Choisissez la taille la plus grande si votre taille se situe entre deux tailles. Veuillez tenir compte d'une diff\u00e9rence de 2 \u00e0 3 cm due aux mesures manuelles.\u00a0<\/span><\/p>\n<p>2. Si vous ne savez pas comment choisir votre taille, veuillez contacter notre service client\u00e8le.<\/p>\n<p>3. comme vous le savez, les ordinateurs affichent les couleurs diff\u00e9remment, la couleur de l'article r\u00e9el peut varier l\u00e9g\u00e8rement par rapport aux images suivantes.<br \/>\n<img loading=\"lazy\" decoding=\"async\" class=\"alignnone\" src=\"https:\/\/cf.cjdropshipping.com\/8557d048-e5b8-4c63-8f7b-b649a4122aad.jpg\" alt=\"Maillot de bain une pi\u00e8ce avec un profond v\" width=\"800\" height=\"800\" \/><br \/>\n<img decoding=\"async\" src=\"https:\/\/cf.cjdropshipping.com\/e6fdfacb-a978-492b-990e-e1eb534e8327.jpg\" alt=\"\"><br \/>\n<img decoding=\"async\" src=\"https:\/\/cf.cjdropshipping.com\/2f16c859-0ddb-4f6d-b8e3-b7520c7f7079.jpg\" alt=\"\"><br \/>\n<img decoding=\"async\" src=\"https:\/\/cf.cjdropshipping.com\/7b4134b9-bce5-4b45-89b0-dc77029cd3a5.jpg\" alt=\"\"><br \/>\n<img decoding=\"async\" src=\"https:\/\/cf.cjdropshipping.com\/d75a4840-9ef1-4450-baeb-e1510e0b8fb8.jpg\" alt=\"\"><br \/>\n<img decoding=\"async\" src=\"https:\/\/cf.cjdropshipping.com\/fbe7c723-7d04-45bc-9c3e-0d684522e345.jpg\" alt=\"\"><br \/>\n<img decoding=\"async\" src=\"https:\/\/cf.cjdropshipping.com\/ec6ba680-e90f-44ec-be2e-25785022b475.jpg\" alt=\"\"><br \/>\n<img decoding=\"async\" src=\"https:\/\/cf.cjdropshipping.com\/1f62b37c-66e0-4c5c-8e66-10bda62f25e4.jpg\" alt=\"\"><br \/>\n<img decoding=\"async\" src=\"https:\/\/cf.cjdropshipping.com\/200d3bd7-695d-4333-aca9-2d49214d4cac.jpg\" alt=\"\"><\/p>","protected":false},"excerpt":{"rendered":"<p><strong data-spm-anchor-id=\"a2ty_o01.29997173.0.i11.51b0c921Fws2bZ\">Maillot de bain une pi\u00e8ce V profond <\/strong>: Le motif floral flatte les courbes gr\u00e2ce \u00e0 un tissu doux et respirant. S\u00e9chage rapide et maintien - le choix id\u00e9al pour la plage !<\/p>","protected":false},"featured_media":11655,"comment_status":"open","ping_status":"closed","template":"","meta":[],"product_brand":[],"product_cat":[39],"product_tag":[],"class_list":{"0":"post-11659","1":"product","2":"type-product","3":"status-publish","4":"has-post-thumbnail","6":"product_cat-swimsuit","8":"first","9":"instock","10":"taxable","11":"shipping-taxable","12":"purchasable","13":"product-type-variable"},"_links":{"self":[{"href":"https:\/\/beacheden.com\/fr\/wp-json\/wp\/v2\/product\/11659","targetHints":{"allow":["GET"]}}],"collection":[{"href":"https:\/\/beacheden.com\/fr\/wp-json\/wp\/v2\/product"}],"about":[{"href":"https:\/\/beacheden.com\/fr\/wp-json\/wp\/v2\/types\/product"}],"replies":[{"embeddable":true,"href":"https:\/\/beacheden.com\/fr\/wp-json\/wp\/v2\/comments?post=11659"}],"wp:featuredmedia":[{"embeddable":true,"href":"https:\/\/beacheden.com\/fr\/wp-json\/wp\/v2\/media\/11655"}],"wp:attachment":[{"href":"https:\/\/beacheden.com\/fr\/wp-json\/wp\/v2\/media?parent=11659"}],"wp:term":[{"taxonomy":"product_brand","embeddable":true,"href":"https:\/\/beacheden.com\/fr\/wp-json\/wp\/v2\/product_brand?post=11659"},{"taxonomy":"product_cat","embeddable":true,"href":"https:\/\/beacheden.com\/fr\/wp-json\/wp\/v2\/product_cat?post=11659"},{"taxonomy":"product_tag","embeddable":true,"href":"https:\/\/beacheden.com\/fr\/wp-json\/wp\/v2\/product_tag?post=11659"}],"curies":[{"name":"wp","href":"https:\/\/api.w.org\/{rel}","templated":true}]}}