{"id":11478,"date":"2025-03-28T04:40:20","date_gmt":"2025-03-28T11:40:20","guid":{"rendered":"https:\/\/beacheden.com\/one-piece-swimsuit-solid-color-sexy-ladies-swimsuit-swimwear\/"},"modified":"2025-09-23T12:20:58","modified_gmt":"2025-09-23T19:20:58","slug":"maillot-de-bain-couleur-unie","status":"publish","type":"product","link":"https:\/\/beacheden.com\/fr\/maillot-de-bain-couleur-unie\/","title":{"rendered":"Maillot de bain une pi\u00e8ce Solid Color Sexy Ladies Swimsuit Swimwear"},"content":{"rendered":"<p><b> Informations sur le produit :<br \/>\n<\/b><\/p>\n<p>Nom du tissu : polyester<br \/>\nComposition du tissu : spandex<br \/>\nComposition du tissu : 80 (%)<br \/>\nDoublure : polyester<br \/>\nCouleur : noir, rouge ros\u00e9, rouge vin, bleu fonc\u00e9, brun, bleu, noix de coco, fleurs bleues, fleurs jaunes, feuilles vertes, fleurs vertes<br \/>\nTaille : S, M, L, XL, XXL<\/p>\n<p><b><br \/>\n<\/b><\/p>\n<p><b>Liste de colisage\uff1a<\/b><\/p>\n<p>Maillot de bain une pi\u00e8ce x1<\/p>\n<p><img loading=\"lazy\" decoding=\"async\" class=\"alignnone\" src=\"https:\/\/cf.cjdropshipping.com\/1623047995424.jpg\" alt=\"Maillot de bain uni\" width=\"800\" height=\"800\" \/> <img decoding=\"async\" src=\"https:\/\/cf.cjdropshipping.com\/1623047995431.jpg\" alt=\"\"> <img decoding=\"async\" src=\"https:\/\/cf.cjdropshipping.com\/1623047995446.jpg\" alt=\"\"> <img decoding=\"async\" src=\"https:\/\/cf.cjdropshipping.com\/1623047995449.jpg\" alt=\"\"> <img decoding=\"async\" src=\"https:\/\/cf.cjdropshipping.com\/1623047995442.jpg\" alt=\"\"> <img decoding=\"async\" src=\"https:\/\/cf.cjdropshipping.com\/1623047995444.jpg\" alt=\"\"> <img decoding=\"async\" src=\"https:\/\/cf.cjdropshipping.com\/1623047995759.jpg\" alt=\"\"> <img decoding=\"async\" src=\"https:\/\/cf.cjdropshipping.com\/1623047995744.jpg\" alt=\"\"> <img decoding=\"async\" src=\"https:\/\/cf.cjdropshipping.com\/1623047995749.jpg\" alt=\"\"> <img decoding=\"async\" src=\"https:\/\/cf.cjdropshipping.com\/1623047995741.jpg\" alt=\"\"> <img decoding=\"async\" src=\"https:\/\/cf.cjdropshipping.com\/1623047995761.jpg\" alt=\"\"> <img decoding=\"async\" src=\"https:\/\/cf.cjdropshipping.com\/1623047996056.jpg\" alt=\"\"> <img decoding=\"async\" src=\"https:\/\/cf.cjdropshipping.com\/1623047995765.jpg\" alt=\"\"><\/p>","protected":false},"excerpt":{"rendered":"<p>Maillot de bain uni : Un must-have minimaliste pour un style sans effort. Con\u00e7u pour le confort et une coupe flatteuse, ce maillot de <a href=\"https:\/\/beacheden.com\/fr\/?wmc-currency=EUR\" title=\"Accueil\" target=\"_blank\" rel=\"noopener\"  data-wpil-monitor-id=\"91\">maillot de bain<\/a> apporte une \u00e9l\u00e9gance intemporelle \u00e0 chaque aventure estivale. Sentez-vous confiant et radieux !<\/p>","protected":false},"featured_media":11468,"comment_status":"open","ping_status":"closed","template":"","meta":[],"product_brand":[],"product_cat":[39],"product_tag":[],"class_list":{"0":"post-11478","1":"product","2":"type-product","3":"status-publish","4":"has-post-thumbnail","6":"product_cat-swimsuit","8":"first","9":"instock","10":"taxable","11":"shipping-taxable","12":"purchasable","13":"product-type-variable"},"_links":{"self":[{"href":"https:\/\/beacheden.com\/fr\/wp-json\/wp\/v2\/product\/11478","targetHints":{"allow":["GET"]}}],"collection":[{"href":"https:\/\/beacheden.com\/fr\/wp-json\/wp\/v2\/product"}],"about":[{"href":"https:\/\/beacheden.com\/fr\/wp-json\/wp\/v2\/types\/product"}],"replies":[{"embeddable":true,"href":"https:\/\/beacheden.com\/fr\/wp-json\/wp\/v2\/comments?post=11478"}],"wp:featuredmedia":[{"embeddable":true,"href":"https:\/\/beacheden.com\/fr\/wp-json\/wp\/v2\/media\/11468"}],"wp:attachment":[{"href":"https:\/\/beacheden.com\/fr\/wp-json\/wp\/v2\/media?parent=11478"}],"wp:term":[{"taxonomy":"product_brand","embeddable":true,"href":"https:\/\/beacheden.com\/fr\/wp-json\/wp\/v2\/product_brand?post=11478"},{"taxonomy":"product_cat","embeddable":true,"href":"https:\/\/beacheden.com\/fr\/wp-json\/wp\/v2\/product_cat?post=11478"},{"taxonomy":"product_tag","embeddable":true,"href":"https:\/\/beacheden.com\/fr\/wp-json\/wp\/v2\/product_tag?post=11478"}],"curies":[{"name":"wp","href":"https:\/\/api.w.org\/{rel}","templated":true}]}}