{"id":11443,"date":"2025-03-28T03:56:28","date_gmt":"2025-03-28T10:56:28","guid":{"rendered":"https:\/\/beacheden.com\/all-in-one-swimsuit-womens-one-piece-color-matching-swimwear\/"},"modified":"2025-04-06T05:11:59","modified_gmt":"2025-04-06T12:11:59","slug":"maillot-de-bain-une-piece-femme","status":"publish","type":"product","link":"https:\/\/beacheden.com\/fr\/maillot-de-bain-une-piece-femme\/","title":{"rendered":"Maillot de bain tout-en-un Maillot de bain une pi\u00e8ce \u00e0 couleurs assorties pour femmes"},"content":{"rendered":"<p><b>Informations sur le produit :<\/b><\/p>\n<p>Mati\u00e8re : Polyester<br \/>\nStyle : Europe et Am\u00e9rique<br \/>\nCouleur :<br \/>\nBlanc, rouge, noir<\/p>\n<p>&nbsp;<\/p>\n<p><b>Informations sur la taille :<\/b><br \/>\nTaille : S, M, L, XL<\/p>\n<table>\n<colgroup>\n<col \/> <\/colgroup>\n<tbody>\n<tr>\n<td>taille<\/td>\n<td>Coupe<\/td>\n<td>Coffre<\/td>\n<td>Taille<\/td>\n<td>Hanches<\/td>\n<\/tr>\n<tr>\n<td>S<\/td>\n<td>AB<\/td>\n<td>32<\/td>\n<td>33<\/td>\n<td>34<\/td>\n<\/tr>\n<tr>\n<td>M<\/td>\n<td>BC<\/td>\n<td>34<\/td>\n<td>35<\/td>\n<td>36<\/td>\n<\/tr>\n<tr>\n<td>L<\/td>\n<td>CD<\/td>\n<td>36<\/td>\n<td>37<\/td>\n<td>38<\/td>\n<\/tr>\n<tr>\n<td>XL<\/td>\n<td>D<\/td>\n<td>38<\/td>\n<td>39<\/td>\n<td>40<\/td>\n<\/tr>\n<tr>\n<td>XXL<\/td>\n<td>DE<\/td>\n<td>40<\/td>\n<td>41<\/td>\n<td>42<\/td>\n<\/tr>\n<\/tbody>\n<\/table>\n<p><b style=\"font-size: 1em;\"><br \/>\nRemarque : <\/b> <b><br \/>\n<\/b><\/p>\n<p>1. Les tailles asiatiques sont 1 \u00e0 2 tailles plus petites que les tailles europ\u00e9ennes et am\u00e9ricaines. Choisissez la taille la plus grande si votre taille se situe entre deux tailles. Veuillez tenir compte d'une diff\u00e9rence de 2 \u00e0 3 cm due aux mesures manuelles.<br \/>\n2. Si vous ne savez pas comment choisir votre taille, veuillez contacter notre service client\u00e8le.<br \/>\n3. comme vous le savez, les ordinateurs affichent les couleurs diff\u00e9remment, la couleur de l'article r\u00e9el peut varier l\u00e9g\u00e8rement par rapport aux images suivantes.<\/p>\n<p><b>Liste d'emballage :<\/b><\/p>\n<p>Maillot de bain une pi\u00e8ce x1<\/p>\n<p>&nbsp;<\/p>\n<p><b>Image du produit :<\/b><\/p>\n<p><img decoding=\"async\" src=\"https:\/\/cf.cjdropshipping.com\/e60438d0-cbaf-4ee2-b1da-3e52a329aba6.jpg\" alt=\"\"> <img decoding=\"async\" src=\"https:\/\/cf.cjdropshipping.com\/b512d9e4-7457-4491-8b53-b7b5d71583c6.jpg\" alt=\"\"> <img decoding=\"async\" src=\"https:\/\/cf.cjdropshipping.com\/ecca2841-3fa6-4283-bc62-e57f01a26bc4.jpg\" alt=\"\"> <img decoding=\"async\" src=\"https:\/\/cf.cjdropshipping.com\/cfa84096-b380-40ce-b1ba-906a52a9ca47.jpg\" alt=\"\"> <b><br \/>\n<\/b><\/p>\n<p><img decoding=\"async\" src=\"https:\/\/cf.cjdropshipping.com\/38d36f7d-547a-4b03-85a8-33d81cad0c64.jpg\" alt=\"\"> <img decoding=\"async\" src=\"https:\/\/cf.cjdropshipping.com\/1490cb4b-56a9-4079-8e40-79cba10df3dc.jpg\" alt=\"\"> <img decoding=\"async\" src=\"https:\/\/cf.cjdropshipping.com\/14db48d2-5f04-4420-88ba-0dde28df8c42.jpg\" alt=\"\"> <img decoding=\"async\" src=\"https:\/\/cf.cjdropshipping.com\/c9a2183b-41d6-4413-a7e9-6a88974fa25d.jpg\" alt=\"\"><\/p>","protected":false},"excerpt":{"rendered":"<p>Ce maillot de bain une pi\u00e8ce pour femme pr\u00e9sente un design \u00e9l\u00e9gant, aux couleurs assorties, pour une silhouette flatteuse. Ultra-confortable et \u00e9l\u00e9gant, il est parfait pour les bains de soleil et la natation. Sentez-vous confiante et chic tout l'\u00e9t\u00e9 !<\/p>","protected":false},"featured_media":11438,"comment_status":"open","ping_status":"closed","template":"","meta":[],"product_brand":[],"product_cat":[39],"product_tag":[],"class_list":{"0":"post-11443","1":"product","2":"type-product","3":"status-publish","4":"has-post-thumbnail","6":"product_cat-swimsuit","8":"first","9":"instock","10":"taxable","11":"shipping-taxable","12":"purchasable","13":"product-type-variable"},"_links":{"self":[{"href":"https:\/\/beacheden.com\/fr\/wp-json\/wp\/v2\/product\/11443","targetHints":{"allow":["GET"]}}],"collection":[{"href":"https:\/\/beacheden.com\/fr\/wp-json\/wp\/v2\/product"}],"about":[{"href":"https:\/\/beacheden.com\/fr\/wp-json\/wp\/v2\/types\/product"}],"replies":[{"embeddable":true,"href":"https:\/\/beacheden.com\/fr\/wp-json\/wp\/v2\/comments?post=11443"}],"wp:featuredmedia":[{"embeddable":true,"href":"https:\/\/beacheden.com\/fr\/wp-json\/wp\/v2\/media\/11438"}],"wp:attachment":[{"href":"https:\/\/beacheden.com\/fr\/wp-json\/wp\/v2\/media?parent=11443"}],"wp:term":[{"taxonomy":"product_brand","embeddable":true,"href":"https:\/\/beacheden.com\/fr\/wp-json\/wp\/v2\/product_brand?post=11443"},{"taxonomy":"product_cat","embeddable":true,"href":"https:\/\/beacheden.com\/fr\/wp-json\/wp\/v2\/product_cat?post=11443"},{"taxonomy":"product_tag","embeddable":true,"href":"https:\/\/beacheden.com\/fr\/wp-json\/wp\/v2\/product_tag?post=11443"}],"curies":[{"name":"wp","href":"https:\/\/api.w.org\/{rel}","templated":true}]}}