{"id":11307,"date":"2025-03-28T03:38:11","date_gmt":"2025-03-28T10:38:11","guid":{"rendered":"https:\/\/beacheden.com\/multicolor-printed-one-piece-swimsuit\/"},"modified":"2025-11-01T13:48:15","modified_gmt":"2025-11-01T20:48:15","slug":"maillot-de-bain-une-piece-imprime-floral","status":"publish","type":"product","link":"https:\/\/beacheden.com\/fr\/maillot-de-bain-une-piece-imprime-floral\/","title":{"rendered":"Maillot de bain une pi\u00e8ce imprim\u00e9 multicolore"},"content":{"rendered":"<p>Composition : 82% nylon 82% spandex 1 8%<\/p>\n<p>Composition : 82% nylon 82% spandex 1 8% <img decoding=\"async\" src=\"https:\/\/cf.cjdropshipping.com\/25087add-3c2d-4bdb-8ca3-812ae00d001c.png\" alt=\"\"> <span style=\"font-size: 14px;\">1. Les tailles asiatiques sont 1 \u00e0 2 tailles plus petites que les tailles europ\u00e9ennes et am\u00e9ricaines. Choisissez la taille la plus grande si votre taille se situe entre deux tailles. Veuillez tenir compte d'une diff\u00e9rence de 2 \u00e0 3 cm due aux mesures manuelles.\u00a0<\/span><\/p>\n<p>2. Si vous ne savez pas comment choisir votre taille, veuillez contacter notre service client\u00e8le.<\/p>\n<p>3. comme vous le savez, les ordinateurs affichent les couleurs diff\u00e9remment, la couleur de l'article r\u00e9el peut varier l\u00e9g\u00e8rement par rapport aux images suivantes.<br \/>\n<img loading=\"lazy\" decoding=\"async\" class=\"alignnone\" src=\"https:\/\/cf.cjdropshipping.com\/addfdbbc-0340-4011-aac1-598f263bbb81.jpg\" alt=\"Maillot de bain une pi\u00e8ce imprim\u00e9 floral \" width=\"1200\" height=\"1200\" \/><br \/>\n<img decoding=\"async\" src=\"https:\/\/cf.cjdropshipping.com\/2951cbd9-225c-455d-9612-934d267b4a4d.jpg\" alt=\"\"><br \/>\n<img decoding=\"async\" src=\"https:\/\/cf.cjdropshipping.com\/d0088000-2645-4d67-8646-e42a772ae7fc.jpg\" alt=\"\"><br \/>\n<img decoding=\"async\" src=\"https:\/\/cf.cjdropshipping.com\/6298f34b-f01f-435b-8298-30d3c8a2a1ec.jpg\" alt=\"\"><br \/>\n<img decoding=\"async\" src=\"https:\/\/cf.cjdropshipping.com\/932e43e7-a4b7-418b-adb1-83b293804333.jpg\" alt=\"\"><br \/>\n<img decoding=\"async\" src=\"https:\/\/cf.cjdropshipping.com\/2c0cc8cd-99bd-4c71-a985-86b314c4ffeb.jpg\" alt=\"\"><br \/>\n<img decoding=\"async\" src=\"https:\/\/cf.cjdropshipping.com\/b06e0cc7-ed1c-456f-89ee-a6c84402820b.jpg\" alt=\"\"><br \/>\n<img decoding=\"async\" src=\"https:\/\/cf.cjdropshipping.com\/2b8c60c3-943f-4c5e-8b70-d38b3b852840.jpg\" alt=\"\"><br \/>\n<img decoding=\"async\" src=\"https:\/\/cf.cjdropshipping.com\/901e445d-0086-4f6c-9c6a-6ceeb57ffd09.jpg\" alt=\"\"><br \/>\n<img decoding=\"async\" src=\"https:\/\/cf.cjdropshipping.com\/fbe22ecd-c824-4846-8f9d-9d333d4521ed.jpg\" alt=\"\"><br \/>\n<img decoding=\"async\" src=\"https:\/\/cf.cjdropshipping.com\/41cefc63-2d60-47c1-a0ae-0fb20c14eecc.jpg\" alt=\"\"><br \/>\n<img decoding=\"async\" src=\"https:\/\/cf.cjdropshipping.com\/dd08fd67-a06e-4897-89d4-6962e3bfa1d8.jpg\" alt=\"\"><br \/>\n<img decoding=\"async\" src=\"https:\/\/cf.cjdropshipping.com\/cf4b6d5a-559f-47a9-992b-67c10831ec4c.jpg\" alt=\"\"><\/p>","protected":false},"excerpt":{"rendered":"<p><em>Le maillot de bain une pi\u00e8ce \u00e0 imprim\u00e9 floral allie des fleurs audacieuses \u00e0 un confort optimal. Con\u00e7u pour les aventures ensoleill\u00e9es, son <a href=\"https:\/\/beacheden.com\/fr\/bikini-a-epaules-inclinees\/?wmc-currency=EUR\" title=\"Bikini \u00e0 \u00e9paules inclin\u00e9es en tissu brillant\" target=\"_blank\" rel=\"noopener\"  data-wpil-monitor-id=\"183\">Tissu \u00e0 s\u00e9chage rapide et ajustement s\u00fbr<\/a> assurez votre confiance en vous tout au long de la journ\u00e9e. Le look estival de vos r\u00eaves commence ici !<\/em><\/p>","protected":false},"featured_media":11303,"comment_status":"open","ping_status":"closed","template":"","meta":[],"product_brand":[],"product_cat":[39],"product_tag":[],"class_list":{"0":"post-11307","1":"product","2":"type-product","3":"status-publish","4":"has-post-thumbnail","6":"product_cat-swimsuit","8":"first","9":"instock","10":"taxable","11":"shipping-taxable","12":"purchasable","13":"product-type-variable"},"_links":{"self":[{"href":"https:\/\/beacheden.com\/fr\/wp-json\/wp\/v2\/product\/11307","targetHints":{"allow":["GET"]}}],"collection":[{"href":"https:\/\/beacheden.com\/fr\/wp-json\/wp\/v2\/product"}],"about":[{"href":"https:\/\/beacheden.com\/fr\/wp-json\/wp\/v2\/types\/product"}],"replies":[{"embeddable":true,"href":"https:\/\/beacheden.com\/fr\/wp-json\/wp\/v2\/comments?post=11307"}],"wp:featuredmedia":[{"embeddable":true,"href":"https:\/\/beacheden.com\/fr\/wp-json\/wp\/v2\/media\/11303"}],"wp:attachment":[{"href":"https:\/\/beacheden.com\/fr\/wp-json\/wp\/v2\/media?parent=11307"}],"wp:term":[{"taxonomy":"product_brand","embeddable":true,"href":"https:\/\/beacheden.com\/fr\/wp-json\/wp\/v2\/product_brand?post=11307"},{"taxonomy":"product_cat","embeddable":true,"href":"https:\/\/beacheden.com\/fr\/wp-json\/wp\/v2\/product_cat?post=11307"},{"taxonomy":"product_tag","embeddable":true,"href":"https:\/\/beacheden.com\/fr\/wp-json\/wp\/v2\/product_tag?post=11307"}],"curies":[{"name":"wp","href":"https:\/\/api.w.org\/{rel}","templated":true}]}}