{"id":11272,"date":"2025-03-28T03:35:12","date_gmt":"2025-03-28T10:35:12","guid":{"rendered":"https:\/\/beacheden.com\/add-fertilizer-to-increase-swimsuit-stitching-straps\/"},"modified":"2025-04-03T05:13:59","modified_gmt":"2025-04-03T12:13:59","slug":"maillot-de-bain-une-piece-a-fleurs-pour-femmes","status":"publish","type":"product","link":"https:\/\/beacheden.com\/fr\/maillot-de-bain-une-piece-a-fleurs-pour-femmes\/","title":{"rendered":"Maillot de bain une pi\u00e8ce \u00e0 fleurs Bold pour femmes"},"content":{"rendered":"<p><b>Informations sur le produit :<\/b><\/p>\n<p>Nom du tissu : Polyester<br \/>\nComposition du tissu : fibre de polyester (polyester)<br \/>\nComposition du tissu : 80 (%)<br \/>\nNom de la doublure : Spandex<br \/>\nComposition de la doublure : Spandex<br \/>\nTeneur en ingr\u00e9dients de la doublure : 80 (%)<br \/>\nSc\u00e8ne applicable : <a href=\"https:\/\/beacheden.com\/fr\/maillot-de-bain-une-piece-a-fleurs-pour-femmes\/?wmc-currency=EUR\" title=\"Maillot de bain une pi\u00e8ce \u00e0 fleurs Bold pour femmes\" target=\"_blank\" rel=\"noopener\"  data-wpil-monitor-id=\"42\">la natation et le pataugeage<\/a> sports<br \/>\nCouleur : fleur bleue, fleur rouge, fleur orange<br \/>\nTaille : M, L, XL, XXL, XXXL<\/p>\n<p><b>Informations sur la taille :<\/b><br \/>\n<img decoding=\"async\" src=\"https:\/\/cf.cjdropshipping.com\/1623672081677.png\" alt=\"\"><\/p>\n<p><b>Remarque :<\/b><br \/>\n1. Les tailles asiatiques sont 1 \u00e0 2 tailles plus petites que les tailles europ\u00e9ennes et am\u00e9ricaines. Choisissez la taille la plus grande si votre taille se situe entre deux tailles. Veuillez tenir compte d'une diff\u00e9rence de 2 \u00e0 3 cm due aux mesures manuelles.<br \/>\n2. Si vous ne savez pas comment choisir votre taille, veuillez contacter notre service client\u00e8le.<br \/>\n3. comme vous le savez, les ordinateurs affichent les couleurs diff\u00e9remment, la couleur de l'article r\u00e9el peut varier l\u00e9g\u00e8rement par rapport aux images suivantes.<\/p>\n<p><b>Liste d'emballage :<\/b><\/p>\n<p>Maillot de bain une pi\u00e8ce X1<\/p>\n<p><b>Image du produit :<\/b><\/p>\n<p><img loading=\"lazy\" decoding=\"async\" class=\"alignnone\" src=\"https:\/\/cf.cjdropshipping.com\/1623672120992.jpg\" alt=\"Maillot de bain une pi\u00e8ce \u00e0 fleurs pour femmes\" width=\"800\" height=\"800\" \/> <img decoding=\"async\" src=\"https:\/\/cf.cjdropshipping.com\/1623672121012.jpg\" alt=\"\"> <img decoding=\"async\" src=\"https:\/\/cf.cjdropshipping.com\/1623672121004.jpg\" alt=\"\"> <img decoding=\"async\" src=\"https:\/\/cf.cjdropshipping.com\/1623672121011.jpg\" alt=\"\"><\/p>","protected":false},"excerpt":{"rendered":"<p>Maillot de bain une pi\u00e8ce \u00e0 fleurs pour femme : Con\u00e7u pour la confiance et le confort, ce maillot de bain \u00e9l\u00e9gant pr\u00e9sente une coupe flatteuse, des imprim\u00e9s vibrants et un tissu \u00e0 s\u00e9chage rapide. Parfait pour <a href=\"https:\/\/beacheden.com\/fr\/maillot-de-bain-2\/?wmc-currency=EUR\" title=\"New Beach Cover-up Hollow-out Vacation Bikini Sweater\" target=\"_blank\" rel=\"noopener\"  data-wpil-monitor-id=\"43\">les escapades \u00e0 la plage ou le farniente au bord de la piscine<\/a>. Am\u00e9liorez votre garde-robe d'\u00e9t\u00e9 d\u00e8s aujourd'hui !<\/p>","protected":false},"featured_media":11268,"comment_status":"open","ping_status":"closed","template":"","meta":[],"product_brand":[],"product_cat":[39],"product_tag":[],"class_list":{"0":"post-11272","1":"product","2":"type-product","3":"status-publish","4":"has-post-thumbnail","6":"product_cat-swimsuit","8":"first","9":"instock","10":"taxable","11":"shipping-taxable","12":"purchasable","13":"product-type-variable"},"_links":{"self":[{"href":"https:\/\/beacheden.com\/fr\/wp-json\/wp\/v2\/product\/11272","targetHints":{"allow":["GET"]}}],"collection":[{"href":"https:\/\/beacheden.com\/fr\/wp-json\/wp\/v2\/product"}],"about":[{"href":"https:\/\/beacheden.com\/fr\/wp-json\/wp\/v2\/types\/product"}],"replies":[{"embeddable":true,"href":"https:\/\/beacheden.com\/fr\/wp-json\/wp\/v2\/comments?post=11272"}],"wp:featuredmedia":[{"embeddable":true,"href":"https:\/\/beacheden.com\/fr\/wp-json\/wp\/v2\/media\/11268"}],"wp:attachment":[{"href":"https:\/\/beacheden.com\/fr\/wp-json\/wp\/v2\/media?parent=11272"}],"wp:term":[{"taxonomy":"product_brand","embeddable":true,"href":"https:\/\/beacheden.com\/fr\/wp-json\/wp\/v2\/product_brand?post=11272"},{"taxonomy":"product_cat","embeddable":true,"href":"https:\/\/beacheden.com\/fr\/wp-json\/wp\/v2\/product_cat?post=11272"},{"taxonomy":"product_tag","embeddable":true,"href":"https:\/\/beacheden.com\/fr\/wp-json\/wp\/v2\/product_tag?post=11272"}],"curies":[{"name":"wp","href":"https:\/\/api.w.org\/{rel}","templated":true}]}}