{"id":11259,"date":"2025-03-28T03:33:15","date_gmt":"2025-03-28T10:33:15","guid":{"rendered":"https:\/\/beacheden.com\/floral-print-hot-spring-one-piece-swimsuit\/"},"modified":"2025-06-10T05:06:54","modified_gmt":"2025-06-10T12:06:54","slug":"maillot-de-bain-imprime-floral","status":"publish","type":"product","link":"https:\/\/beacheden.com\/fr\/maillot-de-bain-imprime-floral\/","title":{"rendered":"Maillot de bain une pi\u00e8ce, imprim\u00e9 floral, printemps chaud"},"content":{"rendered":"<p>Plongez dans l'\u00e9t\u00e9 avec notre \u00e9poustouflant maillot de bain \u00e0 imprim\u00e9 floral, o\u00f9 l'\u00e9l\u00e9gance rencontre un style audacieux. Con\u00e7u pour faire tourner les t\u00eates, ce maillot de bain pr\u00e9sente un motif floral vibrant qui rayonne de charme et de sophistication.<\/p>\n<p>Fabriqu\u00e9 dans un tissu de haute qualit\u00e9 \u00e0 s\u00e9chage rapide, il assure un confort tout au long de la journ\u00e9e tout en conservant sa forme. Sa coupe flatteuse met en valeur votre silhouette, ce qui en fait un v\u00eatement id\u00e9al pour les activit\u00e9s sportives. <a href=\"https:\/\/beacheden.com\/fr\/bikini-a-imprime-geometrique\/?wmc-currency=EUR\" title=\"Maillot de bain imprim\u00e9 bikini num\u00e9rique sexy trois pi\u00e8ces\" target=\"_blank\" rel=\"noopener\"  data-wpil-monitor-id=\"224\">se pr\u00e9lasser au bord de la piscine<\/a> ou de prendre le soleil \u00e0 la plage.<\/p>\n<p>Que vous sirotiez des cocktails ou plongiez dans les vagues, ce maillot de bain \u00e0 imprim\u00e9 floral est l'indispensable pour les beaux jours. Ne manquez pas de vous laisser s\u00e9duire par la beaut\u00e9 sans effort et faites vos achats d\u00e8s maintenant !<\/p>\n<p>Style : <a href=\"https:\/\/beacheden.com\/fr\/maillot-de-bain-indien\/?wmc-currency=EUR\" title=\"Maillot de bain Plus Size Indian Style Bikini pour femmes\" target=\"_blank\" rel=\"noopener\"  data-wpil-monitor-id=\"20\">Maillot de bain une pi\u00e8ce<\/a><br \/>\nSexe applicable : Femme<br \/>\nStyle de motif : floral, sexy, serr\u00e9, tr\u00e8s \u00e9lastique, durable, r\u00e9tro, point de vague, Europe et Am\u00e9rique<br \/>\nRemorque avec ceinture en acier : avec coussin mammaire mais sans support en acier<br \/>\nMotif : imprim\u00e9<br \/>\nNom du tissu : Polyester<br \/>\nComposition du tissu : Spandex<br \/>\nComposition du tissu : 82% <img decoding=\"async\" src=\"https:\/\/cf.cjdropshipping.com\/82b549a5-2e3b-4308-bfc7-1909237d905b.png\" alt=\"\"><\/p>\n<p>1. Les tailles asiatiques sont 1 \u00e0 2 tailles plus petites que les tailles <a href=\"https:\/\/beacheden.com\/fr\/maillot-de-bain-imprime-floral\/?wmc-currency=EUR\" title=\"Maillot de bain une pi\u00e8ce, imprim\u00e9 floral, printemps chaud\" target=\"_blank\" rel=\"noopener\"  data-wpil-monitor-id=\"44\">Europ\u00e9en et am\u00e9ricain<\/a> personnes. Choisissez la taille la plus grande si votre taille se situe entre deux tailles. Veuillez tenir compte d'une diff\u00e9rence de 2 \u00e0 3 cm due aux mesures manuelles.<br \/>\n2. Si vous ne savez pas comment choisir votre taille, veuillez contacter notre service client\u00e8le.<br \/>\n3) Comme vous le savez, les ordinateurs affichent les couleurs diff\u00e9remment.<\/p>\n<p>la couleur de l'article r\u00e9el peut varier l\u00e9g\u00e8rement par rapport aux images suivantes. <img decoding=\"async\" src=\"https:\/\/cf.cjdropshipping.com\/3d32e80a-be71-4f26-9b45-8ce3943f2678.jpg\" alt=\"\"> <img decoding=\"async\" src=\"https:\/\/cf.cjdropshipping.com\/7e036ce6-e92c-4def-af87-328ad0d0b3d6.jpg\" alt=\"\"> <img decoding=\"async\" src=\"https:\/\/cf.cjdropshipping.com\/76b5759d-37df-487f-83f6-56d849b69190.jpg\" alt=\"\"> <img loading=\"lazy\" decoding=\"async\" class=\"alignnone\" src=\"https:\/\/cf.cjdropshipping.com\/d3bab97e-1182-429a-9663-58d774614fac.jpg\" alt=\"Maillot de bain imprim\u00e9 floral\" width=\"800\" height=\"800\" \/> <img decoding=\"async\" src=\"https:\/\/cf.cjdropshipping.com\/ea88dd60-25aa-43f3-8818-dfc3abd7fb21.jpg\" alt=\"\"><\/p>","protected":false},"excerpt":{"rendered":"<p>Maillot de bain \u00e0 imprim\u00e9 floral con\u00e7u pour allier \u00e9l\u00e9gance et design tendance. Ses motifs vibrants flattent toutes les morphologies et garantissent la confiance en soi sous le soleil. Id\u00e9al pour se pr\u00e9lasser au bord de la piscine ou plonger dans l'oc\u00e9an !<\/p>","protected":false},"featured_media":11255,"comment_status":"open","ping_status":"closed","template":"","meta":[],"product_brand":[],"product_cat":[39],"product_tag":[],"class_list":{"0":"post-11259","1":"product","2":"type-product","3":"status-publish","4":"has-post-thumbnail","6":"product_cat-swimsuit","8":"first","9":"instock","10":"taxable","11":"shipping-taxable","12":"purchasable","13":"product-type-variable"},"_links":{"self":[{"href":"https:\/\/beacheden.com\/fr\/wp-json\/wp\/v2\/product\/11259","targetHints":{"allow":["GET"]}}],"collection":[{"href":"https:\/\/beacheden.com\/fr\/wp-json\/wp\/v2\/product"}],"about":[{"href":"https:\/\/beacheden.com\/fr\/wp-json\/wp\/v2\/types\/product"}],"replies":[{"embeddable":true,"href":"https:\/\/beacheden.com\/fr\/wp-json\/wp\/v2\/comments?post=11259"}],"wp:featuredmedia":[{"embeddable":true,"href":"https:\/\/beacheden.com\/fr\/wp-json\/wp\/v2\/media\/11255"}],"wp:attachment":[{"href":"https:\/\/beacheden.com\/fr\/wp-json\/wp\/v2\/media?parent=11259"}],"wp:term":[{"taxonomy":"product_brand","embeddable":true,"href":"https:\/\/beacheden.com\/fr\/wp-json\/wp\/v2\/product_brand?post=11259"},{"taxonomy":"product_cat","embeddable":true,"href":"https:\/\/beacheden.com\/fr\/wp-json\/wp\/v2\/product_cat?post=11259"},{"taxonomy":"product_tag","embeddable":true,"href":"https:\/\/beacheden.com\/fr\/wp-json\/wp\/v2\/product_tag?post=11259"}],"curies":[{"name":"wp","href":"https:\/\/api.w.org\/{rel}","templated":true}]}}