{"id":11246,"date":"2025-03-26T16:47:13","date_gmt":"2025-03-26T23:47:13","guid":{"rendered":"https:\/\/beacheden.com\/one-piece-swimsuit-womens-long-sleeve-sunscreen-diving-suit-swimsuit-printing\/"},"modified":"2025-11-01T13:31:22","modified_gmt":"2025-11-01T20:31:22","slug":"maillot-de-bain-a-manches-longues","status":"publish","type":"product","link":"https:\/\/beacheden.com\/fr\/maillot-de-bain-a-manches-longues\/","title":{"rendered":"Maillot de bain une pi\u00e8ce Maillot de bain \u00e0 manches longues pour femmes Maillot de plong\u00e9e avec \u00e9cran solaire Impression"},"content":{"rendered":"<p>Faites parler de vous avec notre <strong>Maillot de bain \u00e0 manches longues <\/strong>Ce maillot de bain a \u00e9t\u00e9 con\u00e7u pour allier style, confort et fonctionnalit\u00e9 en toute transparence. Que vous vous pr\u00e9lassiez au bord de la piscine ou que vous preniez le soleil \u00e0 la plage, ce maillot de bain offre une couverture compl\u00e8te gr\u00e2ce \u00e0 ses \u00e9l\u00e9gantes manches longues, et une protection UV sup\u00e9rieure pour pr\u00e9server votre peau.<\/p>\n<p>Fabriqu\u00e9 dans un tissu de qualit\u00e9 sup\u00e9rieure \u00e0 s\u00e9chage rapide, il assure une coupe \u00e0 la fois ajust\u00e9e et souple qui flatte toutes les morphologies. Son design \u00e9pur\u00e9 et ses d\u00e9tails bien pens\u00e9s, comme le dos zipp\u00e9 ou les accents fronc\u00e9s, lui conf\u00e8rent une touche de sophistication et en font un incontournable de votre collection de maillots de bain.<\/p>\n<p>Augmentez votre confiance et appr\u00e9ciez l'\u00e9l\u00e9gance sans effort avec une pi\u00e8ce aussi pratique qu'\u00e9l\u00e9gante. Plongez dans l'univers de la mode et de la fonctionnalit\u00e9 d\u00e8s aujourd'hui !<\/p>\n<p><b>Informations sur le produit<\/b><\/p>\n<p>Sexe applicable : Femme<\/p>\n<p>\u00c2ge applicable : Adulte<\/p>\n<p>Motif : couleur unie, floral, sexy, dos ouvert, haute \u00e9lasticit\u00e9, europ\u00e9en et am\u00e9ricain<\/p>\n<p>Avec ou sans : avec coussin thoracique, sans support en acier<\/p>\n<p>Poids en grammes : 180 (g)<\/p>\n<p>Nom de la doublure : Polyester<\/p>\n<p>Composition de la doublure : Spandex<\/p>\n<p>Contenu de la doublure : 18%<\/p>\n<p>Sc\u00e8nes applicables : fitness, tendance sportive, cyclisme, randonn\u00e9e, camping, tir, basket-ball et volley-ball, \u00e9quipement de loisirs, autres jeux de balle, natation et pataugeage.<\/p>\n<p>Couleur : Fleur<\/p>\n<p>Longueur des manches : manches longues<\/p>\n<p>&nbsp;<\/p>\n<p><b>Informations sur la taille<\/b><\/p>\n<p>Taille : S M L XL<\/p>\n<p><img decoding=\"async\" src=\"https:\/\/cf.cjdropshipping.com\/1617890977271.jpg\" alt=\"\"><\/p>\n<p>&nbsp;<\/p>\n<p><b>Note\uff1a<\/b><br \/>\n1. Les tailles asiatiques sont 1 \u00e0 2 tailles plus petites que les tailles europ\u00e9ennes et am\u00e9ricaines. Choisissez la taille la plus grande si votre taille se situe entre deux tailles. Veuillez tenir compte d'une diff\u00e9rence de 2 \u00e0 3 cm due aux mesures manuelles.<br \/>\n2. Veuillez consulter attentivement le tableau des tailles avant d'acheter l'article. Si vous ne savez pas comment choisir votre taille, veuillez contacter notre service client\u00e8le.<br \/>\n3) Comme vous le savez, les ordinateurs affichent les couleurs diff\u00e9remment, la couleur de l'article r\u00e9el peut varier l\u00e9g\u00e8rement par rapport aux images suivantes.<\/p>\n<p>&nbsp;<\/p>\n<p><b>Liste de colisage<\/b><\/p>\n<p><span style=\"font-size: 1em;\">maillot de bain une pi\u00e8ce<\/span> <span style=\"font-size: 1em;\">\u00a0<\/span> \u00a0x1<\/p>\n<p><img loading=\"lazy\" decoding=\"async\" class=\"alignnone\" src=\"https:\/\/cf.cjdropshipping.com\/1617891018896.jpg\" alt=\"Maillot de bain \u00e0 manches longues\" width=\"690\" height=\"1070\" \/> <img decoding=\"async\" src=\"https:\/\/cf.cjdropshipping.com\/1617891018897.jpg\" alt=\"\"> <img decoding=\"async\" src=\"https:\/\/cf.cjdropshipping.com\/1617891018915.jpg\" alt=\"\"> <img decoding=\"async\" src=\"https:\/\/cf.cjdropshipping.com\/1617891018900.jpg\" alt=\"\"> <img decoding=\"async\" src=\"https:\/\/cf.cjdropshipping.com\/1617891018891.jpg\" alt=\"\"> <img decoding=\"async\" src=\"https:\/\/cf.cjdropshipping.com\/1617891018895.jpg\" alt=\"\"><\/p>","protected":false},"excerpt":{"rendered":"<p>Les maillots de bain \u00e0 manches longues allient design chic et praticit\u00e9, offrant une protection contre les UV et une coupe flatteuse. Parfait pour <a href=\"https:\/\/beacheden.com\/fr\/bikini-asymetrique-avec-couleur-unie-2\/?wmc-currency=EUR\" title=\"Bikini \u00e0 armatures Impression num\u00e9rique\" target=\"_blank\" rel=\"noopener\"  data-wpil-monitor-id=\"145\">les journ\u00e9es \u00e0 la plage ou le farniente au bord de la piscine<\/a>, Ils garantissent confiance et confort tout au long de la journ\u00e9e<\/p>","protected":false},"featured_media":11240,"comment_status":"open","ping_status":"closed","template":"","meta":[],"product_brand":[],"product_cat":[39],"product_tag":[],"class_list":{"0":"post-11246","1":"product","2":"type-product","3":"status-publish","4":"has-post-thumbnail","6":"product_cat-swimsuit","8":"first","9":"instock","10":"taxable","11":"shipping-taxable","12":"purchasable","13":"product-type-variable"},"_links":{"self":[{"href":"https:\/\/beacheden.com\/fr\/wp-json\/wp\/v2\/product\/11246","targetHints":{"allow":["GET"]}}],"collection":[{"href":"https:\/\/beacheden.com\/fr\/wp-json\/wp\/v2\/product"}],"about":[{"href":"https:\/\/beacheden.com\/fr\/wp-json\/wp\/v2\/types\/product"}],"replies":[{"embeddable":true,"href":"https:\/\/beacheden.com\/fr\/wp-json\/wp\/v2\/comments?post=11246"}],"wp:featuredmedia":[{"embeddable":true,"href":"https:\/\/beacheden.com\/fr\/wp-json\/wp\/v2\/media\/11240"}],"wp:attachment":[{"href":"https:\/\/beacheden.com\/fr\/wp-json\/wp\/v2\/media?parent=11246"}],"wp:term":[{"taxonomy":"product_brand","embeddable":true,"href":"https:\/\/beacheden.com\/fr\/wp-json\/wp\/v2\/product_brand?post=11246"},{"taxonomy":"product_cat","embeddable":true,"href":"https:\/\/beacheden.com\/fr\/wp-json\/wp\/v2\/product_cat?post=11246"},{"taxonomy":"product_tag","embeddable":true,"href":"https:\/\/beacheden.com\/fr\/wp-json\/wp\/v2\/product_tag?post=11246"}],"curies":[{"name":"wp","href":"https:\/\/api.w.org\/{rel}","templated":true}]}}