{"id":11223,"date":"2025-03-26T16:45:25","date_gmt":"2025-03-26T23:45:25","guid":{"rendered":"https:\/\/beacheden.com\/european-and-american-bikini-swimsuit-bikini-digital-print-cross-sexy-slim-swimsuit\/"},"modified":"2025-11-01T13:31:40","modified_gmt":"2025-11-01T20:31:40","slug":"maillot-de-bain-sexy-a-imprime-digital-croise","status":"publish","type":"product","link":"https:\/\/beacheden.com\/fr\/maillot-de-bain-sexy-a-imprime-digital-croise\/","title":{"rendered":"Maillot de bain Bikini europ\u00e9en et am\u00e9ricain Bikini imprim\u00e9 num\u00e9rique Croix Sexy Slim Swimsuit"},"content":{"rendered":"<p><b>Informations sur le produit<\/b><\/p>\n<p>Style : Maillot de bain une pi\u00e8ce<br \/>\nSexe applicable : F\u00e9minin<br \/>\n\u00c2ge applicable : Adulte<br \/>\nStyle de motif : Couleur unie, taille haute, floral, sexy, serr\u00e9, durable, petit et frais, <a href=\"https:\/\/beacheden.com\/fr\/maillots-de-bain-pour-femmes\/?wmc-currency=EUR\" title=\"Bikini V profond Maillot de bain en polyester Conjointes europ\u00e9ennes et am\u00e9ricaines\" target=\"_blank\" rel=\"noopener\"  data-wpil-monitor-id=\"156\">Europ\u00e9en et am\u00e9ricain<\/a>, conservateur<br \/>\nQue ce soit avec le support en acier : Avec coussin thoracique Sans support en acier<br \/>\nMotif : Floral<br \/>\nNom du tissu : Nylon<br \/>\nComposition du tissu : Nylon<br \/>\nComposition du tissu : 80 (%)<br \/>\nNom de la doublure : Nylon<br \/>\nComposition de la doublure : Nylon\/Nylon<br \/>\nTeneur en ingr\u00e9dients de la doublure : 80 (%)<\/p>\n<p><b>Informations sur la taille<\/b><\/p>\n<p><img decoding=\"async\" src=\"https:\/\/cf.cjdropshipping.com\/1618311758620.jpg\" alt=\"\"> <b><br \/>\n<\/b><\/p>\n<p>Note<br \/>\n1. Les tailles asiatiques sont 1 \u00e0 2 tailles plus petites que les tailles europ\u00e9ennes et am\u00e9ricaines. Choisissez la taille la plus grande si votre taille se situe entre deux tailles. Veuillez tenir compte d'une diff\u00e9rence de 2 \u00e0 3 cm due aux mesures manuelles.<\/p>\n<p>2. Si vous ne savez pas comment choisir votre taille, veuillez contacter notre service client\u00e8le.<\/p>\n<p>3. comme vous le savez, les ordinateurs affichent les couleurs diff\u00e9remment, la couleur de l'article r\u00e9el peut varier l\u00e9g\u00e8rement par rapport aux images suivantes.<\/p>\n<p>&nbsp;<\/p>\n<p><b>Les produits comprennent<\/b><\/p>\n<p>Maillot de bain une pi\u00e8ce*1<\/p>\n<p><img decoding=\"async\" src=\"https:\/\/cf.cjdropshipping.com\/1618372604127.jpg\" alt=\"\"> <img decoding=\"async\" src=\"https:\/\/cf.cjdropshipping.com\/1618372604125.jpg\" alt=\"\"> <img decoding=\"async\" src=\"https:\/\/cf.cjdropshipping.com\/1618372604134.jpg\" alt=\"\"> <img decoding=\"async\" src=\"https:\/\/cf.cjdropshipping.com\/1618372604131.jpg\" alt=\"\"> <img decoding=\"async\" src=\"https:\/\/cf.cjdropshipping.com\/1618372604133.jpg\" alt=\"\"><\/p>","protected":false},"excerpt":{"rendered":"<p>Digital Print Cross Sexy Slim Swimsuit - Faites tourner les t\u00eates avec ce mod\u00e8le accrocheur et moulant ! Fait pour \u00eatre s\u00fbr de soi, il pr\u00e9sente des imprim\u00e9s vibrants et une silhouette \u00e9l\u00e9gante. Parfait pour la plage ou la piscine. Achetez-le d\u00e8s aujourd'hui !<\/p>","protected":false},"featured_media":11218,"comment_status":"open","ping_status":"closed","template":"","meta":[],"product_brand":[],"product_cat":[39],"product_tag":[],"class_list":{"0":"post-11223","1":"product","2":"type-product","3":"status-publish","4":"has-post-thumbnail","6":"product_cat-swimsuit","8":"first","9":"instock","10":"taxable","11":"shipping-taxable","12":"purchasable","13":"product-type-variable"},"_links":{"self":[{"href":"https:\/\/beacheden.com\/fr\/wp-json\/wp\/v2\/product\/11223","targetHints":{"allow":["GET"]}}],"collection":[{"href":"https:\/\/beacheden.com\/fr\/wp-json\/wp\/v2\/product"}],"about":[{"href":"https:\/\/beacheden.com\/fr\/wp-json\/wp\/v2\/types\/product"}],"replies":[{"embeddable":true,"href":"https:\/\/beacheden.com\/fr\/wp-json\/wp\/v2\/comments?post=11223"}],"wp:featuredmedia":[{"embeddable":true,"href":"https:\/\/beacheden.com\/fr\/wp-json\/wp\/v2\/media\/11218"}],"wp:attachment":[{"href":"https:\/\/beacheden.com\/fr\/wp-json\/wp\/v2\/media?parent=11223"}],"wp:term":[{"taxonomy":"product_brand","embeddable":true,"href":"https:\/\/beacheden.com\/fr\/wp-json\/wp\/v2\/product_brand?post=11223"},{"taxonomy":"product_cat","embeddable":true,"href":"https:\/\/beacheden.com\/fr\/wp-json\/wp\/v2\/product_cat?post=11223"},{"taxonomy":"product_tag","embeddable":true,"href":"https:\/\/beacheden.com\/fr\/wp-json\/wp\/v2\/product_tag?post=11223"}],"curies":[{"name":"wp","href":"https:\/\/api.w.org\/{rel}","templated":true}]}}