{"id":10952,"date":"2023-06-07T23:41:12","date_gmt":"2023-06-08T06:41:12","guid":{"rendered":"https:\/\/beacheden.com\/shop\/uncategorized\/split-swimsuit-veil-plus-size-swimsuit\/"},"modified":"2025-07-21T00:41:01","modified_gmt":"2025-07-21T07:41:01","slug":"maillot-de-bain-fendu-grande-taille","status":"publish","type":"product","link":"https:\/\/beacheden.com\/fr\/maillot-de-bain-fendu-grande-taille\/","title":{"rendered":"Stylish Plus Size Split Swimsuit Veil (Maillot de bain fendu)"},"content":{"rendered":"<p>Les <strong>Maillot de bain fendu taille plus <\/strong> est con\u00e7u pour que vous vous sentiez s\u00fbre de vous, belle et inarr\u00eatable. Dot\u00e9 d'une \u00e9l\u00e9gante fente, ce maillot de bain met en valeur vos courbes tout en vous offrant un confort et un soutien ultimes. Fabriqu\u00e9 dans un tissu extensible de haute qualit\u00e9, il flatte toutes les morphologies et assure un ajustement parfait.<\/p>\n<p>Que vous vous pr\u00e9lassiez au bord de la piscine ou que vous preniez le soleil \u00e0 la plage, ce maillot de bain vous permet d'embrasser votre personnalit\u00e9. <a href=\"https:\/\/beacheden.com\/fr\/maillots-de-bain-ethniques\/?wmc-currency=EUR\" title=\"New One Piece Swimsuit With Bikini Print\" target=\"_blank\" rel=\"noopener\"  data-wpil-monitor-id=\"192\">style unique<\/a> avec facilit\u00e9. Disponible dans des couleurs et des motifs \u00e9tonnants, le <a href=\"https:\/\/beacheden.com\/fr\/maillots-de-bain-deux-pieces-pour-femmes\/?wmc-currency=EUR\" title=\"Maillot de bain femme Bikini Sexy Plus Size OnePiece\" target=\"_blank\" rel=\"noopener\"  data-wpil-monitor-id=\"28\">Maillot de bain fendu taille plus<\/a> est votre choix de pr\u00e9dilection pour une \u00e9l\u00e9gance sans effort et une sophistication audacieuse. Plongez dans l'\u00e9t\u00e9 avec un look aussi radieux que vous !<\/p>\n<p>Style du motif : sexy<\/p>\n<p>Avec tra\u00een\u00e9e en acier : avec coussinet thoracique sans support en acier<\/p>\n<p>Nom du tissu : nylon<\/p>\n<p>Composition du tissu : nylon<\/p>\n<p>Composition du tissu : 100 (%)<\/p>\n<p>Couleur : couleur de l'image<\/p>\n<div><span style=\"font-size: 16px;\">Taille : XL, 2XL, 3XL, 4XL, 5XL, taille du voile<\/span><br \/>\n<img loading=\"lazy\" decoding=\"async\" class=\"alignnone\" src=\"https:\/\/cc-west-usa.oss-accelerate.aliyuncs.com\/16778016\/1631730691618246656.jpg\" alt=\"Maillot de bain fendu taille plus\" width=\"1278\" height=\"1278\" \/><\/div>\n<div><img decoding=\"async\" src=\"https:\/\/cc-west-usa.oss-accelerate.aliyuncs.com\/16778016\/1631730700828938240.jpg\" alt=\"\"><\/div>\n<div><img decoding=\"async\" src=\"https:\/\/cc-west-usa.oss-accelerate.aliyuncs.com\/16778016\/1631730729798995968.jpg\" alt=\"\"><\/div>\n<div><\/div>\n<div><\/div>\n<div><\/div>\n<div><\/div>","protected":false},"excerpt":{"rendered":"<h5 class=\"serp-title\"><strong>Stylis\u00e9\u00a0<mark>Maillot de bain fendu taille plus<\/mark> Voile<\/strong> <span style=\"color: #555555; font-size: 14.4px;\">- Flattez vos courbes en toute confiance ! Les bretelles r\u00e9glables, le contr\u00f4le du ventre et le tissu UPF 50+ \u00e0 s\u00e9chage rapide garantissent le confort, tandis que le design fendu chic et la jupe en mousseline de soie ajoutent de l'\u00e9l\u00e9gance.<\/span><\/h5>","protected":false},"featured_media":10948,"comment_status":"open","ping_status":"closed","template":"","meta":[],"product_brand":[],"product_cat":[40],"product_tag":[],"class_list":{"0":"post-10952","1":"product","2":"type-product","3":"status-publish","4":"has-post-thumbnail","6":"product_cat-bikini","8":"first","9":"instock","10":"taxable","11":"shipping-taxable","12":"purchasable","13":"product-type-variable"},"_links":{"self":[{"href":"https:\/\/beacheden.com\/fr\/wp-json\/wp\/v2\/product\/10952","targetHints":{"allow":["GET"]}}],"collection":[{"href":"https:\/\/beacheden.com\/fr\/wp-json\/wp\/v2\/product"}],"about":[{"href":"https:\/\/beacheden.com\/fr\/wp-json\/wp\/v2\/types\/product"}],"replies":[{"embeddable":true,"href":"https:\/\/beacheden.com\/fr\/wp-json\/wp\/v2\/comments?post=10952"}],"wp:featuredmedia":[{"embeddable":true,"href":"https:\/\/beacheden.com\/fr\/wp-json\/wp\/v2\/media\/10948"}],"wp:attachment":[{"href":"https:\/\/beacheden.com\/fr\/wp-json\/wp\/v2\/media?parent=10952"}],"wp:term":[{"taxonomy":"product_brand","embeddable":true,"href":"https:\/\/beacheden.com\/fr\/wp-json\/wp\/v2\/product_brand?post=10952"},{"taxonomy":"product_cat","embeddable":true,"href":"https:\/\/beacheden.com\/fr\/wp-json\/wp\/v2\/product_cat?post=10952"},{"taxonomy":"product_tag","embeddable":true,"href":"https:\/\/beacheden.com\/fr\/wp-json\/wp\/v2\/product_tag?post=10952"}],"curies":[{"name":"wp","href":"https:\/\/api.w.org\/{rel}","templated":true}]}}