{"id":10935,"date":"2023-06-07T23:37:01","date_gmt":"2023-06-08T06:37:01","guid":{"rendered":"https:\/\/beacheden.com\/shop\/uncategorized\/european-and-american-style-swimsuit-bikini-womens-new-hand-hook-with-beads-tassel-beach-suit\/"},"modified":"2025-07-21T14:06:28","modified_gmt":"2025-07-21T21:06:28","slug":"bikini-en-crochet","status":"publish","type":"product","link":"https:\/\/beacheden.com\/fr\/bikini-en-crochet\/","title":{"rendered":"Maillot de bain de style europ\u00e9en et am\u00e9ricain Bikini Femme Nouveau Crochet avec perles Tassel Maillot de plage"},"content":{"rendered":"<p><b>Informations sur le produit :<\/b><\/p>\n<p>Mat\u00e9riau : Acrylique<\/p>\n<p>Style : boh\u00e8me<\/p>\n<p>Caract\u00e9ristiques : gland<\/p>\n<p>Couleurs : Blanc cr\u00e8me, Kaki<\/p>\n<p><b>Informations sur la taille :<\/b><\/p>\n<p>Taille : S\/M\/L<\/p>\n<table>\n<colgroup>\n<col \/>\n<col \/>\n<col \/> <\/colgroup>\n<tbody>\n<tr>\n<td>taille<\/td>\n<td>S<\/td>\n<td>M<\/td>\n<td>L<\/td>\n<\/tr>\n<tr>\n<td>taille<\/td>\n<td>25.5cm<\/td>\n<td>58cm<\/td>\n<td>30.5cm<\/td>\n<\/tr>\n<tr>\n<td>largeur du bonnet de soutien-gorge<\/td>\n<td>16cm<\/td>\n<td>17cm<\/td>\n<td>19cm<\/td>\n<\/tr>\n<tr>\n<td>hauteur du bonnet de soutien-gorge<\/td>\n<td>17cm<\/td>\n<td>18cm<\/td>\n<td>19cm<\/td>\n<\/tr>\n<tr>\n<td>Longueur du pantalon<\/td>\n<td>21cm<\/td>\n<td>22cm<\/td>\n<td>23cm<\/td>\n<\/tr>\n<tr>\n<td>Tour de jambe<\/td>\n<td>25cm<\/td>\n<td>26cm<\/td>\n<td>27cm<\/td>\n<\/tr>\n<\/tbody>\n<\/table>\n<p>&nbsp;<\/p>\n<p>&nbsp;<\/p>\n<p><b>Remarque :<\/b><\/p>\n<p>1. Les tailles asiatiques sont 1 \u00e0 2 tailles plus petites que les tailles europ\u00e9ennes et am\u00e9ricaines. Choisissez la taille la plus grande si votre taille se situe entre deux tailles. Veuillez tenir compte d'une diff\u00e9rence de 2 \u00e0 3 cm due aux mesures manuelles.<\/p>\n<p>2. Si vous ne savez pas comment choisir votre taille, veuillez contacter notre service client\u00e8le.<\/p>\n<p>3. comme vous le savez, les ordinateurs affichent les couleurs diff\u00e9remment, la couleur de l'article r\u00e9el peut varier l\u00e9g\u00e8rement par rapport aux images suivantes.<\/p>\n<p><b>Liste d'emballage :<\/b><\/p>\n<p><span style=\"font-size: 1em;\">Soutien-gorge*1 Culotte*1<\/span><\/p>\n<p>&nbsp;<\/p>\n<p><b>Image du produit :<\/b><\/p>\n<p><img loading=\"lazy\" decoding=\"async\" class=\"alignnone\" style=\"max-width: 100%;\" src=\"https:\/\/cc-west-usa.oss-accelerate.aliyuncs.com\/c57a2ad0-f633-4220-93f0-902f3a46e874.jpg\" alt=\"Bikini en crochet\" width=\"800\" height=\"800\" \/><br \/>\n<img decoding=\"async\" style=\"max-width: 100%;\" src=\"https:\/\/cc-west-usa.oss-accelerate.aliyuncs.com\/fef69c98-f7aa-4dc0-9563-ccd002c5bf46.jpg\" alt=\"\"><br \/>\n<img decoding=\"async\" style=\"max-width: 100%;\" src=\"https:\/\/cc-west-usa.oss-accelerate.aliyuncs.com\/9cfe198d-dbb4-4392-bf25-51a9c5a890cd.jpg\" alt=\"\"><br \/>\n<img decoding=\"async\" style=\"max-width: 100%;\" src=\"https:\/\/cc-west-usa.oss-accelerate.aliyuncs.com\/a77aeb89-93c4-4f90-a0ed-e55fe4f3a70f.jpg\" alt=\"\"><br \/>\n<img decoding=\"async\" style=\"max-width: 100%;\" src=\"https:\/\/cc-west-usa.oss-accelerate.aliyuncs.com\/5833649b-ca87-44b9-9486-d8c1ba724454.jpg\" alt=\"\"><br \/>\n<img decoding=\"async\" style=\"max-width: 100%;\" src=\"https:\/\/cc-west-usa.oss-accelerate.aliyuncs.com\/fb7b17cf-767e-4cff-9751-8c163afd176f.jpg\" alt=\"\"><\/p>","protected":false},"excerpt":{"rendered":"<p>Bikini en crochet con\u00e7u pour faire tourner les t\u00eates. Fabriqu\u00e9 \u00e0 la main avec soin, ce maillot de bain chic combine <a href=\"https:\/\/beacheden.com\/fr\/jupe-en-crochet\/?wmc-currency=EUR\" title=\"Jupe sexy en crochet\" target=\"_blank\" rel=\"noopener\"  data-wpil-monitor-id=\"85\">confort et style<\/a> sans effort. Parfait pour <a href=\"https:\/\/beacheden.com\/fr\/bikini-en-crochet-fait-main-2\/?wmc-currency=EUR\" title=\"Bikini de plage en crochet fait \u00e0 la main Maillot de bain pour femme\" target=\"_blank\" rel=\"noopener\"  data-wpil-monitor-id=\"84\">aventures ensoleill\u00e9es ou farniente au bord de la piscine<\/a>Les produits de la collection \"La vie en rose\", se distinguent par un savoir-faire unique qui met en valeur les vibrations de l'\u00e9t\u00e9. Faites preuve d'audace !<\/p>","protected":false},"featured_media":15036,"comment_status":"open","ping_status":"closed","template":"","meta":[],"product_brand":[],"product_cat":[40],"product_tag":[],"class_list":{"0":"post-10935","1":"product","2":"type-product","3":"status-publish","4":"has-post-thumbnail","6":"product_cat-bikini","8":"first","9":"instock","10":"taxable","11":"shipping-taxable","12":"purchasable","13":"product-type-variable"},"_links":{"self":[{"href":"https:\/\/beacheden.com\/fr\/wp-json\/wp\/v2\/product\/10935","targetHints":{"allow":["GET"]}}],"collection":[{"href":"https:\/\/beacheden.com\/fr\/wp-json\/wp\/v2\/product"}],"about":[{"href":"https:\/\/beacheden.com\/fr\/wp-json\/wp\/v2\/types\/product"}],"replies":[{"embeddable":true,"href":"https:\/\/beacheden.com\/fr\/wp-json\/wp\/v2\/comments?post=10935"}],"wp:featuredmedia":[{"embeddable":true,"href":"https:\/\/beacheden.com\/fr\/wp-json\/wp\/v2\/media\/15036"}],"wp:attachment":[{"href":"https:\/\/beacheden.com\/fr\/wp-json\/wp\/v2\/media?parent=10935"}],"wp:term":[{"taxonomy":"product_brand","embeddable":true,"href":"https:\/\/beacheden.com\/fr\/wp-json\/wp\/v2\/product_brand?post=10935"},{"taxonomy":"product_cat","embeddable":true,"href":"https:\/\/beacheden.com\/fr\/wp-json\/wp\/v2\/product_cat?post=10935"},{"taxonomy":"product_tag","embeddable":true,"href":"https:\/\/beacheden.com\/fr\/wp-json\/wp\/v2\/product_tag?post=10935"}],"curies":[{"name":"wp","href":"https:\/\/api.w.org\/{rel}","templated":true}]}}