{"id":10912,"date":"2023-06-07T04:47:04","date_gmt":"2023-06-07T11:47:04","guid":{"rendered":"https:\/\/beacheden.com\/shop\/uncategorized\/fashionable-sun-protection-fringe-temperament-beach-hat\/"},"modified":"2025-08-05T01:25:01","modified_gmt":"2025-08-05T08:25:01","slug":"chapeau-de-plage-fashionable-sun-protection-fringe-temperament-beach-hat","status":"publish","type":"product","link":"https:\/\/beacheden.com\/fr\/chapeau-de-plage-fashionable-sun-protection-fringe-temperament-beach-hat\/","title":{"rendered":"Chapeau de plage \u00e0 franges et protection solaire \u00e0 la mode"},"content":{"rendered":"<p>\n <b>Informations sur le produit :<\/b><br \/>\n <br \/>\n Cat\u00e9gorie de produit : chapeau \u00e0 large bord<br \/>\n <br \/>\n Sexe applicable : f\u00e9minin<br \/>\n <br \/>\n Mati\u00e8re : raphia<br \/>\n <br \/>\n Couleur : planche claire, noeud<br \/>\n <br \/>\n Taille : M (56-58cm)<\/p>\n<p> <b>Liste d'emballage :<\/b><br \/>\n <br \/>\n Chapeau de paille*1\n<\/p>\n<p>\n \n<\/p>\n<p>\n <img decoding=\"async\" src=\"https:\/\/cc-west-usa.oss-accelerate.aliyuncs.com\/e9790ad3-8519-4e1d-97f3-59d8f60d9377.jpg\" style=\"max-width:100%\" alt=\"\"><br \/>\n <img decoding=\"async\" src=\"https:\/\/cc-west-usa.oss-accelerate.aliyuncs.com\/9870aca3-1eaf-4c76-ac5c-f6bc0f78d4ed.jpg\" style=\"max-width: 100%\" alt=\"\"><br \/>\n <img decoding=\"async\" src=\"https:\/\/cc-west-usa.oss-accelerate.aliyuncs.com\/1ed7b5fa-0ea2-4c05-a5ca-5b2d4d0dd19d.jpg\" style=\"max-width: 100%\" alt=\"\"><br \/>\n <img decoding=\"async\" src=\"https:\/\/cc-west-usa.oss-accelerate.aliyuncs.com\/758c4f1f-cb08-4b8d-a55e-bad45e470244.jpg\" style=\"max-width: 100%\" alt=\"\"><br \/>\n <img decoding=\"async\" src=\"https:\/\/cc-west-usa.oss-accelerate.aliyuncs.com\/a5c08f3e-6315-459e-a89b-e16ae9382ed0.jpg\" style=\"max-width: 100%\" alt=\"\"><br \/>\n <\/p>","protected":false},"excerpt":{"rendered":"<p>Informations sur le produit : Cat\u00e9gorie de produit : chapeau \u00e0 grand bord Sexe : femme Mat\u00e9riau : raphia Couleur : panneau clair, noeud Taille : M (56-58cm) Liste d'emballage : Chapeau de paille*1<\/p>","protected":false},"featured_media":10902,"comment_status":"open","ping_status":"closed","template":"","meta":[],"product_brand":[],"product_cat":[46],"product_tag":[],"class_list":{"0":"post-10912","1":"product","2":"type-product","3":"status-publish","4":"has-post-thumbnail","6":"product_cat-hats","8":"first","9":"instock","10":"taxable","11":"shipping-taxable","12":"purchasable","13":"product-type-variable"},"_links":{"self":[{"href":"https:\/\/beacheden.com\/fr\/wp-json\/wp\/v2\/product\/10912","targetHints":{"allow":["GET"]}}],"collection":[{"href":"https:\/\/beacheden.com\/fr\/wp-json\/wp\/v2\/product"}],"about":[{"href":"https:\/\/beacheden.com\/fr\/wp-json\/wp\/v2\/types\/product"}],"replies":[{"embeddable":true,"href":"https:\/\/beacheden.com\/fr\/wp-json\/wp\/v2\/comments?post=10912"}],"wp:featuredmedia":[{"embeddable":true,"href":"https:\/\/beacheden.com\/fr\/wp-json\/wp\/v2\/media\/10902"}],"wp:attachment":[{"href":"https:\/\/beacheden.com\/fr\/wp-json\/wp\/v2\/media?parent=10912"}],"wp:term":[{"taxonomy":"product_brand","embeddable":true,"href":"https:\/\/beacheden.com\/fr\/wp-json\/wp\/v2\/product_brand?post=10912"},{"taxonomy":"product_cat","embeddable":true,"href":"https:\/\/beacheden.com\/fr\/wp-json\/wp\/v2\/product_cat?post=10912"},{"taxonomy":"product_tag","embeddable":true,"href":"https:\/\/beacheden.com\/fr\/wp-json\/wp\/v2\/product_tag?post=10912"}],"curies":[{"name":"wp","href":"https:\/\/api.w.org\/{rel}","templated":true}]}}