{"id":10895,"date":"2023-06-07T04:43:35","date_gmt":"2023-06-07T11:43:35","guid":{"rendered":"https:\/\/beacheden.com\/shop\/uncategorized\/ladies-fashion-retro-high-top-big-eaves-papyrus\/"},"modified":"2025-03-12T00:43:23","modified_gmt":"2025-03-12T07:43:23","slug":"dames-mode-retro-haut-haut-papyrus-grandes-feuilles","status":"publish","type":"product","link":"https:\/\/beacheden.com\/fr\/dames-mode-retro-haut-haut-papyrus-grandes-feuilles\/","title":{"rendered":"Ladies Fashion Retro High Top Big Eaves Papyrus"},"content":{"rendered":"<p>\n <b>Informations sur le produit :<\/b><br \/>\n <br \/>\n Cat\u00e9gorie de produit : Chapeau de paille<br \/>\n <br \/>\n Sexe applicable : f\u00e9minin<br \/>\n <br \/>\n Mat\u00e9riau : Paille<br \/>\n <br \/>\n Style : Europ\u00e9en et am\u00e9ricain<br \/>\n <br \/>\n Couleur : rouge, noir, beige<br \/>\n <br \/>\n Taille : tour de t\u00eate 56cm, bandeau r\u00e9glable, hauteur du chapeau : environ 13cm, bord : environ 15cm<\/p>\n<p> <b>Liste d'emballage :<\/b><br \/>\n <br \/>\n Chapeau pour dames*1\n<\/p>\n<p>\n \n<\/p>\n<p>\n <img decoding=\"async\" src=\"https:\/\/cc-west-usa.oss-accelerate.aliyuncs.com\/a49669a9-f930-45bb-be13-883e7ae6fa09.jpg\" style=\"max-width:100%\" alt=\"\"><br \/>\n <img decoding=\"async\" src=\"https:\/\/cc-west-usa.oss-accelerate.aliyuncs.com\/4882015e-6195-4c3f-9fcb-33f7e896e79b.jpg\" style=\"max-width: 100%\" alt=\"\"><br \/>\n <img decoding=\"async\" src=\"https:\/\/cc-west-usa.oss-accelerate.aliyuncs.com\/8363dc49-522f-4675-ae49-1dbd0db16aaa.jpg\" style=\"max-width: 100%\" alt=\"\"><br \/>\n <img decoding=\"async\" src=\"https:\/\/cc-west-usa.oss-accelerate.aliyuncs.com\/ea02a7f0-57e7-4506-b4b3-ba6ef94dfb93.jpg\" style=\"max-width: 100%\" alt=\"\"><br \/>\n <img decoding=\"async\" src=\"https:\/\/cc-west-usa.oss-accelerate.aliyuncs.com\/7fb80b21-7f3b-42b7-933a-c2d62217ee6f.jpg\" style=\"max-width: 100%\" alt=\"\"><br \/>\n <img decoding=\"async\" src=\"https:\/\/cc-west-usa.oss-accelerate.aliyuncs.com\/49a9f1fb-bf69-4fae-9f5a-81a0fe13437e.jpg\" style=\"max-width: 100%\" alt=\"\"><br \/>\n <img decoding=\"async\" src=\"https:\/\/cc-west-usa.oss-accelerate.aliyuncs.com\/b6474a99-6db3-40de-8846-335df6d25eb6.jpg\" style=\"font-size: 1em;max-width: 100%\" alt=\"\"><\/p>","protected":false},"excerpt":{"rendered":"<p>Informations sur le produit : Cat\u00e9gorie de produit : Chapeau de paille Sexe : femme Mati\u00e8re : paille Paille Style : Europ\u00e9en et am\u00e9ricain Couleur : rouge, noir, beige Taille : circonf\u00e9rence de la t\u00eate 56cm sweatband r\u00e9glable, hauteur du chapeau : environ 13cm, bord : environ 15cm Liste d'emballage : Chapeau pour dames*1<\/p>","protected":false},"featured_media":10888,"comment_status":"open","ping_status":"closed","template":"","meta":[],"product_brand":[],"product_cat":[46],"product_tag":[],"class_list":{"0":"post-10895","1":"product","2":"type-product","3":"status-publish","4":"has-post-thumbnail","6":"product_cat-hats","8":"first","9":"instock","10":"taxable","11":"shipping-taxable","12":"purchasable","13":"product-type-variable"},"_links":{"self":[{"href":"https:\/\/beacheden.com\/fr\/wp-json\/wp\/v2\/product\/10895","targetHints":{"allow":["GET"]}}],"collection":[{"href":"https:\/\/beacheden.com\/fr\/wp-json\/wp\/v2\/product"}],"about":[{"href":"https:\/\/beacheden.com\/fr\/wp-json\/wp\/v2\/types\/product"}],"replies":[{"embeddable":true,"href":"https:\/\/beacheden.com\/fr\/wp-json\/wp\/v2\/comments?post=10895"}],"wp:featuredmedia":[{"embeddable":true,"href":"https:\/\/beacheden.com\/fr\/wp-json\/wp\/v2\/media\/10888"}],"wp:attachment":[{"href":"https:\/\/beacheden.com\/fr\/wp-json\/wp\/v2\/media?parent=10895"}],"wp:term":[{"taxonomy":"product_brand","embeddable":true,"href":"https:\/\/beacheden.com\/fr\/wp-json\/wp\/v2\/product_brand?post=10895"},{"taxonomy":"product_cat","embeddable":true,"href":"https:\/\/beacheden.com\/fr\/wp-json\/wp\/v2\/product_cat?post=10895"},{"taxonomy":"product_tag","embeddable":true,"href":"https:\/\/beacheden.com\/fr\/wp-json\/wp\/v2\/product_tag?post=10895"}],"curies":[{"name":"wp","href":"https:\/\/api.w.org\/{rel}","templated":true}]}}