{"id":10883,"date":"2023-06-07T04:37:08","date_gmt":"2023-06-07T11:37:08","guid":{"rendered":"https:\/\/beacheden.com\/shop\/uncategorized\/raffia-grass-flat-top-raw-edge-binding-neck-sun-visor-hat-hand-braided-grass-hat\/"},"modified":"2025-05-17T12:35:39","modified_gmt":"2025-05-17T19:35:39","slug":"chapeau-en-raphia-a-bords-bruts-pour-visiere-de-soleil-chapeau-en-raphia-tresse-a-la-main","status":"publish","type":"product","link":"https:\/\/beacheden.com\/fr\/chapeau-en-raphia-a-bords-bruts-pour-visiere-de-soleil-chapeau-en-raphia-tresse-a-la-main\/","title":{"rendered":"Raffia Grass Flat Top Raw Edge Binding Neck Sun Visor Hat Hand Braided Grass Hat"},"content":{"rendered":"<p>\n <b>Informations sur le produit :<\/b><br \/>\n \n<\/p>\n<p>\n Cat\u00e9gorie de produit : Chapeau \u00e0 larges bords<br \/>\n <br \/>\n Sexe applicable : Femme<br \/>\n <br \/>\n Mat\u00e9riel : Lafite<br \/>\n <br \/>\n Saison appropri\u00e9e : \u00c9t\u00e9, printemps<br \/>\n <br \/>\n Style de capuchon : D\u00f4me<br \/>\n <br \/>\n Style du bord : Large bord<br \/>\n <br \/>\n Couleur : blanc, noir<br \/>\n <br \/>\n Taille :M (56-58cm)<br \/>\n <br \/>\n Forme de l'avant-toit : avant-toit plat\n<\/p>\n<p>\n <br \/>\n <b>Liste d'emballage :<\/b>\n<\/p>\n<p>\n 1* chapeau<br \/>\n <br \/>\n <b>Image du produit :<\/b>\n<\/p>\n<p>\n <b><br \/>\n  <br \/>\n <\/b>\n<\/p>\n<p>\n <img decoding=\"async\" src=\"https:\/\/cc-west-usa.oss-accelerate.aliyuncs.com\/06bd6b21-a422-4472-b391-ee058a18e1dd.jpg\" style=\"max-width:100%\" alt=\"\"><br \/>\n <img decoding=\"async\" src=\"https:\/\/cc-west-usa.oss-accelerate.aliyuncs.com\/f47143b5-5ba7-4bc3-961f-f4270fa84d78.jpg\" style=\"max-width: 100%\" alt=\"\"><br \/>\n <img decoding=\"async\" src=\"https:\/\/cc-west-usa.oss-accelerate.aliyuncs.com\/94ae2df2-1104-4665-b2e3-6293ec06f423.jpg\" style=\"max-width: 100%\" alt=\"\"><br \/>\n <b><br \/>\n  <br \/>\n <\/b>\n<\/p>\n<p>\n <img decoding=\"async\" src=\"https:\/\/cc-west-usa.oss-accelerate.aliyuncs.com\/193bba64-cc1f-433a-b29b-5b6a26f8e8b1.png\" style=\"max-width:100%\" alt=\"\"><br \/>\n <img decoding=\"async\" src=\"https:\/\/cc-west-usa.oss-accelerate.aliyuncs.com\/ab6e9143-fbe3-4d75-9ec6-387e521409a0.png\" style=\"max-width: 100%\" alt=\"\"><br \/>\n \n<\/p>\n<p>\n \n<\/p>\n<p>\n <b><br \/>\n  <br \/>\n <\/b><\/p>","protected":false},"excerpt":{"rendered":"<p>Informations sur le produit : Cat\u00e9gorie de produit : Chapeau \u00e0 larges bords Sexe concern\u00e9 : Femme Mati\u00e8re : Lafite Saison appropri\u00e9e : \u00c9t\u00e9, printemps Style du chapeau : D\u00f4me Style du bord : Couleur : blanc, noir Taille :M (56-58cm) Forme de l'avant-toit : avant-toit plat Liste de colisage : 1* chapeau Photo du produit :<\/p>","protected":false},"featured_media":10878,"comment_status":"open","ping_status":"closed","template":"","meta":[],"product_brand":[],"product_cat":[46],"product_tag":[],"class_list":{"0":"post-10883","1":"product","2":"type-product","3":"status-publish","4":"has-post-thumbnail","6":"product_cat-hats","8":"first","9":"instock","10":"taxable","11":"shipping-taxable","12":"purchasable","13":"product-type-variable"},"_links":{"self":[{"href":"https:\/\/beacheden.com\/fr\/wp-json\/wp\/v2\/product\/10883","targetHints":{"allow":["GET"]}}],"collection":[{"href":"https:\/\/beacheden.com\/fr\/wp-json\/wp\/v2\/product"}],"about":[{"href":"https:\/\/beacheden.com\/fr\/wp-json\/wp\/v2\/types\/product"}],"replies":[{"embeddable":true,"href":"https:\/\/beacheden.com\/fr\/wp-json\/wp\/v2\/comments?post=10883"}],"wp:featuredmedia":[{"embeddable":true,"href":"https:\/\/beacheden.com\/fr\/wp-json\/wp\/v2\/media\/10878"}],"wp:attachment":[{"href":"https:\/\/beacheden.com\/fr\/wp-json\/wp\/v2\/media?parent=10883"}],"wp:term":[{"taxonomy":"product_brand","embeddable":true,"href":"https:\/\/beacheden.com\/fr\/wp-json\/wp\/v2\/product_brand?post=10883"},{"taxonomy":"product_cat","embeddable":true,"href":"https:\/\/beacheden.com\/fr\/wp-json\/wp\/v2\/product_cat?post=10883"},{"taxonomy":"product_tag","embeddable":true,"href":"https:\/\/beacheden.com\/fr\/wp-json\/wp\/v2\/product_tag?post=10883"}],"curies":[{"name":"wp","href":"https:\/\/api.w.org\/{rel}","templated":true}]}}