{"id":10874,"date":"2023-06-07T04:32:33","date_gmt":"2023-06-07T11:32:33","guid":{"rendered":"https:\/\/beacheden.com\/shop\/uncategorized\/spring-and-summer-new-korean-style-jazz-straw-hat-casual-fashion-hat-ladies-sunscreen-sun-hat-beach-hat\/"},"modified":"2025-04-19T10:57:17","modified_gmt":"2025-04-19T17:57:17","slug":"printemps-ete-nouvelle-coree-jazz-straw-hat-casual-fashion-hat-ladies-screen-sun-hat-beach-hat","status":"publish","type":"product","link":"https:\/\/beacheden.com\/fr\/printemps-ete-nouvelle-coree-jazz-straw-hat-casual-fashion-hat-ladies-screen-sun-hat-beach-hat\/","title":{"rendered":"Spring And Summer New Korean Style Jazz Straw Hat, Casual Fashion Hat, Ladies Sunscreen Suns Hat, Beach Hat"},"content":{"rendered":"<p>\n <b>Informations sur le produit :<\/b><br \/>\n <br \/>\n Sexe applicable : neutre\/masculin et f\u00e9minin<br \/>\n <br \/>\n Mat\u00e9riau : Paille<br \/>\n <br \/>\n Style : Cor\u00e9en<br \/>\n <br \/>\n M\u00e9thode de transformation : tie-dye<br \/>\n <br \/>\n \u00c9l\u00e9ments populaires : corps nu<br \/>\n <br \/>\n Motif : Monochrome<br \/>\n <br \/>\n Saison appropri\u00e9e : printemps, automne, \u00e9t\u00e9<br \/>\n <br \/>\n Occasions d'offrir des cadeaux : c\u00e9r\u00e9monie d'ouverture, c\u00e9l\u00e9bration d'un anniversaire, vacances, anniversaire.<br \/>\n <br \/>\n Style du haut : d\u00f4me<br \/>\n <br \/>\n Style du bord du chapeau : grand bord<br \/>\n <br \/>\n Color : Light Board Raffia Jazz Straw Hat-Beige<br \/>\n <br \/>\n Taille : M (56-58cm)<br \/>\n <br \/>\n \u00c2ge d'application : adulte<br \/>\n <br \/>\n Forme de l'avant-toit : bord d'oreille en bois\n<\/p>\n<p>\n <img decoding=\"async\" src=\"https:\/\/cc-west-usa.oss-accelerate.aliyuncs.com\/1618852104799.jpg\" style=\"max-width:100%\" alt=\"\"><br \/>\n <img decoding=\"async\" src=\"https:\/\/cc-west-usa.oss-accelerate.aliyuncs.com\/1618852104804.jpg\" style=\"max-width: 100%\" alt=\"\"><br \/>\n <img decoding=\"async\" src=\"https:\/\/cc-west-usa.oss-accelerate.aliyuncs.com\/1618852104806.jpg\" style=\"max-width: 100%\" alt=\"\"><br \/>\n <img decoding=\"async\" src=\"https:\/\/cc-west-usa.oss-accelerate.aliyuncs.com\/1618852104797.jpg\" style=\"max-width: 100%\" alt=\"\"><br \/>\n <img decoding=\"async\" src=\"https:\/\/cc-west-usa.oss-accelerate.aliyuncs.com\/1618852104807.jpg\" style=\"max-width: 100%\" alt=\"\"><br \/>\n <\/p>","protected":false},"excerpt":{"rendered":"<p>Product information: Applicable gender: neutral\/male and female Material: Straw Style: Korean Processing method: tie-dye Popular elements: bare body Pattern: Monochrome Suitable season: spring, autumn, summer Applicable gift-giving occasions: opening ceremony, anniversary celebration, holiday, birthday Top style: dome Hat brim style: big brim Color: Light Board Raffia Jazz Straw Hat-Beige Size: M (56-58cm) Applicable age: adult [&#8230;]\n","protected":false},"featured_media":10869,"comment_status":"open","ping_status":"closed","template":"","meta":[],"product_brand":[],"product_cat":[46],"product_tag":[],"class_list":{"0":"post-10874","1":"product","2":"type-product","3":"status-publish","4":"has-post-thumbnail","6":"product_cat-hats","8":"first","9":"instock","10":"taxable","11":"shipping-taxable","12":"purchasable","13":"product-type-variable"},"_links":{"self":[{"href":"https:\/\/beacheden.com\/fr\/wp-json\/wp\/v2\/product\/10874","targetHints":{"allow":["GET"]}}],"collection":[{"href":"https:\/\/beacheden.com\/fr\/wp-json\/wp\/v2\/product"}],"about":[{"href":"https:\/\/beacheden.com\/fr\/wp-json\/wp\/v2\/types\/product"}],"replies":[{"embeddable":true,"href":"https:\/\/beacheden.com\/fr\/wp-json\/wp\/v2\/comments?post=10874"}],"wp:featuredmedia":[{"embeddable":true,"href":"https:\/\/beacheden.com\/fr\/wp-json\/wp\/v2\/media\/10869"}],"wp:attachment":[{"href":"https:\/\/beacheden.com\/fr\/wp-json\/wp\/v2\/media?parent=10874"}],"wp:term":[{"taxonomy":"product_brand","embeddable":true,"href":"https:\/\/beacheden.com\/fr\/wp-json\/wp\/v2\/product_brand?post=10874"},{"taxonomy":"product_cat","embeddable":true,"href":"https:\/\/beacheden.com\/fr\/wp-json\/wp\/v2\/product_cat?post=10874"},{"taxonomy":"product_tag","embeddable":true,"href":"https:\/\/beacheden.com\/fr\/wp-json\/wp\/v2\/product_tag?post=10874"}],"curies":[{"name":"wp","href":"https:\/\/api.w.org\/{rel}","templated":true}]}}