{"id":10852,"date":"2023-06-07T04:25:40","date_gmt":"2023-06-07T11:25:40","guid":{"rendered":"https:\/\/beacheden.com\/shop\/uncategorized\/flat-top-big-brim-straw-hat\/"},"modified":"2023-06-07T04:25:51","modified_gmt":"2023-06-07T11:25:51","slug":"chapeau-de-paille-a-bord-large-et-plat","status":"publish","type":"product","link":"https:\/\/beacheden.com\/fr\/chapeau-de-paille-a-bord-large-et-plat\/","title":{"rendered":"Chapeau de paille \u00e0 bord large et plat"},"content":{"rendered":"<p>\n Mat\u00e9riau : Paille de bl\u00e9<br \/>\n <br \/>\n Circonf\u00e9rence du chapeau : 56CM<br \/>\n <br \/>\n Hauteur du chapeau : 4CM<br \/>\n <br \/>\n Les chapeaux sont : 12CM 13CM 15CM\n<\/p>\n<p>\n <img decoding=\"async\" alt=\"6.jpg\" src=\"https:\/\/cc-west-usa.oss-accelerate.aliyuncs.com\/16778016\/1631606719043997696.jpg\"><br \/>\n &nbsp;&nbsp;<br \/>\n <\/p>","protected":false},"excerpt":{"rendered":"<p>Mati\u00e8re : Paille de bl\u00e9 Circonf\u00e9rence du chapeau : 56CM Hauteur du chapeau : 4CM Les chapeaux sont : 12CM 13CM 15CM &nbsp;&nbsp;<\/p>","protected":false},"featured_media":10846,"comment_status":"open","ping_status":"closed","template":"","meta":[],"product_brand":[],"product_cat":[46],"product_tag":[],"class_list":{"0":"post-10852","1":"product","2":"type-product","3":"status-publish","4":"has-post-thumbnail","6":"product_cat-hats","8":"first","9":"instock","10":"taxable","11":"shipping-taxable","12":"purchasable","13":"product-type-variable"},"_links":{"self":[{"href":"https:\/\/beacheden.com\/fr\/wp-json\/wp\/v2\/product\/10852","targetHints":{"allow":["GET"]}}],"collection":[{"href":"https:\/\/beacheden.com\/fr\/wp-json\/wp\/v2\/product"}],"about":[{"href":"https:\/\/beacheden.com\/fr\/wp-json\/wp\/v2\/types\/product"}],"replies":[{"embeddable":true,"href":"https:\/\/beacheden.com\/fr\/wp-json\/wp\/v2\/comments?post=10852"}],"wp:featuredmedia":[{"embeddable":true,"href":"https:\/\/beacheden.com\/fr\/wp-json\/wp\/v2\/media\/10846"}],"wp:attachment":[{"href":"https:\/\/beacheden.com\/fr\/wp-json\/wp\/v2\/media?parent=10852"}],"wp:term":[{"taxonomy":"product_brand","embeddable":true,"href":"https:\/\/beacheden.com\/fr\/wp-json\/wp\/v2\/product_brand?post=10852"},{"taxonomy":"product_cat","embeddable":true,"href":"https:\/\/beacheden.com\/fr\/wp-json\/wp\/v2\/product_cat?post=10852"},{"taxonomy":"product_tag","embeddable":true,"href":"https:\/\/beacheden.com\/fr\/wp-json\/wp\/v2\/product_tag?post=10852"}],"curies":[{"name":"wp","href":"https:\/\/api.w.org\/{rel}","templated":true}]}}