{"id":10840,"date":"2023-06-07T04:21:29","date_gmt":"2023-06-07T11:21:29","guid":{"rendered":"https:\/\/beacheden.com\/shop\/uncategorized\/the-same-flat-top-wide-brimmed-straw-hat\/"},"modified":"2023-06-07T04:21:51","modified_gmt":"2023-06-07T11:21:51","slug":"le-meme-chapeau-de-paille-a-large-bord-et-a-sommet-plat","status":"publish","type":"product","link":"https:\/\/beacheden.com\/fr\/le-meme-chapeau-de-paille-a-large-bord-et-a-sommet-plat\/","title":{"rendered":"Le m\u00eame chapeau de paille \u00e0 bord large et plat"},"content":{"rendered":"<p>\n Cat\u00e9gorie de produit : chapeau de paille<br \/>\n <br \/>\n Mat\u00e9riau : Paille<br \/>\n <br \/>\n Style : Cor\u00e9en<br \/>\n <br \/>\n M\u00e9thode de tissage : tricotage en cha\u00eene<br \/>\n <br \/>\n M\u00e9thode de transformation : tie-dye<br \/>\n <br \/>\n \u00c9l\u00e9ments populaires : sangles<br \/>\n <br \/>\n Avant-toit : avant-toit plat<br \/>\n <br \/>\n Style du chapeau : plat<br \/>\n <br \/>\n Style de chapeau : large avant-toit<br \/>\n <br \/>\n Couleur : ruban blanc kaki, ruban blanc beige\n<\/p>\n<p>\n Circonf\u00e9rence du chapeau : 58cm<br \/>\n <br \/>\n Profondeur du chapeau : 9cm<br \/>\n <br \/>\n Chapeau : 9cm<br \/>\n <img loading=\"lazy\" decoding=\"async\" alt=\"ind\u00e9fini\" height=\"790\" src=\"https:\/\/cbu01.alicdn.com\/img\/ibank\/2020\/170\/386\/13294683071_1990431055.jpg\" width=\"790\" style=\"font-size: 14px\">\n<\/p>\n<p>\n<img loading=\"lazy\" decoding=\"async\" alt=\"ind\u00e9fini\" height=\"790\" src=\"https:\/\/cbu01.alicdn.com\/img\/ibank\/2020\/578\/911\/13377119875_1990431055.jpg\" width=\"790\"><\/p>\n<p><img loading=\"lazy\" decoding=\"async\" alt=\"ind\u00e9fini\" height=\"790\" src=\"https:\/\/cbu01.alicdn.com\/img\/ibank\/2020\/768\/478\/13332874867_1990431055.jpg\" width=\"790\"><\/p>\n<p><img loading=\"lazy\" decoding=\"async\" alt=\"ind\u00e9fini\" height=\"790\" src=\"https:\/\/cbu01.alicdn.com\/img\/ibank\/2020\/106\/866\/13294668601_1990431055.jpg\" width=\"790\"><\/p>\n<p><img loading=\"lazy\" decoding=\"async\" alt=\"ind\u00e9fini\" height=\"790\" src=\"https:\/\/cbu01.alicdn.com\/img\/ibank\/2020\/362\/941\/13377149263_1990431055.jpg\" width=\"790\"><\/p>\n<p><img loading=\"lazy\" decoding=\"async\" alt=\"2\" height=\"790\" src=\"https:\/\/cbu01.alicdn.com\/img\/ibank\/2019\/300\/523\/12775325003_1990431055.jpg\" width=\"790\"><\/p>\n<p><img loading=\"lazy\" decoding=\"async\" alt=\"5\" height=\"790\" src=\"https:\/\/cbu01.alicdn.com\/img\/ibank\/2019\/473\/814\/12698418374_1990431055.jpg\" width=\"790\"><\/p>\n<p><img loading=\"lazy\" decoding=\"async\" alt=\"4\" height=\"790\" src=\"https:\/\/cbu01.alicdn.com\/img\/ibank\/2019\/103\/403\/12775304301_1990431055.jpg\" width=\"790\"><\/p>\n<p><img loading=\"lazy\" decoding=\"async\" alt=\"1\" height=\"790\" src=\"https:\/\/cbu01.alicdn.com\/img\/ibank\/2019\/260\/223\/12775322062_1990431055.jpg\" width=\"790\"><\/p>\n<p><img loading=\"lazy\" decoding=\"async\" alt=\"6\" height=\"790\" src=\"https:\/\/cbu01.alicdn.com\/img\/ibank\/2019\/211\/913\/12775319112_1990431055.jpg\" width=\"790\"><\/p>\n<p><img loading=\"lazy\" decoding=\"async\" alt=\"\u5361\u5176\u9ed1\u7ec7\u5e26\" height=\"790\" src=\"https:\/\/cbu01.alicdn.com\/img\/ibank\/2019\/901\/265\/12738562109_1990431055.jpg\" width=\"790\"><\/p>\n<p><img loading=\"lazy\" decoding=\"async\" alt=\"\u7c73\u8272\u9ed1\u7ec7\u5e26\" height=\"790\" src=\"https:\/\/cbu01.alicdn.com\/img\/ibank\/2019\/114\/274\/12701472411_1990431055.jpg\" width=\"790\"><\/p>\n<p><img loading=\"lazy\" decoding=\"async\" alt=\"\u7c73\u8272\u767d\u7ec7\u5e26\" height=\"790\" src=\"https:\/\/cbu01.alicdn.com\/img\/ibank\/2019\/140\/544\/12778445041_1990431055.jpg\" width=\"790\"><\/p>","protected":false},"excerpt":{"rendered":"<p>Cat\u00e9gorie de produit : chapeau de paille Mati\u00e8re : Paille Style : Cor\u00e9en M\u00e9thode de tissage : tricotage en cha\u00eene M\u00e9thode de traitement : tie-dye \u00c9l\u00e9ments populaires : sangle Avant-toit : avant-toit plat Style de chapeau : avant-toit plat Style de chapeau : avant-toit large Couleur : ruban blanc kaki, ruban blanc beige Circonf\u00e9rence du chapeau : 58cm Profondeur du chapeau : 9cm Chapeau : 9cm<\/p>","protected":false},"featured_media":10830,"comment_status":"open","ping_status":"closed","template":"","meta":[],"product_brand":[],"product_cat":[46],"product_tag":[],"class_list":{"0":"post-10840","1":"product","2":"type-product","3":"status-publish","4":"has-post-thumbnail","6":"product_cat-hats","8":"first","9":"instock","10":"taxable","11":"shipping-taxable","12":"purchasable","13":"product-type-variable"},"_links":{"self":[{"href":"https:\/\/beacheden.com\/fr\/wp-json\/wp\/v2\/product\/10840","targetHints":{"allow":["GET"]}}],"collection":[{"href":"https:\/\/beacheden.com\/fr\/wp-json\/wp\/v2\/product"}],"about":[{"href":"https:\/\/beacheden.com\/fr\/wp-json\/wp\/v2\/types\/product"}],"replies":[{"embeddable":true,"href":"https:\/\/beacheden.com\/fr\/wp-json\/wp\/v2\/comments?post=10840"}],"wp:featuredmedia":[{"embeddable":true,"href":"https:\/\/beacheden.com\/fr\/wp-json\/wp\/v2\/media\/10830"}],"wp:attachment":[{"href":"https:\/\/beacheden.com\/fr\/wp-json\/wp\/v2\/media?parent=10840"}],"wp:term":[{"taxonomy":"product_brand","embeddable":true,"href":"https:\/\/beacheden.com\/fr\/wp-json\/wp\/v2\/product_brand?post=10840"},{"taxonomy":"product_cat","embeddable":true,"href":"https:\/\/beacheden.com\/fr\/wp-json\/wp\/v2\/product_cat?post=10840"},{"taxonomy":"product_tag","embeddable":true,"href":"https:\/\/beacheden.com\/fr\/wp-json\/wp\/v2\/product_tag?post=10840"}],"curies":[{"name":"wp","href":"https:\/\/api.w.org\/{rel}","templated":true}]}}