{"id":10827,"date":"2023-06-07T04:19:12","date_gmt":"2023-06-07T11:19:12","guid":{"rendered":"https:\/\/beacheden.com\/shop\/uncategorized\/axin-hat-ornaments-gray-tie-knot-flat-top-thin-straw-wide-brim-top-hat-flat-top-hat-straw-hat\/"},"modified":"2025-05-21T14:49:52","modified_gmt":"2025-05-21T21:49:52","slug":"chapeau-axin-ornements-gris-noeud-de-cravate-chapeau-plat-fin-paille-chapeau-haut-plat-chapeau-de-paille-a-large-bord","status":"publish","type":"product","link":"https:\/\/beacheden.com\/fr\/chapeau-axin-ornements-gris-noeud-de-cravate-chapeau-plat-fin-paille-chapeau-haut-plat-chapeau-de-paille-a-large-bord\/","title":{"rendered":"Axin Hat Ornaments Gray Tie Knot Flat Top Thin Straw Wide Brim Flat Top Hat Straw Hat"},"content":{"rendered":"<p>\n <b>Informations sur le produit :<\/b><br \/>\n <br \/>\n Cat\u00e9gorie de produit : casquette plate<br \/>\n <br \/>\n Sexe applicable : neutre\/masculin et f\u00e9minin<br \/>\n <br \/>\n Mat\u00e9riau : paille de bl\u00e9<br \/>\n <br \/>\n Style : all-match<br \/>\n <br \/>\n \u00c9l\u00e9ments populaires : sangles<br \/>\n <br \/>\n Style du capuchon : plat<br \/>\n <br \/>\n Style du bord du chapeau : bord large<br \/>\n <br \/>\n Couleur : couleur r\u00e9elle<br \/>\n <br \/>\n Taille : taille unique<br \/>\n <br \/>\n Fonction : protection solaire, r\u00e9duction de l'\u00e2ge, protection solaire<br \/>\n <br \/>\n Forme de l'avant-toit : avant-toit plat<\/p>\n<p> <b>Liste de colisage<\/b><br \/>\n <br \/>\n N\u0153ud de cravate fin <a href=\"https:\/\/beacheden.com\/fr\/chapeau-de-paille-lafite-grass-flat-top-femelle\/?wmc-currency=EUR\" title=\"Femme Lafite Grass Flat Top Straw Hat\" target=\"_blank\" rel=\"noopener\"  data-wpil-monitor-id=\"54\">chapeau de paille plat<\/a> x1\n<\/p>\n<p>\n \n<\/p>\n<p>\n <img decoding=\"async\" src=\"https:\/\/cc-west-usa.oss-accelerate.aliyuncs.com\/1619077613142.jpg\" style=\"max-width:100%\" alt=\"\"><br \/>\n <img decoding=\"async\" src=\"https:\/\/cc-west-usa.oss-accelerate.aliyuncs.com\/1619077613143.jpg\" style=\"max-width: 100%\" alt=\"\"><br \/>\n <img decoding=\"async\" src=\"https:\/\/cc-west-usa.oss-accelerate.aliyuncs.com\/1619077613141.jpg\" style=\"max-width: 100%\" alt=\"\"><br \/>\n <img decoding=\"async\" src=\"https:\/\/cc-west-usa.oss-accelerate.aliyuncs.com\/1619077613112.jpg\" style=\"max-width: 100%\" alt=\"\"><br \/>\n <img decoding=\"async\" src=\"https:\/\/cc-west-usa.oss-accelerate.aliyuncs.com\/1619077613144.jpg\" style=\"max-width: 100%\" alt=\"\"><br \/>\n <\/p>","protected":false},"excerpt":{"rendered":"<p>Informations sur le produit : Cat\u00e9gorie de produit : casquette plate Sexe : neutre\/masculin Mat\u00e9riau : paille de bl\u00e9 Style : all-match El\u00e9ments populaires : sangles Style de la casquette : chapeau plat Style du bord du chapeau : bord large Couleur : couleur r\u00e9elle Taille : taille unique Fonction : protection solaire, r\u00e9duction de l'\u00e2ge, protection solaire Forme de l'avant-toit : avant-toit plat Liste de colisage Chapeau de paille plat \u00e0 n\u0153ud fin x1<\/p>","protected":false},"featured_media":10822,"comment_status":"open","ping_status":"closed","template":"","meta":[],"product_brand":[],"product_cat":[46],"product_tag":[],"class_list":{"0":"post-10827","1":"product","2":"type-product","3":"status-publish","4":"has-post-thumbnail","6":"product_cat-hats","8":"first","9":"instock","10":"taxable","11":"shipping-taxable","12":"purchasable","13":"product-type-variable"},"_links":{"self":[{"href":"https:\/\/beacheden.com\/fr\/wp-json\/wp\/v2\/product\/10827","targetHints":{"allow":["GET"]}}],"collection":[{"href":"https:\/\/beacheden.com\/fr\/wp-json\/wp\/v2\/product"}],"about":[{"href":"https:\/\/beacheden.com\/fr\/wp-json\/wp\/v2\/types\/product"}],"replies":[{"embeddable":true,"href":"https:\/\/beacheden.com\/fr\/wp-json\/wp\/v2\/comments?post=10827"}],"wp:featuredmedia":[{"embeddable":true,"href":"https:\/\/beacheden.com\/fr\/wp-json\/wp\/v2\/media\/10822"}],"wp:attachment":[{"href":"https:\/\/beacheden.com\/fr\/wp-json\/wp\/v2\/media?parent=10827"}],"wp:term":[{"taxonomy":"product_brand","embeddable":true,"href":"https:\/\/beacheden.com\/fr\/wp-json\/wp\/v2\/product_brand?post=10827"},{"taxonomy":"product_cat","embeddable":true,"href":"https:\/\/beacheden.com\/fr\/wp-json\/wp\/v2\/product_cat?post=10827"},{"taxonomy":"product_tag","embeddable":true,"href":"https:\/\/beacheden.com\/fr\/wp-json\/wp\/v2\/product_tag?post=10827"}],"curies":[{"name":"wp","href":"https:\/\/api.w.org\/{rel}","templated":true}]}}