{"id":10809,"date":"2023-06-07T04:16:26","date_gmt":"2023-06-07T11:16:26","guid":{"rendered":"https:\/\/beacheden.com\/shop\/uncategorized\/ladies-hand-woven-flat-straw-hat\/"},"modified":"2023-06-07T04:16:47","modified_gmt":"2023-06-07T11:16:47","slug":"chapeau-de-paille-plat-tisse-a-la-main-pour-dames","status":"publish","type":"product","link":"https:\/\/beacheden.com\/fr\/chapeau-de-paille-plat-tisse-a-la-main-pour-dames\/","title":{"rendered":"Chapeau de paille plat tiss\u00e9 \u00e0 la main pour dames"},"content":{"rendered":"<p>\n <b>Informations sur le produit\uff1a<\/b><br \/>\n \n<\/p>\n<p>\n Mat\u00e9riau : Papyrus<br \/>\n <br \/>\n Style : Europ\u00e9en et am\u00e9ricain<br \/>\n <br \/>\n M\u00e9thode de tissage : satin<br \/>\n <br \/>\n Style du chapeau : bord large<br \/>\n <br \/>\n Couleur : kaki + sangle noire, kaki + sangle verte, beige + sangle noire, beige + sangle blanche, beige + sangle verte, beige + sangle bleue<br \/>\n <br \/>\n Taille : M\n<\/p>\n<p>\n \n<\/p>\n<p>\n <b>Liste de colisage<\/b><br \/>\n <br \/>\n Chapeau x1\n<\/p>\n<p>\n \n<\/p>\n<p>\n <img decoding=\"async\" src=\"https:\/\/cc-west-usa.oss-accelerate.aliyuncs.com\/1620361032047.jpg\" style=\"max-width:100%\" alt=\"\"><br \/>\n <img decoding=\"async\" src=\"https:\/\/cc-west-usa.oss-accelerate.aliyuncs.com\/1620361032046.jpg\" style=\"max-width: 100%\" alt=\"\"><br \/>\n <img decoding=\"async\" src=\"https:\/\/cc-west-usa.oss-accelerate.aliyuncs.com\/1620361032045.jpg\" style=\"max-width: 100%\" alt=\"\"><br \/>\n <img decoding=\"async\" src=\"https:\/\/cc-west-usa.oss-accelerate.aliyuncs.com\/1620361032052.jpg\" style=\"max-width: 100%\" alt=\"\"><br \/>\n <img decoding=\"async\" src=\"https:\/\/cc-west-usa.oss-accelerate.aliyuncs.com\/1620361032046.jpg\" style=\"max-width: 100%\" alt=\"\"><br \/>\n <img decoding=\"async\" src=\"https:\/\/cc-west-usa.oss-accelerate.aliyuncs.com\/1620361032053.jpg\" style=\"max-width: 100%\" alt=\"\"><br \/>\n <\/p>","protected":false},"excerpt":{"rendered":"<p>Informations sur le produit\uff1a Mati\u00e8re : Papyrus Style : Europ\u00e9en et am\u00e9ricain M\u00e9thode de tissage : satin Style de chapeau : bord large Couleur : kaki + sangle noire, kaki + sangle verte, beige + sangle noire, beige + sangle blanche, beige + sangle verte, beige + sangle bleue Taille : M Liste de colisage Chapeau x1<\/p>","protected":false},"featured_media":10802,"comment_status":"open","ping_status":"closed","template":"","meta":[],"product_brand":[],"product_cat":[46],"product_tag":[],"class_list":{"0":"post-10809","1":"product","2":"type-product","3":"status-publish","4":"has-post-thumbnail","6":"product_cat-hats","8":"first","9":"instock","10":"taxable","11":"shipping-taxable","12":"purchasable","13":"product-type-variable"},"_links":{"self":[{"href":"https:\/\/beacheden.com\/fr\/wp-json\/wp\/v2\/product\/10809","targetHints":{"allow":["GET"]}}],"collection":[{"href":"https:\/\/beacheden.com\/fr\/wp-json\/wp\/v2\/product"}],"about":[{"href":"https:\/\/beacheden.com\/fr\/wp-json\/wp\/v2\/types\/product"}],"replies":[{"embeddable":true,"href":"https:\/\/beacheden.com\/fr\/wp-json\/wp\/v2\/comments?post=10809"}],"wp:featuredmedia":[{"embeddable":true,"href":"https:\/\/beacheden.com\/fr\/wp-json\/wp\/v2\/media\/10802"}],"wp:attachment":[{"href":"https:\/\/beacheden.com\/fr\/wp-json\/wp\/v2\/media?parent=10809"}],"wp:term":[{"taxonomy":"product_brand","embeddable":true,"href":"https:\/\/beacheden.com\/fr\/wp-json\/wp\/v2\/product_brand?post=10809"},{"taxonomy":"product_cat","embeddable":true,"href":"https:\/\/beacheden.com\/fr\/wp-json\/wp\/v2\/product_cat?post=10809"},{"taxonomy":"product_tag","embeddable":true,"href":"https:\/\/beacheden.com\/fr\/wp-json\/wp\/v2\/product_tag?post=10809"}],"curies":[{"name":"wp","href":"https:\/\/api.w.org\/{rel}","templated":true}]}}