{"id":10799,"date":"2023-06-07T04:11:48","date_gmt":"2023-06-07T11:11:48","guid":{"rendered":"https:\/\/beacheden.com\/shop\/uncategorized\/handwoven-seaweed-flat-top-straw-hat\/"},"modified":"2025-05-22T01:47:20","modified_gmt":"2025-05-22T08:47:20","slug":"chapeau-de-paille-plat-en-algues-tressees-a-la-main","status":"publish","type":"product","link":"https:\/\/beacheden.com\/fr\/chapeau-de-paille-plat-en-algues-tressees-a-la-main\/","title":{"rendered":"Chapeau de paille plat en algues tress\u00e9es \u00e0 la main"},"content":{"rendered":"<p>\n <b>Informations sur le produit :<\/b><br \/>\n \n<\/p>\n<p>\n Mat\u00e9riau : algues<br \/>\n <br \/>\n Taille : Tour de t\u00eate 57cm, bande de transpiration r\u00e9glable<br \/>\n <br \/>\n Bord du chapeau : environ 10cm<br \/>\n <br \/>\n Hauteur du chapeau : environ 8,5 cm<br \/>\n <br \/>\n Fonction : \u00e9cran solaire, respirant, coupe-vent et pare-soleil\n<\/p>\n<p>Taille : M (56-58cm)<\/p>\n<p>\n <br \/>\n <b>Liste d'emballage :<\/b>\n<\/p>\n<p>Chapeau de paille * 1<\/p>\n<p>\n \n<\/p>\n<p>\n <strong><br \/>\n  <img decoding=\"async\" src=\"https:\/\/cc-west-usa.oss-accelerate.aliyuncs.com\/23a4330c-a9b0-452b-8473-f5b201b6e125.png\" alt=\"DSC-5220\" data-src=\"https:\/\/cbu01.alicdn.com\/img\/ibank\/2018\/895\/924\/8573429598_260352032.jpg\" data-key=\"1\" data-uploadossfail=\"false\"><\/p>\n<p>  <img decoding=\"async\" src=\"https:\/\/cc-west-usa.oss-accelerate.aliyuncs.com\/bb65f679-2733-41b2-a3b7-f949d7ada84c.png\" alt=\"ind\u00e9fini\" data-src=\"https:\/\/cbu01.alicdn.com\/img\/ibank\/2018\/416\/850\/8540058614_260352032.jpg\" data-key=\"2\" data-uploadossfail=\"false\"><\/p>\n<p>  <img decoding=\"async\" src=\"https:\/\/cc-west-usa.oss-accelerate.aliyuncs.com\/8d42aeda-c5a8-4b32-95b4-7c12eae4c1a3.png\" alt=\"ind\u00e9fini\" data-src=\"https:\/\/cbu01.alicdn.com\/img\/ibank\/2018\/865\/444\/8573444568_260352032.jpg\" data-key=\"3\" data-uploadossfail=\"false\"><\/p>\n<p>  <img decoding=\"async\" src=\"https:\/\/cc-west-usa.oss-accelerate.aliyuncs.com\/017c5b8d-782b-4d77-8d35-b50a4ce1022c.png\" alt=\"DSC-5227\" data-src=\"https:\/\/cbu01.alicdn.com\/img\/ibank\/2018\/879\/433\/8559334978_260352032.jpg\" data-key=\"4\" data-uploadossfail=\"false\"><\/p>\n<p>  <img decoding=\"async\" src=\"https:\/\/cc-west-usa.oss-accelerate.aliyuncs.com\/4401ee36-fe18-4642-b3d6-1bbeaed01d9d.png\" alt=\"DSC-5228\" data-src=\"https:\/\/cbu01.alicdn.com\/img\/ibank\/2018\/252\/193\/8559391252_260352032.jpg\" data-key=\"5\" data-uploadossfail=\"false\"><\/p>\n<p>  <img decoding=\"async\" src=\"https:\/\/cc-west-usa.oss-accelerate.aliyuncs.com\/6616d853-9845-44bc-bd6d-8a392f051698.png\" alt=\"ind\u00e9fini\" data-src=\"https:\/\/cbu01.alicdn.com\/img\/ibank\/2018\/173\/070\/8540070371_260352032.jpg\" data-key=\"6\" data-uploadossfail=\"false\"><\/p>\n<p>  <img decoding=\"async\" src=\"https:\/\/cc-west-usa.oss-accelerate.aliyuncs.com\/776ea971-de30-4f63-990e-ead2af6f3d43.png\" alt=\"DSC-5230\" data-src=\"https:\/\/cbu01.alicdn.com\/img\/ibank\/2018\/951\/793\/8559397159_260352032.jpg\" data-key=\"7\" data-uploadossfail=\"false\"><\/p>\n<p>  <img decoding=\"async\" src=\"https:\/\/cc-west-usa.oss-accelerate.aliyuncs.com\/cd861024-3437-4a9d-9d07-31f0a09b5c89.png\" alt=\"ind\u00e9fini\" data-src=\"https:\/\/cbu01.alicdn.com\/img\/ibank\/2018\/573\/760\/8540067375_260352032.jpg\" data-key=\"8\" data-uploadossfail=\"false\"><\/p>\n<p>  <img decoding=\"async\" src=\"https:\/\/cc-west-usa.oss-accelerate.aliyuncs.com\/ff94093b-8539-49fb-a355-9f3b14924cc3.png\" alt=\"ind\u00e9fini\" data-src=\"https:\/\/cbu01.alicdn.com\/img\/ibank\/2018\/367\/624\/8573426763_260352032.jpg\" data-key=\"9\" data-uploadossfail=\"false\"><\/p>\n<p>  <img decoding=\"async\" src=\"https:\/\/cc-west-usa.oss-accelerate.aliyuncs.com\/4252a1ef-238a-4f23-94bc-37db09d3d646.png\" alt=\"DSC-5226\" data-src=\"https:\/\/cbu01.alicdn.com\/img\/ibank\/2018\/197\/520\/8540025791_260352032.jpg\" data-key=\"10\" data-uploadossfail=\"false\"><br \/>\n <\/strong><br \/>\n <b><br \/>\n  <br \/>\n <\/b><\/p>","protected":false},"excerpt":{"rendered":"<p>Informations sur le produit : Mat\u00e9riau : algues Taille : Tour de t\u00eate 57cm, bande de transpiration r\u00e9glable Bord du chapeau : environ 10cm Hauteur du chapeau : environ 8,5cm Fonction : \u00e9cran solaire, respirant, coupe-vent et pare-soleil Taille : M (56-58cm) Liste d'emballage : Chapeau de paille * 1<\/p>","protected":false},"featured_media":10794,"comment_status":"open","ping_status":"closed","template":"","meta":[],"product_brand":[],"product_cat":[46],"product_tag":[],"class_list":{"0":"post-10799","1":"product","2":"type-product","3":"status-publish","4":"has-post-thumbnail","6":"product_cat-hats","8":"first","9":"instock","10":"taxable","11":"shipping-taxable","12":"purchasable","13":"product-type-variable"},"_links":{"self":[{"href":"https:\/\/beacheden.com\/fr\/wp-json\/wp\/v2\/product\/10799","targetHints":{"allow":["GET"]}}],"collection":[{"href":"https:\/\/beacheden.com\/fr\/wp-json\/wp\/v2\/product"}],"about":[{"href":"https:\/\/beacheden.com\/fr\/wp-json\/wp\/v2\/types\/product"}],"replies":[{"embeddable":true,"href":"https:\/\/beacheden.com\/fr\/wp-json\/wp\/v2\/comments?post=10799"}],"wp:featuredmedia":[{"embeddable":true,"href":"https:\/\/beacheden.com\/fr\/wp-json\/wp\/v2\/media\/10794"}],"wp:attachment":[{"href":"https:\/\/beacheden.com\/fr\/wp-json\/wp\/v2\/media?parent=10799"}],"wp:term":[{"taxonomy":"product_brand","embeddable":true,"href":"https:\/\/beacheden.com\/fr\/wp-json\/wp\/v2\/product_brand?post=10799"},{"taxonomy":"product_cat","embeddable":true,"href":"https:\/\/beacheden.com\/fr\/wp-json\/wp\/v2\/product_cat?post=10799"},{"taxonomy":"product_tag","embeddable":true,"href":"https:\/\/beacheden.com\/fr\/wp-json\/wp\/v2\/product_tag?post=10799"}],"curies":[{"name":"wp","href":"https:\/\/api.w.org\/{rel}","templated":true}]}}