{"id":10790,"date":"2023-06-07T04:09:21","date_gmt":"2023-06-07T11:09:21","guid":{"rendered":"https:\/\/beacheden.com\/shop\/uncategorized\/womens-breathable-green-straw-beach-sun-hat\/"},"modified":"2025-05-22T04:06:28","modified_gmt":"2025-05-22T11:06:28","slug":"chapeau-de-soleil-de-plage-en-paille-verte-respirante-pour-femme","status":"publish","type":"product","link":"https:\/\/beacheden.com\/fr\/chapeau-de-soleil-de-plage-en-paille-verte-respirante-pour-femme\/","title":{"rendered":"Chapeau de plage en paille verte respirante pour femme"},"content":{"rendered":"<p>\n <b>Informations sur le produit :<\/b><br \/>\n \n<\/p>\n<p>\n Cat\u00e9gorie d'approvisionnement : spot<br \/>\n <br \/>\n Marque : Chuangtong<br \/>\n <br \/>\n Cat\u00e9gorie de produit : chapeau de paille<br \/>\n <br \/>\n Sexe applicable : f\u00e9minin<br \/>\n <br \/>\n Mat\u00e9riau : hamcho naturel<br \/>\n <br \/>\n Style : Europe et Am\u00e9rique<br \/>\n <br \/>\n M\u00e9thode de tricotage : crochet \u00e0 main<br \/>\n <br \/>\n M\u00e9thode de traitement : fichier satin<br \/>\n <br \/>\n \u00c9l\u00e9ments populaires : corps nu<br \/>\n <br \/>\n Motif : Monochrome<br \/>\n <br \/>\n Saison appropri\u00e9e : \u00e9t\u00e9, printemps, automne<br \/>\n <br \/>\n Commerce ext\u00e9rieur : Oui<br \/>\n <br \/>\n Inventaire : Oui<br \/>\n <br \/>\n Type d'inventaire : commande globale<br \/>\n <br \/>\n Occasions d'offrir des cadeaux : foires commerciales, promotions publicitaires, avantages pour les employ\u00e9s, c\u00e9l\u00e9brations d'anniversaires, cadeaux d'affaires, c\u00e9r\u00e9monies d'ouverture, comm\u00e9morations de r\u00e9compenses, planification des relations publiques.<br \/>\n <br \/>\n Impression du LOGO : Oui<br \/>\n <br \/>\n Traitement personnalis\u00e9 : Oui<br \/>\n <br \/>\n Lieu d'origine : Zhejiang<br \/>\n <br \/>\n Style du chapeau : plat<br \/>\n <br \/>\n Style de chapeau : grand avant-toit<br \/>\n <br \/>\n Couleur : couleur naturelle<br \/>\n <br \/>\n Taille : M (56-58cm)<br \/>\n <br \/>\n Caract\u00e9ristiques<br \/>\n <br \/>\n Protection solaire, protection du cou, respirabilit\u00e9, r\u00e9duction de l'\u00e2ge, protection solaire<br \/>\n <br \/>\n S'agit-il d'une source d'approvisionnement exclusive pour l'exportation transfrontali\u00e8re ?<br \/>\n <br \/>\n non<br \/>\n <br \/>\n Principales plates-formes en aval<br \/>\n <br \/>\n ebay, Amazon, wish, AliExpress, station ind\u00e9pendante, LAZADA<br \/>\n <br \/>\n Principale zone de vente<br \/>\n <br \/>\n Afrique, Europe, Am\u00e9rique du Sud, Asie du Sud-Est, Am\u00e9rique du Nord, Asie du Nord-Est, Moyen-Orient<br \/>\n <br \/>\n Avant-toits<br \/>\n <br \/>\n Avant-toit plat\n<\/p>\n<p>\n <br \/>\n <b>Informations sur la taille :<\/b><br \/>\n <br \/>\n M\uff0856-58cm\uff09<br \/>\n \n<\/p>\n<p>\n \n<\/p>\n<p>\n <b>Liste de colisage\uff1a<\/b>\n<\/p>\n<p>Chapeau*1<\/p>\n<p>\n \n<\/p>\n<p>\n <b>Image du produit :<\/b>\n<\/p>\n<p>\n <img decoding=\"async\" src=\"https:\/\/cc-west-usa.oss-accelerate.aliyuncs.com\/1623491508015.jpg\" style=\"max-width:100%\" alt=\"\"><br \/>\n <img decoding=\"async\" src=\"https:\/\/cc-west-usa.oss-accelerate.aliyuncs.com\/1623491508014.jpg\" style=\"max-width: 100%\" alt=\"\"><br \/>\n <img decoding=\"async\" src=\"https:\/\/cc-west-usa.oss-accelerate.aliyuncs.com\/1623491508016.jpg\" style=\"max-width: 100%\" alt=\"\"><br \/>\n <img decoding=\"async\" src=\"https:\/\/cc-west-usa.oss-accelerate.aliyuncs.com\/1623491508011.jpg\" style=\"max-width: 100%\" alt=\"\"><br \/>\n <img decoding=\"async\" src=\"https:\/\/cc-west-usa.oss-accelerate.aliyuncs.com\/1623491508015.jpg\" style=\"max-width: 100%\" alt=\"\"><br \/>\n <img decoding=\"async\" src=\"https:\/\/cc-west-usa.oss-accelerate.aliyuncs.com\/1623491508013.jpg\" style=\"max-width: 100%\" alt=\"\"><br \/>\n <\/p>","protected":false},"excerpt":{"rendered":"<p>Product information: Supply category: spot Brand: Chuangtong Product category: straw hat Applicable gender: female Material: natural hamcho Style: Europe and America Knitting method: hand hook Processing method: satin file Popular elements: bare body Pattern: Monochrome Suitable season: summer, spring, autumn Whether foreign trade: Yes Inventory: Yes Inventory type: whole order Applicable gift-giving occasions: trade fairs, [&#8230;]\n","protected":false},"featured_media":10785,"comment_status":"open","ping_status":"closed","template":"","meta":[],"product_brand":[],"product_cat":[46],"product_tag":[],"class_list":{"0":"post-10790","1":"product","2":"type-product","3":"status-publish","4":"has-post-thumbnail","6":"product_cat-hats","8":"first","9":"instock","10":"taxable","11":"shipping-taxable","12":"purchasable","13":"product-type-variable"},"_links":{"self":[{"href":"https:\/\/beacheden.com\/fr\/wp-json\/wp\/v2\/product\/10790","targetHints":{"allow":["GET"]}}],"collection":[{"href":"https:\/\/beacheden.com\/fr\/wp-json\/wp\/v2\/product"}],"about":[{"href":"https:\/\/beacheden.com\/fr\/wp-json\/wp\/v2\/types\/product"}],"replies":[{"embeddable":true,"href":"https:\/\/beacheden.com\/fr\/wp-json\/wp\/v2\/comments?post=10790"}],"wp:featuredmedia":[{"embeddable":true,"href":"https:\/\/beacheden.com\/fr\/wp-json\/wp\/v2\/media\/10785"}],"wp:attachment":[{"href":"https:\/\/beacheden.com\/fr\/wp-json\/wp\/v2\/media?parent=10790"}],"wp:term":[{"taxonomy":"product_brand","embeddable":true,"href":"https:\/\/beacheden.com\/fr\/wp-json\/wp\/v2\/product_brand?post=10790"},{"taxonomy":"product_cat","embeddable":true,"href":"https:\/\/beacheden.com\/fr\/wp-json\/wp\/v2\/product_cat?post=10790"},{"taxonomy":"product_tag","embeddable":true,"href":"https:\/\/beacheden.com\/fr\/wp-json\/wp\/v2\/product_tag?post=10790"}],"curies":[{"name":"wp","href":"https:\/\/api.w.org\/{rel}","templated":true}]}}