{"id":10782,"date":"2023-06-07T04:06:23","date_gmt":"2023-06-07T11:06:23","guid":{"rendered":"https:\/\/beacheden.com\/shop\/uncategorized\/natural-grass-handmade-men-women-holiday-leisure-beach-hat\/"},"modified":"2023-06-07T04:11:41","modified_gmt":"2023-06-07T11:11:41","slug":"chapeau-de-plage-en-gazon-naturel-fait-a-la-main-pour-les-hommes-les-femmes-et-les-vacances","status":"publish","type":"product","link":"https:\/\/beacheden.com\/fr\/chapeau-de-plage-en-gazon-naturel-fait-a-la-main-pour-les-hommes-les-femmes-et-les-vacances\/","title":{"rendered":"Chapeau de plage en herbe naturelle fait \u00e0 la main Hommes Femmes Vacances Loisirs"},"content":{"rendered":"<p>\n <b>Informations sur le produit<\/b><br \/>\n \n<\/p>\n<p>\n Mat\u00e9riau : paille de bl\u00e9<br \/>\n <br \/>\n Taille : tour de t\u00eate de 57 cm, bandeau r\u00e9glable<br \/>\n <br \/>\n Hauteur du capuchon : environ 10 cm<br \/>\n <br \/>\n Bord du chapeau : environ 10cm<br \/>\n <br \/>\n Mat\u00e9riau : Paille<br \/>\n <br \/>\n M\u00e9thode de tissage : tricotage en cha\u00eene<br \/>\n <br \/>\n M\u00e9thode de transformation : tie-dye<br \/>\n <br \/>\n <b>Liste d'emballage :<\/b><br \/>\n <br \/>\n Chapeau*1\n<\/p>\n<p>\n &nbsp;<br \/>\n <img decoding=\"async\" src=\"https:\/\/cc-west-usa.oss-accelerate.aliyuncs.com\/1619242863529.jpg\" style=\"max-width: 100%\" alt=\"\"><br \/>\n <img decoding=\"async\" src=\"https:\/\/cc-west-usa.oss-accelerate.aliyuncs.com\/1619242863531.jpg\" style=\"max-width: 100%\" alt=\"\"><br \/>\n <img decoding=\"async\" src=\"https:\/\/cc-west-usa.oss-accelerate.aliyuncs.com\/1619242863532.jpg\" style=\"max-width: 100%\" alt=\"\"><br \/>\n <img decoding=\"async\" src=\"https:\/\/cc-west-usa.oss-accelerate.aliyuncs.com\/1619242863533.jpg\" style=\"max-width: 100%\" alt=\"\"><br \/>\n <img decoding=\"async\" src=\"https:\/\/cc-west-usa.oss-accelerate.aliyuncs.com\/1619242863534.jpg\" style=\"max-width: 100%\" alt=\"\"><br \/>\n <img decoding=\"async\" src=\"https:\/\/cc-west-usa.oss-accelerate.aliyuncs.com\/1619242863534.jpg\" style=\"max-width: 100%\" alt=\"\"><\/p>","protected":false},"excerpt":{"rendered":"<p>Informations sur le produit Mat\u00e9riau : paille de bl\u00e9 Taille : tour de t\u00eate 57cm bandeau r\u00e9glable Hauteur de la casquette : environ 10cm Bord du chapeau : environ 10cm Mat\u00e9riau : Paille M\u00e9thode de tissage : tricotage en cha\u00eene M\u00e9thode de traitement : teinture \u00e0 la main Liste d'emballage : Chapeau*1 &nbsp;<\/p>","protected":false},"featured_media":10777,"comment_status":"open","ping_status":"closed","template":"","meta":[],"product_brand":[],"product_cat":[46],"product_tag":[],"class_list":{"0":"post-10782","1":"product","2":"type-product","3":"status-publish","4":"has-post-thumbnail","6":"product_cat-hats","8":"first","9":"instock","10":"taxable","11":"shipping-taxable","12":"purchasable","13":"product-type-variable"},"_links":{"self":[{"href":"https:\/\/beacheden.com\/fr\/wp-json\/wp\/v2\/product\/10782","targetHints":{"allow":["GET"]}}],"collection":[{"href":"https:\/\/beacheden.com\/fr\/wp-json\/wp\/v2\/product"}],"about":[{"href":"https:\/\/beacheden.com\/fr\/wp-json\/wp\/v2\/types\/product"}],"replies":[{"embeddable":true,"href":"https:\/\/beacheden.com\/fr\/wp-json\/wp\/v2\/comments?post=10782"}],"wp:featuredmedia":[{"embeddable":true,"href":"https:\/\/beacheden.com\/fr\/wp-json\/wp\/v2\/media\/10777"}],"wp:attachment":[{"href":"https:\/\/beacheden.com\/fr\/wp-json\/wp\/v2\/media?parent=10782"}],"wp:term":[{"taxonomy":"product_brand","embeddable":true,"href":"https:\/\/beacheden.com\/fr\/wp-json\/wp\/v2\/product_brand?post=10782"},{"taxonomy":"product_cat","embeddable":true,"href":"https:\/\/beacheden.com\/fr\/wp-json\/wp\/v2\/product_cat?post=10782"},{"taxonomy":"product_tag","embeddable":true,"href":"https:\/\/beacheden.com\/fr\/wp-json\/wp\/v2\/product_tag?post=10782"}],"curies":[{"name":"wp","href":"https:\/\/api.w.org\/{rel}","templated":true}]}}