{"id":10764,"date":"2023-06-07T03:59:08","date_gmt":"2023-06-07T10:59:08","guid":{"rendered":"https:\/\/beacheden.com\/shop\/uncategorized\/womens-fashion-vintage-square-sunglasses-taking-snapshots\/"},"modified":"2025-09-05T16:53:56","modified_gmt":"2025-09-05T23:53:56","slug":"lunettes-de-soleil-carrees-vintage-a-la-mode-feminine-pour-prendre-des-photos","status":"publish","type":"product","link":"https:\/\/beacheden.com\/fr\/lunettes-de-soleil-carrees-vintage-a-la-mode-feminine-pour-prendre-des-photos\/","title":{"rendered":"Lunettes de soleil carr\u00e9es vintage pour femmes prenant des clich\u00e9s"},"content":{"rendered":"<p>\n <b><br \/>\n  Informations sur le produit :<br \/>\n  <br \/>\n <\/b><br \/>\n <span style=\"font-size: 1em\">Mat\u00e9riau de l'objectif : PC<\/span>\n<\/p>\n<p>\n Mat\u00e9riau du cadre : m\u00e9tal<br \/>\n <br \/>\n Couleur des verres : jaune, gris, noir, beige<br \/>\n <br \/>\n Classification de la transmission : classe 2 \/ miroir pare-soleil<br \/>\n <br \/>\n Polaris\u00e9 : Non<br \/>\n <br \/>\n Construction des lunettes : monture compl\u00e8te<br \/>\n <br \/>\n Style des lunettes : carr\u00e9es\n<\/p>\n<p>\n <b><br \/>\n  <br \/>\n  Liste d'emballage :<br \/>\n <\/b>\n<\/p>\n<p>Monture de lunettes en plastique*1<\/p>\n<p>\n <img decoding=\"async\" src=\"https:\/\/cc-west-usa.oss-accelerate.aliyuncs.com\/34752a40-2698-4e13-885a-d749e462ab93.jpg\" style=\"max-width:100%\" alt=\"\"><br \/>\n <img decoding=\"async\" src=\"https:\/\/cc-west-usa.oss-accelerate.aliyuncs.com\/f64c5a85-6a36-4d1b-ba1f-0062854ecc4a.jpg\" style=\"max-width: 100%\" alt=\"\"><br \/>\n <img decoding=\"async\" src=\"https:\/\/cc-west-usa.oss-accelerate.aliyuncs.com\/0fde00ad-1a4a-4189-9831-bd393237a687.jpg\" style=\"max-width: 100%\" alt=\"\"><br \/>\n <img decoding=\"async\" src=\"https:\/\/cc-west-usa.oss-accelerate.aliyuncs.com\/f6b664c5-9bf4-4e43-98cc-a4db6654ccba.jpg\" style=\"max-width: 100%\" alt=\"\"><br \/>\n <img decoding=\"async\" src=\"https:\/\/cc-west-usa.oss-accelerate.aliyuncs.com\/1f8db6c5-3acd-408e-87df-c972e3bce63b.jpg\" style=\"max-width: 100%\" alt=\"\"><br \/>\n <img decoding=\"async\" src=\"https:\/\/cc-west-usa.oss-accelerate.aliyuncs.com\/b99b5de4-a212-4494-a633-d54b473b537a.jpg\" style=\"max-width: 100%\" alt=\"\"><br \/>\n <img decoding=\"async\" src=\"https:\/\/cc-west-usa.oss-accelerate.aliyuncs.com\/84bf7b61-f2eb-4603-a556-aab92c1e3a3b.jpg\" style=\"max-width: 100%\" alt=\"\"><br \/>\n <img decoding=\"async\" src=\"https:\/\/cc-west-usa.oss-accelerate.aliyuncs.com\/f93edc9f-3494-42f9-b3e8-0b88cc312502.jpg\" style=\"max-width: 100%\" alt=\"\"><br \/>\n <img decoding=\"async\" src=\"https:\/\/cc-west-usa.oss-accelerate.aliyuncs.com\/f6bc1d91-b74f-4969-ba5c-3067ac55ed36.jpg\" style=\"max-width: 100%\" alt=\"\"><br \/>\n <\/p>","protected":false},"excerpt":{"rendered":"<p>Informations sur le produit : Mat\u00e9riau de l'oculaire : PC Mat\u00e9riau de la monture : m\u00e9tal Couleur de l'oculaire : jaune, gris, noir, beige Classification de la transmission : classe 2 \/ miroir de protection solaire Polaris\u00e9 : Non Construction des lunettes : monture compl\u00e8te Style des lunettes : carr\u00e9es Liste d'emballage : Monture de lunettes en plastique*1<\/p>","protected":false},"featured_media":10755,"comment_status":"open","ping_status":"closed","template":"","meta":[],"product_brand":[],"product_cat":[45],"product_tag":[],"class_list":{"0":"post-10764","1":"product","2":"type-product","3":"status-publish","4":"has-post-thumbnail","6":"product_cat-sunglasses","8":"first","9":"instock","10":"taxable","11":"shipping-taxable","12":"purchasable","13":"product-type-variable"},"_links":{"self":[{"href":"https:\/\/beacheden.com\/fr\/wp-json\/wp\/v2\/product\/10764","targetHints":{"allow":["GET"]}}],"collection":[{"href":"https:\/\/beacheden.com\/fr\/wp-json\/wp\/v2\/product"}],"about":[{"href":"https:\/\/beacheden.com\/fr\/wp-json\/wp\/v2\/types\/product"}],"replies":[{"embeddable":true,"href":"https:\/\/beacheden.com\/fr\/wp-json\/wp\/v2\/comments?post=10764"}],"wp:featuredmedia":[{"embeddable":true,"href":"https:\/\/beacheden.com\/fr\/wp-json\/wp\/v2\/media\/10755"}],"wp:attachment":[{"href":"https:\/\/beacheden.com\/fr\/wp-json\/wp\/v2\/media?parent=10764"}],"wp:term":[{"taxonomy":"product_brand","embeddable":true,"href":"https:\/\/beacheden.com\/fr\/wp-json\/wp\/v2\/product_brand?post=10764"},{"taxonomy":"product_cat","embeddable":true,"href":"https:\/\/beacheden.com\/fr\/wp-json\/wp\/v2\/product_cat?post=10764"},{"taxonomy":"product_tag","embeddable":true,"href":"https:\/\/beacheden.com\/fr\/wp-json\/wp\/v2\/product_tag?post=10764"}],"curies":[{"name":"wp","href":"https:\/\/api.w.org\/{rel}","templated":true}]}}