{"id":10738,"date":"2023-06-07T03:56:12","date_gmt":"2023-06-07T10:56:12","guid":{"rendered":"https:\/\/beacheden.com\/shop\/uncategorized\/european-and-american-new-large-frame-irregular-sunglasses\/"},"modified":"2023-06-07T04:16:35","modified_gmt":"2023-06-07T11:16:35","slug":"lunettes-de-soleil-irregulieres-europeennes-et-americaines-a-grande-monture","status":"publish","type":"product","link":"https:\/\/beacheden.com\/fr\/lunettes-de-soleil-irregulieres-europeennes-et-americaines-a-grande-monture\/","title":{"rendered":"Nouvelles lunettes de soleil europ\u00e9ennes et am\u00e9ricaines \u00e0 monture large et irr\u00e9guli\u00e8re"},"content":{"rendered":"<p>\n <b>Informations sur le produit :<\/b><br \/>\n \n<\/p>\n<p>\n Polarisation ou non : non<br \/>\n <br \/>\n Structure des lunettes : pleine monture<br \/>\n <br \/>\n Style des lunettes : Polygone<br \/>\n <br \/>\n Sc\u00e8nes d'application : protection solaire, voyages, v\u00eatements de mode, spectacles, f\u00eates<br \/>\n <br \/>\n Style : mode, personnalit\u00e9, confort, simplicit\u00e9, style ins<br \/>\n <br \/>\n Personnes concern\u00e9es : g\u00e9n\u00e9ralistes, adultes<br \/>\n <br \/>\n Couleur : tranches noires et grises brillantes, impression l\u00e9opard en haut et en bas, cadre de nouilles de riz, tranches de th\u00e9 doubles, tranches grises blanches unies, cadre l\u00e9opard, tranches vertes fonc\u00e9es, tranches de poudre g\u00e9lifi\u00e9e, tranches de th\u00e9 g\u00e9lifi\u00e9, cadre de poudre transparent, tranches bleues roses.\n<\/p>\n<p>\n <br \/>\n <b>Liste d'emballage :<\/b>\n<\/p>\n<p>Lunettes de soleil*1<\/p>\n<p>\n \n<\/p>\n<p>\n \n<\/p>\n<p>\n <b><br \/>\n  <br \/>\n <\/b>\n<\/p>\n<p>\n <img decoding=\"async\" src=\"https:\/\/cbu01.alicdn.com\/img\/ibank\/O1CN01kobibk1LqnogCQDYj_!!2029031351-0-cib.jpg\" alt=\"ind\u00e9fini\"><\/p>\n<p> <img decoding=\"async\" src=\"https:\/\/cbu01.alicdn.com\/img\/ibank\/O1CN01VAgwhM1LqnodP9dVR_!!2029031351-0-cib.jpg\" alt=\"ind\u00e9fini\"><\/p>\n<p> <img decoding=\"async\" src=\"https:\/\/cbu01.alicdn.com\/img\/ibank\/O1CN01sq9w9l1LqnoX1HARU_!!2029031351-0-cib.jpg\" alt=\"ind\u00e9fini\"><\/p>\n<p> <img decoding=\"async\" src=\"https:\/\/cbu01.alicdn.com\/img\/ibank\/O1CN015IlkJX1LqnokW912c_!!2029031351-0-cib.jpg\" alt=\"ind\u00e9fini\"><\/p>\n<p> <img decoding=\"async\" src=\"https:\/\/cbu01.alicdn.com\/img\/ibank\/O1CN01JPhBry1LqnojX8nJE_!!2029031351-0-cib.jpg\" alt=\"ind\u00e9fini\"><\/p>\n<p> <img decoding=\"async\" src=\"https:\/\/cbu01.alicdn.com\/img\/ibank\/O1CN01uUxjQn1LqnohtzlPt_!!2029031351-0-cib.jpg\" alt=\"ind\u00e9fini\"><\/p>\n<p> <img decoding=\"async\" src=\"https:\/\/cbu01.alicdn.com\/img\/ibank\/O1CN01zWc03o1Lqnogw75uO_!!2029031351-0-cib.jpg\" alt=\"ind\u00e9fini\"><\/p>\n<p> <img decoding=\"async\" src=\"https:\/\/cbu01.alicdn.com\/img\/ibank\/O1CN01Fkmvpc1LqnogJbFqo_!!2029031351-0-cib.jpg\" alt=\"ind\u00e9fini\"><\/p>\n<p> <img decoding=\"async\" src=\"https:\/\/cbu01.alicdn.com\/img\/ibank\/O1CN01NBCblz1LqnomL12hp_!!2029031351-0-cib.jpg\" alt=\"ind\u00e9fini\"><\/p>\n<p> <img decoding=\"async\" src=\"https:\/\/cbu01.alicdn.com\/img\/ibank\/O1CN01AuVf4V1LqnoiIiW0E_!!2029031351-0-cib.jpg\" alt=\"ind\u00e9fini\"><\/p>\n<p> <img decoding=\"async\" src=\"https:\/\/cbu01.alicdn.com\/img\/ibank\/O1CN01vD8Qg51LqnojX7edD_!!2029031351-0-cib.jpg\" alt=\"ind\u00e9fini\"><\/p>\n<p> <img decoding=\"async\" src=\"https:\/\/cbu01.alicdn.com\/img\/ibank\/O1CN01Qatg1w1LqnoiIlOp3_!!2029031351-0-cib.jpg\" alt=\"ind\u00e9fini\"><\/p>\n<p> <img decoding=\"async\" src=\"https:\/\/cbu01.alicdn.com\/img\/ibank\/O1CN01MCBdIP1Lqnoe40YKx_!!2029031351-0-cib.jpg\" alt=\"ind\u00e9fini\"><\/p>\n<p> <img decoding=\"async\" src=\"https:\/\/cbu01.alicdn.com\/img\/ibank\/O1CN01B7QXZQ1LqnoX1G1qp_!!2029031351-0-cib.jpg\" alt=\"ind\u00e9fini\"><\/p>\n<p> <img decoding=\"async\" src=\"https:\/\/cbu01.alicdn.com\/img\/ibank\/O1CN01r8TUlM1Lqnohu1i2v_!!2029031351-0-cib.jpg\" alt=\"ind\u00e9fini\"><\/p>\n<p> <img decoding=\"async\" src=\"https:\/\/cbu01.alicdn.com\/img\/ibank\/O1CN01GUmlWQ1LqnoiIjJtx_!!2029031351-0-cib.jpg\" alt=\"ind\u00e9fini\"><br \/>\n <b><br \/>\n  <br \/>\n <\/b><\/p>","protected":false},"excerpt":{"rendered":"<p>Product information: Whether polarized: no Glasses structure: full frame Glasses Style: Polygon Applicable scenes: sun protection, travel, fashion wear, stage performances, parties Style: fashion, personality, comfort, simplicity, ins style Applicable people: general, adults Color: bright black and gray slices, upper black and lower leopard print, rice noodle frame double tea slices, solid white grey slices, [&#8230;]\n","protected":false},"featured_media":10728,"comment_status":"open","ping_status":"closed","template":"","meta":[],"product_brand":[],"product_cat":[45],"product_tag":[],"class_list":{"0":"post-10738","1":"product","2":"type-product","3":"status-publish","4":"has-post-thumbnail","6":"product_cat-sunglasses","8":"first","9":"instock","10":"taxable","11":"shipping-taxable","12":"purchasable","13":"product-type-variable"},"_links":{"self":[{"href":"https:\/\/beacheden.com\/fr\/wp-json\/wp\/v2\/product\/10738","targetHints":{"allow":["GET"]}}],"collection":[{"href":"https:\/\/beacheden.com\/fr\/wp-json\/wp\/v2\/product"}],"about":[{"href":"https:\/\/beacheden.com\/fr\/wp-json\/wp\/v2\/types\/product"}],"replies":[{"embeddable":true,"href":"https:\/\/beacheden.com\/fr\/wp-json\/wp\/v2\/comments?post=10738"}],"wp:featuredmedia":[{"embeddable":true,"href":"https:\/\/beacheden.com\/fr\/wp-json\/wp\/v2\/media\/10728"}],"wp:attachment":[{"href":"https:\/\/beacheden.com\/fr\/wp-json\/wp\/v2\/media?parent=10738"}],"wp:term":[{"taxonomy":"product_brand","embeddable":true,"href":"https:\/\/beacheden.com\/fr\/wp-json\/wp\/v2\/product_brand?post=10738"},{"taxonomy":"product_cat","embeddable":true,"href":"https:\/\/beacheden.com\/fr\/wp-json\/wp\/v2\/product_cat?post=10738"},{"taxonomy":"product_tag","embeddable":true,"href":"https:\/\/beacheden.com\/fr\/wp-json\/wp\/v2\/product_tag?post=10738"}],"curies":[{"name":"wp","href":"https:\/\/api.w.org\/{rel}","templated":true}]}}