{"id":10691,"date":"2023-06-07T03:44:36","date_gmt":"2023-06-07T10:44:36","guid":{"rendered":"https:\/\/beacheden.com\/shop\/uncategorized\/womens-oversized-sunglasses-for-ladies\/"},"modified":"2025-05-21T22:49:40","modified_gmt":"2025-05-22T05:49:40","slug":"lunettes-de-soleil-surdimensionnees-pour-femmes","status":"publish","type":"product","link":"https:\/\/beacheden.com\/fr\/lunettes-de-soleil-surdimensionnees-pour-femmes\/","title":{"rendered":"Lunettes de soleil surdimensionn\u00e9es pour femmes"},"content":{"rendered":"<p>\n <b>Vue d'ensemble :<\/b><br \/>\n \n<\/p>\n<p>\n Mat\u00e9riau de l'oculaire : r\u00e9sine<br \/>\n <br \/>\n Mat\u00e9riau du cadre : plastique<br \/>\n <br \/>\n Couleur des verres : C1 blanc\/gris d\u00e9grad\u00e9, C2 rouge\/th\u00e9 d\u00e9grad\u00e9, C4 noir brillant\/gris d\u00e9grad\u00e9, C5 rose\/gris d\u00e9grad\u00e9 rouge, C7 gris l\u00e9opard\/gris d\u00e9grad\u00e9, C9 noir sup\u00e9rieur l\u00e9opard\/th\u00e9 d\u00e9grad\u00e9<br \/>\n <br \/>\n Style : Personnalit\u00e9<br \/>\n <br \/>\n Style : Femme\n<\/p>\n<p> <b>Contenu de l'emballage :<\/b><br \/>\n <br \/>\n 1 x&nbsp;<br \/>\n <span style=\"font-size: 1em\">Lunettes de soleil&nbsp;<\/span>\n<\/p>\n<p>\n <br \/>\n <b>Informations sur la taille :<\/b>\n<\/p>\n<p>\n <img decoding=\"async\" src=\"https:\/\/cc-west-usa.oss-accelerate.aliyuncs.com\/212c2706-7c15-48eb-99ac-f1306dd5b040.png\" style=\"max-width:100%\" alt=\"\"><br \/>\n <b><br \/>\n  <br \/>\n <\/b>\n<\/p>\n<p>\n <img decoding=\"async\" src=\"https:\/\/cc-west-usa.oss-accelerate.aliyuncs.com\/ac575848-d51b-4c23-ae57-13fde315a10a.jpg\" style=\"max-width:100%\" alt=\"\"><br \/>\n <img decoding=\"async\" src=\"https:\/\/cc-west-usa.oss-accelerate.aliyuncs.com\/243d0e9e-adcd-4a9e-89c0-ee60056e213e.jpg\" style=\"max-width: 100%\" alt=\"\"><br \/>\n <img decoding=\"async\" src=\"https:\/\/cc-west-usa.oss-accelerate.aliyuncs.com\/c2bb5ecf-23b6-4953-a8b1-bf8f74ca3edf.jpg\" style=\"max-width: 100%\" alt=\"\"><br \/>\n <img decoding=\"async\" src=\"https:\/\/cc-west-usa.oss-accelerate.aliyuncs.com\/1d50b4f8-ccd7-412b-955c-82eb875db240.jpg\" style=\"max-width: 100%\" alt=\"\"><br \/>\n <img decoding=\"async\" src=\"https:\/\/cc-west-usa.oss-accelerate.aliyuncs.com\/1596ccd5-c229-49a7-a3d6-5c64d0f68ead.jpg\" style=\"max-width: 100%\" alt=\"\"><br \/>\n <\/p>","protected":false},"excerpt":{"rendered":"<p>Vue d'ensemble : Mati\u00e8re de l'oculaire : r\u00e9sine Mati\u00e8re de la monture : plastique Couleur de l'oculaire : C1 blanc\/gris d\u00e9grad\u00e9, C2 rouge\/th\u00e9 d\u00e9grad\u00e9, C4 noir brillant\/gris d\u00e9grad\u00e9, C5 rose\/gris d\u00e9grad\u00e9 rouge, C7 gris imprim\u00e9 l\u00e9opard\/gris d\u00e9grad\u00e9, C9 noir sup\u00e9rieur imprim\u00e9 l\u00e9opard\/th\u00e9 d\u00e9grad\u00e9 Style : Personnalit\u00e9 Style : Femme Contenu de l'emballage : 1 x Lunettes de soleil Information sur la taille :<\/p>","protected":false},"featured_media":10686,"comment_status":"open","ping_status":"closed","template":"","meta":[],"product_brand":[],"product_cat":[45],"product_tag":[],"class_list":{"0":"post-10691","1":"product","2":"type-product","3":"status-publish","4":"has-post-thumbnail","6":"product_cat-sunglasses","8":"first","9":"instock","10":"taxable","11":"shipping-taxable","12":"purchasable","13":"product-type-variable"},"_links":{"self":[{"href":"https:\/\/beacheden.com\/fr\/wp-json\/wp\/v2\/product\/10691","targetHints":{"allow":["GET"]}}],"collection":[{"href":"https:\/\/beacheden.com\/fr\/wp-json\/wp\/v2\/product"}],"about":[{"href":"https:\/\/beacheden.com\/fr\/wp-json\/wp\/v2\/types\/product"}],"replies":[{"embeddable":true,"href":"https:\/\/beacheden.com\/fr\/wp-json\/wp\/v2\/comments?post=10691"}],"wp:featuredmedia":[{"embeddable":true,"href":"https:\/\/beacheden.com\/fr\/wp-json\/wp\/v2\/media\/10686"}],"wp:attachment":[{"href":"https:\/\/beacheden.com\/fr\/wp-json\/wp\/v2\/media?parent=10691"}],"wp:term":[{"taxonomy":"product_brand","embeddable":true,"href":"https:\/\/beacheden.com\/fr\/wp-json\/wp\/v2\/product_brand?post=10691"},{"taxonomy":"product_cat","embeddable":true,"href":"https:\/\/beacheden.com\/fr\/wp-json\/wp\/v2\/product_cat?post=10691"},{"taxonomy":"product_tag","embeddable":true,"href":"https:\/\/beacheden.com\/fr\/wp-json\/wp\/v2\/product_tag?post=10691"}],"curies":[{"name":"wp","href":"https:\/\/api.w.org\/{rel}","templated":true}]}}