{"id":10656,"date":"2023-06-07T03:37:42","date_gmt":"2023-06-07T10:37:42","guid":{"rendered":"https:\/\/beacheden.com\/shop\/uncategorized\/big-square-sunglasses-women-transparent-frame-ocean-color-lens-glasses-vintage-sunglasses\/"},"modified":"2023-06-07T03:41:41","modified_gmt":"2023-06-07T10:41:41","slug":"lunettes-de-soleil-carrees-pour-femmes-monture-transparente-lentilles-couleur-ocean-lunettes-de-soleil-vintage","status":"publish","type":"product","link":"https:\/\/beacheden.com\/fr\/lunettes-de-soleil-carrees-pour-femmes-monture-transparente-lentilles-couleur-ocean-lunettes-de-soleil-vintage\/","title":{"rendered":"Big Square Sunglasses Women Transparent Frame Ocean Color Lens Glasses Vintage Sunglasses"},"content":{"rendered":"<p>Sp\u00e9cification Structure des lunettes pour adultes Monture Polaris\u00e9e Non Mat\u00e9riau de l'oculaire AC Style Vintage Mat\u00e9riau de la monture Plastique + M\u00e9tal R\u00e9sistance aux UV Style universel Transmission de la lumi\u00e8re visible 80 (%) OEM peut Forte intensit\u00e9 Couleur de l'oculaire noir, couleur caf\u00e9 clair, poudre transparente, gris transparent, poudre de mercure<\/p>\n<p>\n \n<\/p>\n<p>\n <img decoding=\"async\" src=\"https:\/\/cc-west-usa.oss-accelerate.aliyuncs.com\/e174373c-12c2-4834-906b-24515f2e45fb.png\" style=\"max-width:100%\" alt=\"\"><br \/>\n <\/p>","protected":false},"excerpt":{"rendered":"<p>Sp\u00e9cification Structure des lunettes pour adultes Monture Polaris\u00e9e Non Mat\u00e9riau de l'oculaire AC Style Vintage Mat\u00e9riau de la monture Plastique + M\u00e9tal R\u00e9sistance aux UV Style universel Transmission de la lumi\u00e8re visible 80 (%) OEM peut Forte intensit\u00e9 Couleur de l'oculaire noir, couleur caf\u00e9 clair, poudre transparente, gris transparent, poudre de mercure<\/p>","protected":false},"featured_media":10647,"comment_status":"open","ping_status":"closed","template":"","meta":[],"product_brand":[],"product_cat":[45],"product_tag":[],"class_list":{"0":"post-10656","1":"product","2":"type-product","3":"status-publish","4":"has-post-thumbnail","6":"product_cat-sunglasses","8":"first","9":"instock","10":"taxable","11":"shipping-taxable","12":"purchasable","13":"product-type-variable"},"_links":{"self":[{"href":"https:\/\/beacheden.com\/fr\/wp-json\/wp\/v2\/product\/10656","targetHints":{"allow":["GET"]}}],"collection":[{"href":"https:\/\/beacheden.com\/fr\/wp-json\/wp\/v2\/product"}],"about":[{"href":"https:\/\/beacheden.com\/fr\/wp-json\/wp\/v2\/types\/product"}],"replies":[{"embeddable":true,"href":"https:\/\/beacheden.com\/fr\/wp-json\/wp\/v2\/comments?post=10656"}],"wp:featuredmedia":[{"embeddable":true,"href":"https:\/\/beacheden.com\/fr\/wp-json\/wp\/v2\/media\/10647"}],"wp:attachment":[{"href":"https:\/\/beacheden.com\/fr\/wp-json\/wp\/v2\/media?parent=10656"}],"wp:term":[{"taxonomy":"product_brand","embeddable":true,"href":"https:\/\/beacheden.com\/fr\/wp-json\/wp\/v2\/product_brand?post=10656"},{"taxonomy":"product_cat","embeddable":true,"href":"https:\/\/beacheden.com\/fr\/wp-json\/wp\/v2\/product_cat?post=10656"},{"taxonomy":"product_tag","embeddable":true,"href":"https:\/\/beacheden.com\/fr\/wp-json\/wp\/v2\/product_tag?post=10656"}],"curies":[{"name":"wp","href":"https:\/\/api.w.org\/{rel}","templated":true}]}}