{"id":10624,"date":"2023-06-07T03:28:41","date_gmt":"2023-06-07T10:28:41","guid":{"rendered":"https:\/\/beacheden.com\/shop\/uncategorized\/fashionable-and-trendy-jelly-colored-square-frame-sunglasses\/"},"modified":"2023-06-07T03:34:24","modified_gmt":"2023-06-07T10:34:24","slug":"lunettes-de-soleil-a-monture-carree-couleur-gelee-a-la-mode-et-tendance","status":"publish","type":"product","link":"https:\/\/beacheden.com\/fr\/lunettes-de-soleil-a-monture-carree-couleur-gelee-a-la-mode-et-tendance\/","title":{"rendered":"Lunettes de soleil \u00e0 monture carr\u00e9e, couleur gel\u00e9e, \u00e0 la mode et tendance"},"content":{"rendered":"<p>\n <b>Informations sur le produit\uff1a<\/b><br \/>\n <br \/>\n Sp\u00e9cifications \uff1a routine<br \/>\n <br \/>\n style\uff1acurrency<br \/>\n <br \/>\n Couleur de l'objectif \uff1b poudre de gel\u00e9e, noir brillant, gris complet, vert fluorescent, th\u00e9 de gel\u00e9e, th\u00e9 clair, th\u00e9 complet, th\u00e9 l\u00e9opard, gris grand rouge, bleu de gel\u00e9e, bleu clair, gris blanc r\u00e9el<br \/>\n <br \/>\n Couleur du cadre \uff1aComme sur la photo<\/p>\n<p> <b>Liste d'emballage :<\/b><br \/>\n &nbsp;\n<\/p>\n<p>Lunettes de soleil * 1<\/p>\n<p>\n \n<\/p>\n<p>\n <img decoding=\"async\" src=\"https:\/\/cc-west-usa.oss-accelerate.aliyuncs.com\/16778016\/1631543974982455296.jpg\" alt=\"2.jpg\"><br \/>\n \n<\/p>\n<p>\n <img decoding=\"async\" src=\"https:\/\/cc-west-usa.oss-accelerate.aliyuncs.com\/16778016\/1631543975481577472.jpg\" alt=\"1.jpg\"><\/p>\n<p> <img decoding=\"async\" src=\"https:\/\/cc-west-usa.oss-accelerate.aliyuncs.com\/16778016\/1631543976005865472.jpg\" alt=\"2.jpg\"><\/p>\n<p>\n <img decoding=\"async\" src=\"https:\/\/cc-west-usa.oss-accelerate.aliyuncs.com\/16778016\/1631543976374964224.jpg\" alt=\"\u4e0d\u6311\u8138\u578b.jpg\">\n<\/p>\n<p>\n <img decoding=\"async\" src=\"https:\/\/cc-west-usa.oss-accelerate.aliyuncs.com\/1622529363718.jpg\" style=\"max-width:100%\" alt=\"\"><br \/>\n <img decoding=\"async\" src=\"https:\/\/cc-west-usa.oss-accelerate.aliyuncs.com\/1622529363719.jpg\" style=\"max-width: 100%\" alt=\"\"><br \/>\n <img decoding=\"async\" src=\"https:\/\/cc-west-usa.oss-accelerate.aliyuncs.com\/1622529363730.jpg\" style=\"max-width: 100%\" alt=\"\"><br \/>\n <img decoding=\"async\" src=\"https:\/\/cc-west-usa.oss-accelerate.aliyuncs.com\/1622529363695.jpg\" style=\"max-width: 100%\" alt=\"\"><br \/>\n <img decoding=\"async\" src=\"https:\/\/cc-west-usa.oss-accelerate.aliyuncs.com\/1622529363726.jpg\" style=\"max-width: 100%\" alt=\"\"><br \/>\n <img decoding=\"async\" src=\"https:\/\/cc-west-usa.oss-accelerate.aliyuncs.com\/1622529363697.jpg\" style=\"max-width: 100%\" alt=\"\"><br \/>\n <img decoding=\"async\" src=\"https:\/\/cc-west-usa.oss-accelerate.aliyuncs.com\/1622529364016.jpg\" style=\"max-width: 100%\" alt=\"\"><br \/>\n <img decoding=\"async\" src=\"https:\/\/cc-west-usa.oss-accelerate.aliyuncs.com\/1622529363996.jpg\" style=\"max-width: 100%\" alt=\"\"><br \/>\n <img decoding=\"async\" src=\"https:\/\/cc-west-usa.oss-accelerate.aliyuncs.com\/1622529364014.jpg\" style=\"max-width: 100%\" alt=\"\"><br \/>\n <img decoding=\"async\" src=\"https:\/\/cc-west-usa.oss-accelerate.aliyuncs.com\/1622529363991.jpg\" style=\"max-width: 100%\" alt=\"\"><br \/>\n <img decoding=\"async\" src=\"https:\/\/cc-west-usa.oss-accelerate.aliyuncs.com\/1622529364024.jpg\" style=\"max-width: 100%\" alt=\"\"><br \/>\n <\/p>","protected":false},"excerpt":{"rendered":"<p>Informations sur le produit\uff1a Sp\u00e9cifications \uff1a routine style\uff1acurrency Couleur de l'objectif \uff1b Jelly powder, bright black, full gray, fluorescent green, jelly tea, light tea, whole tea, leopard tea, big red gray, jelly blue, light blue, real white gray Couleur de la monture \uff1aAinsi qu'illustr\u00e9 sur la photo Liste d'emballage :   Lunettes de soleil * 1<\/p>","protected":false},"featured_media":10614,"comment_status":"open","ping_status":"closed","template":"","meta":[],"product_brand":[],"product_cat":[45],"product_tag":[],"class_list":{"0":"post-10624","1":"product","2":"type-product","3":"status-publish","4":"has-post-thumbnail","6":"product_cat-sunglasses","8":"first","9":"instock","10":"taxable","11":"shipping-taxable","12":"purchasable","13":"product-type-variable"},"_links":{"self":[{"href":"https:\/\/beacheden.com\/fr\/wp-json\/wp\/v2\/product\/10624","targetHints":{"allow":["GET"]}}],"collection":[{"href":"https:\/\/beacheden.com\/fr\/wp-json\/wp\/v2\/product"}],"about":[{"href":"https:\/\/beacheden.com\/fr\/wp-json\/wp\/v2\/types\/product"}],"replies":[{"embeddable":true,"href":"https:\/\/beacheden.com\/fr\/wp-json\/wp\/v2\/comments?post=10624"}],"wp:featuredmedia":[{"embeddable":true,"href":"https:\/\/beacheden.com\/fr\/wp-json\/wp\/v2\/media\/10614"}],"wp:attachment":[{"href":"https:\/\/beacheden.com\/fr\/wp-json\/wp\/v2\/media?parent=10624"}],"wp:term":[{"taxonomy":"product_brand","embeddable":true,"href":"https:\/\/beacheden.com\/fr\/wp-json\/wp\/v2\/product_brand?post=10624"},{"taxonomy":"product_cat","embeddable":true,"href":"https:\/\/beacheden.com\/fr\/wp-json\/wp\/v2\/product_cat?post=10624"},{"taxonomy":"product_tag","embeddable":true,"href":"https:\/\/beacheden.com\/fr\/wp-json\/wp\/v2\/product_tag?post=10624"}],"curies":[{"name":"wp","href":"https:\/\/api.w.org\/{rel}","templated":true}]}}