{"id":10593,"date":"2023-06-07T03:25:45","date_gmt":"2023-06-07T10:25:45","guid":{"rendered":"https:\/\/beacheden.com\/shop\/uncategorized\/new-curved-mirrored-large-frame-sunglasses\/"},"modified":"2025-05-21T20:00:47","modified_gmt":"2025-05-22T03:00:47","slug":"nouvelles-lunettes-de-soleil-a-large-monture-avec-miroir-incurve","status":"publish","type":"product","link":"https:\/\/beacheden.com\/fr\/nouvelles-lunettes-de-soleil-a-large-monture-avec-miroir-incurve\/","title":{"rendered":"New Curved Mirrored Large Frame Sunglasses (lunettes de soleil \u00e0 large monture)"},"content":{"rendered":"<p>\n <b>Informations sur le produit :<\/b>\n<\/p>\n<p>\n Sp\u00e9cification : Conventionnel<br \/>\n <br \/>\n Structure des lunettes : monture<br \/>\n <br \/>\n S'il est polaris\u00e9 : Non<br \/>\n <br \/>\n Mat\u00e9riau de l'objectif : AC<br \/>\n <br \/>\n Style : Vintage<br \/>\n <br \/>\n Mat\u00e9riau du cadre : PC\n<\/p>\n<p>\n <b><br \/>\n  <br \/>\n  Liste de colisage&nbsp; &nbsp;<br \/>\n <\/b><br \/>\n \n<\/p>\n<p>lunettes*1<\/p>\n<p>\n <img decoding=\"async\" src=\"https:\/\/cc-west-usa.oss-accelerate.aliyuncs.com\/1623119857356.jpg\" style=\"max-width:100%\" alt=\"\"><br \/>\n <img decoding=\"async\" src=\"https:\/\/cc-west-usa.oss-accelerate.aliyuncs.com\/1623119857344.jpg\" style=\"max-width: 100%\" alt=\"\"><br \/>\n <img decoding=\"async\" src=\"https:\/\/cc-west-usa.oss-accelerate.aliyuncs.com\/1623119857340.jpg\" style=\"max-width: 100%\" alt=\"\"><br \/>\n <img decoding=\"async\" src=\"https:\/\/cc-west-usa.oss-accelerate.aliyuncs.com\/1623119857633.jpg\" style=\"max-width: 100%\" alt=\"\"><br \/>\n <img decoding=\"async\" src=\"https:\/\/cc-west-usa.oss-accelerate.aliyuncs.com\/1623119857341.jpg\" style=\"max-width: 100%\" alt=\"\"><br \/>\n <img decoding=\"async\" src=\"https:\/\/cc-west-usa.oss-accelerate.aliyuncs.com\/1623119857316.jpg\" style=\"max-width: 100%\" alt=\"\"><br \/>\n <img decoding=\"async\" src=\"https:\/\/cc-west-usa.oss-accelerate.aliyuncs.com\/1623119857650.jpg\" style=\"max-width: 100%\" alt=\"\"><br \/>\n <img decoding=\"async\" src=\"https:\/\/cc-west-usa.oss-accelerate.aliyuncs.com\/1623119857631.jpg\" style=\"max-width: 100%\" alt=\"\"><br \/>\n <img decoding=\"async\" src=\"https:\/\/cc-west-usa.oss-accelerate.aliyuncs.com\/1623119857655.jpg\" style=\"max-width: 100%\" alt=\"\"><br \/>\n <\/p>","protected":false},"excerpt":{"rendered":"<p>Informations sur le produit : Sp\u00e9cification : Lunettes conventionnelles Structure : monture Polarisantes ou non : Non Mat\u00e9riau de l'oculaire : AC Style : Vintage Mat\u00e9riau de la monture : PC Liste d'emballage lunettes*1<\/p>","protected":false},"featured_media":10583,"comment_status":"open","ping_status":"closed","template":"","meta":[],"product_brand":[],"product_cat":[45],"product_tag":[],"class_list":{"0":"post-10593","1":"product","2":"type-product","3":"status-publish","4":"has-post-thumbnail","6":"product_cat-sunglasses","8":"first","9":"instock","10":"taxable","11":"shipping-taxable","12":"purchasable","13":"product-type-variable"},"_links":{"self":[{"href":"https:\/\/beacheden.com\/fr\/wp-json\/wp\/v2\/product\/10593","targetHints":{"allow":["GET"]}}],"collection":[{"href":"https:\/\/beacheden.com\/fr\/wp-json\/wp\/v2\/product"}],"about":[{"href":"https:\/\/beacheden.com\/fr\/wp-json\/wp\/v2\/types\/product"}],"replies":[{"embeddable":true,"href":"https:\/\/beacheden.com\/fr\/wp-json\/wp\/v2\/comments?post=10593"}],"wp:featuredmedia":[{"embeddable":true,"href":"https:\/\/beacheden.com\/fr\/wp-json\/wp\/v2\/media\/10583"}],"wp:attachment":[{"href":"https:\/\/beacheden.com\/fr\/wp-json\/wp\/v2\/media?parent=10593"}],"wp:term":[{"taxonomy":"product_brand","embeddable":true,"href":"https:\/\/beacheden.com\/fr\/wp-json\/wp\/v2\/product_brand?post=10593"},{"taxonomy":"product_cat","embeddable":true,"href":"https:\/\/beacheden.com\/fr\/wp-json\/wp\/v2\/product_cat?post=10593"},{"taxonomy":"product_tag","embeddable":true,"href":"https:\/\/beacheden.com\/fr\/wp-json\/wp\/v2\/product_tag?post=10593"}],"curies":[{"name":"wp","href":"https:\/\/api.w.org\/{rel}","templated":true}]}}